{"id":8,"date":"2017-01-20T22:46:46","date_gmt":"2017-01-20T21:46:46","guid":{"rendered":"http:\/\/www.ergosom.de\/volkmer\/?page_id=8"},"modified":"2022-04-03T01:20:05","modified_gmt":"2022-04-02T23:20:05","slug":"intro","status":"publish","type":"page","link":"https:\/\/www.ergosom.de\/volkmer\/","title":{"rendered":"Intro"},"content":{"rendered":"<p><strong><span style=\"color: #993300;\">Willkommen<\/span><\/strong><br>auf der Seite der Ergosoma-Naturheilpraxis von Monika Volkmer,<br>Heilpraktikerin f\u00fcr Ergosoma, Ayurveda und Hom\u00f6opathie.<\/p>\n<p><strong><span style=\"color: #993300;\">Wer w\u00fcnscht sich das nicht?<\/span><\/strong><br>In sich zu ruhen, im Einklang mit sich und der Welt.<br>Was wir eher als emotionale Verfassung verstehen hat ganz konkrete k\u00f6rperliche Entsprechungen. Denn im harmonischen Zusammenspiel der aktivierenden und entspannenden Anteile des Nervensystems finden wir diese innere Ruhe, in der wir in Kontakt sind mit unserem innersten, gesunden Kern.<\/p>\n<p><strong><span style=\"color: #993300;\">Mit Ergosoma<\/span><\/strong><br>k\u00f6nnen Sie bei mir diese innere Balance herstellen, um die Selbstregulationsmechanismen des K\u00f6rpers anzuregen und Ihre Gesundheit zu f\u00f6rdern &#8211; auf k\u00f6rperlicher, emotionaler und geistiger Ebene.<\/p>\n<p><strong><span style=\"color: #993300;\">Ergosoma &#8211; die Apotheke mit den H\u00e4nden<\/span><\/strong><br>Interview zu Ergosoma und<br><strong><span style=\"color: #993300;\">Das Herz von Ergosoma &#8211; Die Baummeditation<\/span><\/strong><br><a href=\"https:\/\/bjoerngoedde.de\/courses\/monika-volkmer-baummeditation-15min-kompaktkurs\/\">https:\/\/bjoerngoedde.de\/courses\/monika-volkmer-baummeditation-15min-kompaktkurs\/<\/a><\/p>\n\n\n<p><\/p>\n","protected":false},"excerpt":{"rendered":"<p>Willkommenauf der Seite der Ergosoma-Naturheilpraxis von Monika Volkmer,Heilpraktikerin f\u00fcr Ergosoma, Ayurveda und Hom\u00f6opathie. Wer w\u00fcnscht sich das nicht?In sich zu ruhen, im Einklang mit sich und der Welt.Was wir eher als emotionale Verfassung verstehen hat ganz konkrete k\u00f6rperliche Entsprechungen. Denn&hellip;<\/p>\n","protected":false},"author":2,"featured_media":0,"parent":0,"menu_order":0,"comment_status":"closed","ping_status":"closed","template":"","meta":{"ngg_post_thumbnail":0},"yoast_head":"<!-- This site is optimized with the Yoast SEO plugin v20.6 - https:\/\/yoast.com\/wordpress\/plugins\/seo\/ -->\n<title>Intro - Ergosoma-Praxis Monika Volkmer<\/title>\n<meta name=\"robots\" content=\"index, follow, max-snippet:-1, max-image-preview:large, max-video-preview:-1\" \/>\n<link rel=\"canonical\" href=\"https:\/\/www.ergosom.de\/volkmer\/\" \/>\n<meta property=\"og:locale\" content=\"de_DE\" \/>\n<meta property=\"og:type\" content=\"article\" \/>\n<meta property=\"og:title\" content=\"Intro - Ergosoma-Praxis Monika Volkmer\" \/>\n<meta property=\"og:description\" content=\"Willkommenauf der Seite der Ergosoma-Naturheilpraxis von Monika Volkmer,Heilpraktikerin f\u00fcr Ergosoma, Ayurveda und Hom\u00f6opathie. Wer w\u00fcnscht sich das nicht?In sich zu ruhen, im Einklang mit sich und der Welt.Was wir eher als emotionale Verfassung verstehen hat ganz konkrete k\u00f6rperliche Entsprechungen. Denn&hellip;\" \/>\n<meta property=\"og:url\" content=\"https:\/\/www.ergosom.de\/volkmer\/\" \/>\n<meta property=\"og:site_name\" content=\"Ergosoma-Praxis Monika Volkmer\" \/>\n<meta property=\"article:modified_time\" content=\"2022-04-02T23:20:05+00:00\" \/>\n<meta name=\"twitter:card\" content=\"summary_large_image\" \/>\n<meta name=\"twitter:label1\" content=\"Gesch\u00e4tzte Lesezeit\" \/>\n\t<meta name=\"twitter:data1\" content=\"1\u00a0Minute\" \/>\n<script type=\"application\/ld+json\" class=\"yoast-schema-graph\">{\"@context\":\"https:\/\/schema.org\",\"@graph\":[{\"@type\":\"WebPage\",\"@id\":\"https:\/\/www.ergosom.de\/volkmer\/\",\"url\":\"https:\/\/www.ergosom.de\/volkmer\/\",\"name\":\"Intro - Ergosoma-Praxis Monika Volkmer\",\"isPartOf\":{\"@id\":\"https:\/\/www.ergosom.de\/volkmer\/#website\"},\"datePublished\":\"2017-01-20T21:46:46+00:00\",\"dateModified\":\"2022-04-02T23:20:05+00:00\",\"breadcrumb\":{\"@id\":\"https:\/\/www.ergosom.de\/volkmer\/#breadcrumb\"},\"inLanguage\":\"de\",\"potentialAction\":[{\"@type\":\"ReadAction\",\"target\":[\"https:\/\/www.ergosom.de\/volkmer\/\"]}]},{\"@type\":\"BreadcrumbList\",\"@id\":\"https:\/\/www.ergosom.de\/volkmer\/#breadcrumb\",\"itemListElement\":[{\"@type\":\"ListItem\",\"position\":1,\"name\":\"Startseite\",\"item\":\"https:\/\/www.ergosom.de\/volkmer\/\"},{\"@type\":\"ListItem\",\"position\":2,\"name\":\"Intro\"}]},{\"@type\":\"WebSite\",\"@id\":\"https:\/\/www.ergosom.de\/volkmer\/#website\",\"url\":\"https:\/\/www.ergosom.de\/volkmer\/\",\"name\":\"Ergosoma-Praxis Monika Volkmer\",\"description\":\"GESUNDHEIT   HARMONIE   GL\u00dcCK\",\"publisher\":{\"@id\":\"https:\/\/www.ergosom.de\/volkmer\/#organization\"},\"potentialAction\":[{\"@type\":\"SearchAction\",\"target\":{\"@type\":\"EntryPoint\",\"urlTemplate\":\"https:\/\/www.ergosom.de\/volkmer\/?s={search_term_string}\"},\"query-input\":\"required name=search_term_string\"}],\"inLanguage\":\"de\"},{\"@type\":\"Organization\",\"@id\":\"https:\/\/www.ergosom.de\/volkmer\/#organization\",\"name\":\"Ergosoma-Praxis Monika Volkmer\",\"url\":\"https:\/\/www.ergosom.de\/volkmer\/\",\"logo\":{\"@type\":\"ImageObject\",\"inLanguage\":\"de\",\"@id\":\"https:\/\/www.ergosom.de\/volkmer\/#\/schema\/logo\/image\/\",\"url\":\"https:\/\/www.ergosom.de\/volkmer\/wp-content\/uploads\/sites\/2\/2017\/01\/logo-ergosoma.jpg\",\"contentUrl\":\"https:\/\/www.ergosom.de\/volkmer\/wp-content\/uploads\/sites\/2\/2017\/01\/logo-ergosoma.jpg\",\"width\":270,\"height\":170,\"caption\":\"Ergosoma-Praxis Monika Volkmer\"},\"image\":{\"@id\":\"https:\/\/www.ergosom.de\/volkmer\/#\/schema\/logo\/image\/\"}}]}<\/script>\n<!-- \/ Yoast SEO plugin. -->","yoast_head_json":{"title":"Intro - Ergosoma-Praxis Monika Volkmer","robots":{"index":"index","follow":"follow","max-snippet":"max-snippet:-1","max-image-preview":"max-image-preview:large","max-video-preview":"max-video-preview:-1"},"canonical":"https:\/\/www.ergosom.de\/volkmer\/","og_locale":"de_DE","og_type":"article","og_title":"Intro - Ergosoma-Praxis Monika Volkmer","og_description":"Willkommenauf der Seite der Ergosoma-Naturheilpraxis von Monika Volkmer,Heilpraktikerin f\u00fcr Ergosoma, Ayurveda und Hom\u00f6opathie. Wer w\u00fcnscht sich das nicht?In sich zu ruhen, im Einklang mit sich und der Welt.Was wir eher als emotionale Verfassung verstehen hat ganz konkrete k\u00f6rperliche Entsprechungen. Denn&hellip;","og_url":"https:\/\/www.ergosom.de\/volkmer\/","og_site_name":"Ergosoma-Praxis Monika Volkmer","article_modified_time":"2022-04-02T23:20:05+00:00","twitter_card":"summary_large_image","twitter_misc":{"Gesch\u00e4tzte Lesezeit":"1\u00a0Minute"},"schema":{"@context":"https:\/\/schema.org","@graph":[{"@type":"WebPage","@id":"https:\/\/www.ergosom.de\/volkmer\/","url":"https:\/\/www.ergosom.de\/volkmer\/","name":"Intro - Ergosoma-Praxis Monika Volkmer","isPartOf":{"@id":"https:\/\/www.ergosom.de\/volkmer\/#website"},"datePublished":"2017-01-20T21:46:46+00:00","dateModified":"2022-04-02T23:20:05+00:00","breadcrumb":{"@id":"https:\/\/www.ergosom.de\/volkmer\/#breadcrumb"},"inLanguage":"de","potentialAction":[{"@type":"ReadAction","target":["https:\/\/www.ergosom.de\/volkmer\/"]}]},{"@type":"BreadcrumbList","@id":"https:\/\/www.ergosom.de\/volkmer\/#breadcrumb","itemListElement":[{"@type":"ListItem","position":1,"name":"Startseite","item":"https:\/\/www.ergosom.de\/volkmer\/"},{"@type":"ListItem","position":2,"name":"Intro"}]},{"@type":"WebSite","@id":"https:\/\/www.ergosom.de\/volkmer\/#website","url":"https:\/\/www.ergosom.de\/volkmer\/","name":"Ergosoma-Praxis Monika Volkmer","description":"GESUNDHEIT   HARMONIE   GL\u00dcCK","publisher":{"@id":"https:\/\/www.ergosom.de\/volkmer\/#organization"},"potentialAction":[{"@type":"SearchAction","target":{"@type":"EntryPoint","urlTemplate":"https:\/\/www.ergosom.de\/volkmer\/?s={search_term_string}"},"query-input":"required name=search_term_string"}],"inLanguage":"de"},{"@type":"Organization","@id":"https:\/\/www.ergosom.de\/volkmer\/#organization","name":"Ergosoma-Praxis Monika Volkmer","url":"https:\/\/www.ergosom.de\/volkmer\/","logo":{"@type":"ImageObject","inLanguage":"de","@id":"https:\/\/www.ergosom.de\/volkmer\/#\/schema\/logo\/image\/","url":"https:\/\/www.ergosom.de\/volkmer\/wp-content\/uploads\/sites\/2\/2017\/01\/logo-ergosoma.jpg","contentUrl":"https:\/\/www.ergosom.de\/volkmer\/wp-content\/uploads\/sites\/2\/2017\/01\/logo-ergosoma.jpg","width":270,"height":170,"caption":"Ergosoma-Praxis Monika Volkmer"},"image":{"@id":"https:\/\/www.ergosom.de\/volkmer\/#\/schema\/logo\/image\/"}}]}},"_links":{"self":[{"href":"https:\/\/www.ergosom.de\/volkmer\/wp-json\/wp\/v2\/pages\/8"}],"collection":[{"href":"https:\/\/www.ergosom.de\/volkmer\/wp-json\/wp\/v2\/pages"}],"about":[{"href":"https:\/\/www.ergosom.de\/volkmer\/wp-json\/wp\/v2\/types\/page"}],"author":[{"embeddable":true,"href":"https:\/\/www.ergosom.de\/volkmer\/wp-json\/wp\/v2\/users\/2"}],"replies":[{"embeddable":true,"href":"https:\/\/www.ergosom.de\/volkmer\/wp-json\/wp\/v2\/comments?post=8"}],"version-history":[{"count":8,"href":"https:\/\/www.ergosom.de\/volkmer\/wp-json\/wp\/v2\/pages\/8\/revisions"}],"predecessor-version":[{"id":689,"href":"https:\/\/www.ergosom.de\/volkmer\/wp-json\/wp\/v2\/pages\/8\/revisions\/689"}],"wp:attachment":[{"href":"https:\/\/www.ergosom.de\/volkmer\/wp-json\/wp\/v2\/media?parent=8"}],"curies":[{"name":"wp","href":"https:\/\/api.w.org\/{rel}","templated":true}]}}