{"id":583,"date":"2020-07-08T11:45:45","date_gmt":"2020-07-08T09:45:45","guid":{"rendered":"https:\/\/www.ergosom.de\/volkmer\/?page_id=583"},"modified":"2022-12-28T02:33:16","modified_gmt":"2022-12-28T01:33:16","slug":"online-seminare","status":"publish","type":"page","link":"https:\/\/www.ergosom.de\/volkmer\/online-seminare\/","title":{"rendered":"Online-Seminare"},"content":{"rendered":"<p>Die Online-Seminare laufen \u00fcber &#8222;Zoom&#8220;.<br \/>\nDie entsprechende <a href=\"https:\/\/zoom.us\/download\">Software<\/a> kann auf PC, Handy oder Pad installiert werden.<br \/>\nWer das nicht m\u00f6chte, nutzt die Browser-Erweiterung &#8222;Zoom Redirector&#8220; f\u00fcr <a href=\"https:\/\/www.chip.de\/downloads\/Zoom-Redirector-fuer-Google-Chrome_182570478.html\">Google Chrome<\/a>&nbsp;oder&nbsp;<a href=\"https:\/\/www.chip.de\/downloads\/Zoom-Redirector-fuer-Google-Chrome_182570769.html\">Firefox<\/a>.&nbsp;<br \/>\nKurz vor Seminarbeginn wird der Teilnahmelink versendet.<\/p>\n<p>Bei Fragen zur Technik bitte wenden an Gringo<br \/>\n<a href=\"mailto:grigo@ergosom.de\">grigo@ergosom.de<\/a><\/p>\n","protected":false},"excerpt":{"rendered":"<p>Die Online-Seminare laufen \u00fcber &#8222;Zoom&#8220;. Die entsprechende Software kann auf PC, Handy oder Pad installiert werden. Wer das nicht m\u00f6chte, nutzt die Browser-Erweiterung &#8222;Zoom Redirector&#8220; f\u00fcr Google Chrome&nbsp;oder&nbsp;Firefox.&nbsp; Kurz vor Seminarbeginn wird der Teilnahmelink versendet. Bei Fragen zur Technik bitte&hellip;<\/p>\n","protected":false},"author":2,"featured_media":0,"parent":0,"menu_order":0,"comment_status":"closed","ping_status":"closed","template":"","meta":{"ngg_post_thumbnail":0},"yoast_head":"<!-- This site is optimized with the Yoast SEO plugin v20.6 - https:\/\/yoast.com\/wordpress\/plugins\/seo\/ -->\n<title>Online-Seminare - Ergosoma-Praxis Monika Volkmer<\/title>\n<meta name=\"robots\" content=\"index, follow, max-snippet:-1, max-image-preview:large, max-video-preview:-1\" \/>\n<link rel=\"canonical\" href=\"https:\/\/www.ergosom.de\/volkmer\/online-seminare\/\" \/>\n<meta property=\"og:locale\" content=\"de_DE\" \/>\n<meta property=\"og:type\" content=\"article\" \/>\n<meta property=\"og:title\" content=\"Online-Seminare - Ergosoma-Praxis Monika Volkmer\" \/>\n<meta property=\"og:description\" content=\"Die Online-Seminare laufen \u00fcber &#8222;Zoom&#8220;. Die entsprechende Software kann auf PC, Handy oder Pad installiert werden. Wer das nicht m\u00f6chte, nutzt die Browser-Erweiterung &#8222;Zoom Redirector&#8220; f\u00fcr Google Chrome&nbsp;oder&nbsp;Firefox.&nbsp; Kurz vor Seminarbeginn wird der Teilnahmelink versendet. Bei Fragen zur Technik bitte&hellip;\" \/>\n<meta property=\"og:url\" content=\"https:\/\/www.ergosom.de\/volkmer\/online-seminare\/\" \/>\n<meta property=\"og:site_name\" content=\"Ergosoma-Praxis Monika Volkmer\" \/>\n<meta property=\"article:modified_time\" content=\"2022-12-28T01:33:16+00:00\" \/>\n<meta name=\"twitter:card\" content=\"summary_large_image\" \/>\n<meta name=\"twitter:label1\" content=\"Gesch\u00e4tzte Lesezeit\" \/>\n\t<meta name=\"twitter:data1\" content=\"1\u00a0Minute\" \/>\n<script type=\"application\/ld+json\" class=\"yoast-schema-graph\">{\"@context\":\"https:\/\/schema.org\",\"@graph\":[{\"@type\":\"WebPage\",\"@id\":\"https:\/\/www.ergosom.de\/volkmer\/online-seminare\/\",\"url\":\"https:\/\/www.ergosom.de\/volkmer\/online-seminare\/\",\"name\":\"Online-Seminare - Ergosoma-Praxis Monika Volkmer\",\"isPartOf\":{\"@id\":\"https:\/\/www.ergosom.de\/volkmer\/#website\"},\"datePublished\":\"2020-07-08T09:45:45+00:00\",\"dateModified\":\"2022-12-28T01:33:16+00:00\",\"breadcrumb\":{\"@id\":\"https:\/\/www.ergosom.de\/volkmer\/online-seminare\/#breadcrumb\"},\"inLanguage\":\"de\",\"potentialAction\":[{\"@type\":\"ReadAction\",\"target\":[\"https:\/\/www.ergosom.de\/volkmer\/online-seminare\/\"]}]},{\"@type\":\"BreadcrumbList\",\"@id\":\"https:\/\/www.ergosom.de\/volkmer\/online-seminare\/#breadcrumb\",\"itemListElement\":[{\"@type\":\"ListItem\",\"position\":1,\"name\":\"Startseite\",\"item\":\"https:\/\/www.ergosom.de\/volkmer\/\"},{\"@type\":\"ListItem\",\"position\":2,\"name\":\"Online-Seminare\"}]},{\"@type\":\"WebSite\",\"@id\":\"https:\/\/www.ergosom.de\/volkmer\/#website\",\"url\":\"https:\/\/www.ergosom.de\/volkmer\/\",\"name\":\"Ergosoma-Praxis Monika Volkmer\",\"description\":\"GESUNDHEIT   HARMONIE   GL\u00dcCK\",\"publisher\":{\"@id\":\"https:\/\/www.ergosom.de\/volkmer\/#organization\"},\"potentialAction\":[{\"@type\":\"SearchAction\",\"target\":{\"@type\":\"EntryPoint\",\"urlTemplate\":\"https:\/\/www.ergosom.de\/volkmer\/?s={search_term_string}\"},\"query-input\":\"required name=search_term_string\"}],\"inLanguage\":\"de\"},{\"@type\":\"Organization\",\"@id\":\"https:\/\/www.ergosom.de\/volkmer\/#organization\",\"name\":\"Ergosoma-Praxis Monika Volkmer\",\"url\":\"https:\/\/www.ergosom.de\/volkmer\/\",\"logo\":{\"@type\":\"ImageObject\",\"inLanguage\":\"de\",\"@id\":\"https:\/\/www.ergosom.de\/volkmer\/#\/schema\/logo\/image\/\",\"url\":\"https:\/\/www.ergosom.de\/volkmer\/wp-content\/uploads\/sites\/2\/2017\/01\/logo-ergosoma.jpg\",\"contentUrl\":\"https:\/\/www.ergosom.de\/volkmer\/wp-content\/uploads\/sites\/2\/2017\/01\/logo-ergosoma.jpg\",\"width\":270,\"height\":170,\"caption\":\"Ergosoma-Praxis Monika Volkmer\"},\"image\":{\"@id\":\"https:\/\/www.ergosom.de\/volkmer\/#\/schema\/logo\/image\/\"}}]}<\/script>\n<!-- \/ Yoast SEO plugin. -->","yoast_head_json":{"title":"Online-Seminare - Ergosoma-Praxis Monika Volkmer","robots":{"index":"index","follow":"follow","max-snippet":"max-snippet:-1","max-image-preview":"max-image-preview:large","max-video-preview":"max-video-preview:-1"},"canonical":"https:\/\/www.ergosom.de\/volkmer\/online-seminare\/","og_locale":"de_DE","og_type":"article","og_title":"Online-Seminare - Ergosoma-Praxis Monika Volkmer","og_description":"Die Online-Seminare laufen \u00fcber &#8222;Zoom&#8220;. Die entsprechende Software kann auf PC, Handy oder Pad installiert werden. Wer das nicht m\u00f6chte, nutzt die Browser-Erweiterung &#8222;Zoom Redirector&#8220; f\u00fcr Google Chrome&nbsp;oder&nbsp;Firefox.&nbsp; Kurz vor Seminarbeginn wird der Teilnahmelink versendet. Bei Fragen zur Technik bitte&hellip;","og_url":"https:\/\/www.ergosom.de\/volkmer\/online-seminare\/","og_site_name":"Ergosoma-Praxis Monika Volkmer","article_modified_time":"2022-12-28T01:33:16+00:00","twitter_card":"summary_large_image","twitter_misc":{"Gesch\u00e4tzte Lesezeit":"1\u00a0Minute"},"schema":{"@context":"https:\/\/schema.org","@graph":[{"@type":"WebPage","@id":"https:\/\/www.ergosom.de\/volkmer\/online-seminare\/","url":"https:\/\/www.ergosom.de\/volkmer\/online-seminare\/","name":"Online-Seminare - Ergosoma-Praxis Monika Volkmer","isPartOf":{"@id":"https:\/\/www.ergosom.de\/volkmer\/#website"},"datePublished":"2020-07-08T09:45:45+00:00","dateModified":"2022-12-28T01:33:16+00:00","breadcrumb":{"@id":"https:\/\/www.ergosom.de\/volkmer\/online-seminare\/#breadcrumb"},"inLanguage":"de","potentialAction":[{"@type":"ReadAction","target":["https:\/\/www.ergosom.de\/volkmer\/online-seminare\/"]}]},{"@type":"BreadcrumbList","@id":"https:\/\/www.ergosom.de\/volkmer\/online-seminare\/#breadcrumb","itemListElement":[{"@type":"ListItem","position":1,"name":"Startseite","item":"https:\/\/www.ergosom.de\/volkmer\/"},{"@type":"ListItem","position":2,"name":"Online-Seminare"}]},{"@type":"WebSite","@id":"https:\/\/www.ergosom.de\/volkmer\/#website","url":"https:\/\/www.ergosom.de\/volkmer\/","name":"Ergosoma-Praxis Monika Volkmer","description":"GESUNDHEIT   HARMONIE   GL\u00dcCK","publisher":{"@id":"https:\/\/www.ergosom.de\/volkmer\/#organization"},"potentialAction":[{"@type":"SearchAction","target":{"@type":"EntryPoint","urlTemplate":"https:\/\/www.ergosom.de\/volkmer\/?s={search_term_string}"},"query-input":"required name=search_term_string"}],"inLanguage":"de"},{"@type":"Organization","@id":"https:\/\/www.ergosom.de\/volkmer\/#organization","name":"Ergosoma-Praxis Monika Volkmer","url":"https:\/\/www.ergosom.de\/volkmer\/","logo":{"@type":"ImageObject","inLanguage":"de","@id":"https:\/\/www.ergosom.de\/volkmer\/#\/schema\/logo\/image\/","url":"https:\/\/www.ergosom.de\/volkmer\/wp-content\/uploads\/sites\/2\/2017\/01\/logo-ergosoma.jpg","contentUrl":"https:\/\/www.ergosom.de\/volkmer\/wp-content\/uploads\/sites\/2\/2017\/01\/logo-ergosoma.jpg","width":270,"height":170,"caption":"Ergosoma-Praxis Monika Volkmer"},"image":{"@id":"https:\/\/www.ergosom.de\/volkmer\/#\/schema\/logo\/image\/"}}]}},"_links":{"self":[{"href":"https:\/\/www.ergosom.de\/volkmer\/wp-json\/wp\/v2\/pages\/583"}],"collection":[{"href":"https:\/\/www.ergosom.de\/volkmer\/wp-json\/wp\/v2\/pages"}],"about":[{"href":"https:\/\/www.ergosom.de\/volkmer\/wp-json\/wp\/v2\/types\/page"}],"author":[{"embeddable":true,"href":"https:\/\/www.ergosom.de\/volkmer\/wp-json\/wp\/v2\/users\/2"}],"replies":[{"embeddable":true,"href":"https:\/\/www.ergosom.de\/volkmer\/wp-json\/wp\/v2\/comments?post=583"}],"version-history":[{"count":2,"href":"https:\/\/www.ergosom.de\/volkmer\/wp-json\/wp\/v2\/pages\/583\/revisions"}],"predecessor-version":[{"id":757,"href":"https:\/\/www.ergosom.de\/volkmer\/wp-json\/wp\/v2\/pages\/583\/revisions\/757"}],"wp:attachment":[{"href":"https:\/\/www.ergosom.de\/volkmer\/wp-json\/wp\/v2\/media?parent=583"}],"curies":[{"name":"wp","href":"https:\/\/api.w.org\/{rel}","templated":true}]}}