{"id":527,"date":"2020-04-19T01:31:11","date_gmt":"2020-04-18T23:31:11","guid":{"rendered":"https:\/\/www.ergosom.de\/volkmer\/?page_id=527"},"modified":"2020-06-26T00:57:24","modified_gmt":"2020-06-25T22:57:24","slug":"webinar-ergosoma-vertiefung","status":"publish","type":"page","link":"https:\/\/www.ergosom.de\/volkmer\/webinar-ergosoma-vertiefung\/","title":{"rendered":"Online-Seminar Ergosoma Vertiefung"},"content":{"rendered":"<p>Das <strong>Ergosoma Vertiefungsseminar <\/strong>am 3.Mai findet online statt.<\/p>\n<p><strong><img decoding=\"async\" loading=\"lazy\" class=\"alignright size-full wp-image-529\" src=\"https:\/\/www.ergosom.de\/volkmer\/wp-content\/uploads\/sites\/2\/2020\/04\/rainbow1.jpg\" alt=\"\" width=\"240\" height=\"205\">Tagesablauf<\/strong><\/p>\n<p>10 &#8211; 12.30 Lebensbaum, Theorie Lebenslinien, \u00dcbungen zu Lebenslinien<\/p>\n<p>15 &#8211; 17.00 Grundlagen Fernbehandlung, praktische \u00dcbungen<\/p>\n<p>Die Seminargeb\u00fchr von 130\u20ac ist an den Ergosom e.V. zu entrichten<\/p>\n<p>Anmeldung bitte per Email an<br \/>\n<a href=\"mailto:Monika.volkmer.ergosoma@gmail.com\">mo<\/a><a href=\"mailto:Monika.volkmer.ergosoma@gmail.com\">nika.volkmer.ergosoma@gmail.com<\/a><\/p>\n<p>Das Online-Seminar l\u00e4uft \u00fcber &#8222;Zoom Cloud Meeting&#8220;. Die entsprechende <a href=\"https:\/\/zoom.us\/download\">Software<\/a> kann auf PC, Handy oder Pad installiert werden. Wer das nicht m\u00f6chte, nutzt die Browser-Erweiterung &#8222;Zoom Redirector&#8220; f\u00fcr <a href=\"https:\/\/www.chip.de\/downloads\/Zoom-Redirector-fuer-Google-Chrome_182570478.html\">Google Chrome<\/a>&nbsp;oder&nbsp;<a href=\"https:\/\/www.chip.de\/downloads\/Zoom-Redirector-fuer-Google-Chrome_182570769.html\">Firefox<\/a>.&nbsp; Vor Seminarbeginn wird der Teilnahmelink versendet.<\/p>\n<p>Bei Fragen zur Technik bitte wenden an Gringo<br \/>\n<a href=\"mailto:grigo@ergosom.de\">grigo@ergosom.de<\/a><\/p>\n","protected":false},"excerpt":{"rendered":"<p>Das Ergosoma Vertiefungsseminar am 3.Mai findet online statt. Tagesablauf 10 &#8211; 12.30 Lebensbaum, Theorie Lebenslinien, \u00dcbungen zu Lebenslinien 15 &#8211; 17.00 Grundlagen Fernbehandlung, praktische \u00dcbungen Die Seminargeb\u00fchr von 130\u20ac ist an den Ergosom e.V. zu entrichten Anmeldung bitte per Email&hellip;<\/p>\n","protected":false},"author":2,"featured_media":537,"parent":0,"menu_order":0,"comment_status":"closed","ping_status":"closed","template":"","meta":{"ngg_post_thumbnail":0},"yoast_head":"<!-- This site is optimized with the Yoast SEO plugin v20.6 - https:\/\/yoast.com\/wordpress\/plugins\/seo\/ -->\n<title>Online-Seminar Ergosoma Vertiefung - Ergosoma-Praxis Monika Volkmer<\/title>\n<meta name=\"description\" content=\"Ergosoma Vertiefung Monika Volkmer 03.05.2020\" \/>\n<meta name=\"robots\" content=\"index, follow, max-snippet:-1, max-image-preview:large, max-video-preview:-1\" \/>\n<link rel=\"canonical\" href=\"https:\/\/www.ergosom.de\/volkmer\/webinar-ergosoma-vertiefung\/\" \/>\n<meta property=\"og:locale\" content=\"de_DE\" \/>\n<meta property=\"og:type\" content=\"article\" \/>\n<meta property=\"og:title\" content=\"Online-Seminar Ergosoma Vertiefung - Ergosoma-Praxis Monika Volkmer\" \/>\n<meta property=\"og:description\" content=\"Ergosoma Vertiefung Monika Volkmer 03.05.2020\" \/>\n<meta property=\"og:url\" content=\"https:\/\/www.ergosom.de\/volkmer\/webinar-ergosoma-vertiefung\/\" \/>\n<meta property=\"og:site_name\" content=\"Ergosoma-Praxis Monika Volkmer\" \/>\n<meta property=\"article:modified_time\" content=\"2020-06-25T22:57:24+00:00\" \/>\n<meta property=\"og:image\" content=\"https:\/\/www.ergosom.de\/volkmer\/wp-content\/uploads\/sites\/2\/2020\/04\/rainbow2.jpg\" \/>\n\t<meta property=\"og:image:width\" content=\"240\" \/>\n\t<meta property=\"og:image:height\" content=\"49\" \/>\n\t<meta property=\"og:image:type\" content=\"image\/jpeg\" \/>\n<meta name=\"twitter:card\" content=\"summary_large_image\" \/>\n<script type=\"application\/ld+json\" class=\"yoast-schema-graph\">{\"@context\":\"https:\/\/schema.org\",\"@graph\":[{\"@type\":\"WebPage\",\"@id\":\"https:\/\/www.ergosom.de\/volkmer\/webinar-ergosoma-vertiefung\/\",\"url\":\"https:\/\/www.ergosom.de\/volkmer\/webinar-ergosoma-vertiefung\/\",\"name\":\"Online-Seminar Ergosoma Vertiefung - Ergosoma-Praxis Monika Volkmer\",\"isPartOf\":{\"@id\":\"https:\/\/www.ergosom.de\/volkmer\/#website\"},\"datePublished\":\"2020-04-18T23:31:11+00:00\",\"dateModified\":\"2020-06-25T22:57:24+00:00\",\"description\":\"Ergosoma Vertiefung Monika Volkmer 03.05.2020\",\"breadcrumb\":{\"@id\":\"https:\/\/www.ergosom.de\/volkmer\/webinar-ergosoma-vertiefung\/#breadcrumb\"},\"inLanguage\":\"de\",\"potentialAction\":[{\"@type\":\"ReadAction\",\"target\":[\"https:\/\/www.ergosom.de\/volkmer\/webinar-ergosoma-vertiefung\/\"]}]},{\"@type\":\"BreadcrumbList\",\"@id\":\"https:\/\/www.ergosom.de\/volkmer\/webinar-ergosoma-vertiefung\/#breadcrumb\",\"itemListElement\":[{\"@type\":\"ListItem\",\"position\":1,\"name\":\"Startseite\",\"item\":\"https:\/\/www.ergosom.de\/volkmer\/\"},{\"@type\":\"ListItem\",\"position\":2,\"name\":\"Online-Seminar Ergosoma Vertiefung\"}]},{\"@type\":\"WebSite\",\"@id\":\"https:\/\/www.ergosom.de\/volkmer\/#website\",\"url\":\"https:\/\/www.ergosom.de\/volkmer\/\",\"name\":\"Ergosoma-Praxis Monika Volkmer\",\"description\":\"GESUNDHEIT   HARMONIE   GL\u00dcCK\",\"publisher\":{\"@id\":\"https:\/\/www.ergosom.de\/volkmer\/#organization\"},\"potentialAction\":[{\"@type\":\"SearchAction\",\"target\":{\"@type\":\"EntryPoint\",\"urlTemplate\":\"https:\/\/www.ergosom.de\/volkmer\/?s={search_term_string}\"},\"query-input\":\"required name=search_term_string\"}],\"inLanguage\":\"de\"},{\"@type\":\"Organization\",\"@id\":\"https:\/\/www.ergosom.de\/volkmer\/#organization\",\"name\":\"Ergosoma-Praxis Monika Volkmer\",\"url\":\"https:\/\/www.ergosom.de\/volkmer\/\",\"logo\":{\"@type\":\"ImageObject\",\"inLanguage\":\"de\",\"@id\":\"https:\/\/www.ergosom.de\/volkmer\/#\/schema\/logo\/image\/\",\"url\":\"https:\/\/www.ergosom.de\/volkmer\/wp-content\/uploads\/sites\/2\/2017\/01\/logo-ergosoma.jpg\",\"contentUrl\":\"https:\/\/www.ergosom.de\/volkmer\/wp-content\/uploads\/sites\/2\/2017\/01\/logo-ergosoma.jpg\",\"width\":270,\"height\":170,\"caption\":\"Ergosoma-Praxis Monika Volkmer\"},\"image\":{\"@id\":\"https:\/\/www.ergosom.de\/volkmer\/#\/schema\/logo\/image\/\"}}]}<\/script>\n<!-- \/ Yoast SEO plugin. -->","yoast_head_json":{"title":"Online-Seminar Ergosoma Vertiefung - Ergosoma-Praxis Monika Volkmer","description":"Ergosoma Vertiefung Monika Volkmer 03.05.2020","robots":{"index":"index","follow":"follow","max-snippet":"max-snippet:-1","max-image-preview":"max-image-preview:large","max-video-preview":"max-video-preview:-1"},"canonical":"https:\/\/www.ergosom.de\/volkmer\/webinar-ergosoma-vertiefung\/","og_locale":"de_DE","og_type":"article","og_title":"Online-Seminar Ergosoma Vertiefung - Ergosoma-Praxis Monika Volkmer","og_description":"Ergosoma Vertiefung Monika Volkmer 03.05.2020","og_url":"https:\/\/www.ergosom.de\/volkmer\/webinar-ergosoma-vertiefung\/","og_site_name":"Ergosoma-Praxis Monika Volkmer","article_modified_time":"2020-06-25T22:57:24+00:00","og_image":[{"width":240,"height":49,"url":"https:\/\/www.ergosom.de\/volkmer\/wp-content\/uploads\/sites\/2\/2020\/04\/rainbow2.jpg","type":"image\/jpeg"}],"twitter_card":"summary_large_image","schema":{"@context":"https:\/\/schema.org","@graph":[{"@type":"WebPage","@id":"https:\/\/www.ergosom.de\/volkmer\/webinar-ergosoma-vertiefung\/","url":"https:\/\/www.ergosom.de\/volkmer\/webinar-ergosoma-vertiefung\/","name":"Online-Seminar Ergosoma Vertiefung - Ergosoma-Praxis Monika Volkmer","isPartOf":{"@id":"https:\/\/www.ergosom.de\/volkmer\/#website"},"datePublished":"2020-04-18T23:31:11+00:00","dateModified":"2020-06-25T22:57:24+00:00","description":"Ergosoma Vertiefung Monika Volkmer 03.05.2020","breadcrumb":{"@id":"https:\/\/www.ergosom.de\/volkmer\/webinar-ergosoma-vertiefung\/#breadcrumb"},"inLanguage":"de","potentialAction":[{"@type":"ReadAction","target":["https:\/\/www.ergosom.de\/volkmer\/webinar-ergosoma-vertiefung\/"]}]},{"@type":"BreadcrumbList","@id":"https:\/\/www.ergosom.de\/volkmer\/webinar-ergosoma-vertiefung\/#breadcrumb","itemListElement":[{"@type":"ListItem","position":1,"name":"Startseite","item":"https:\/\/www.ergosom.de\/volkmer\/"},{"@type":"ListItem","position":2,"name":"Online-Seminar Ergosoma Vertiefung"}]},{"@type":"WebSite","@id":"https:\/\/www.ergosom.de\/volkmer\/#website","url":"https:\/\/www.ergosom.de\/volkmer\/","name":"Ergosoma-Praxis Monika Volkmer","description":"GESUNDHEIT   HARMONIE   GL\u00dcCK","publisher":{"@id":"https:\/\/www.ergosom.de\/volkmer\/#organization"},"potentialAction":[{"@type":"SearchAction","target":{"@type":"EntryPoint","urlTemplate":"https:\/\/www.ergosom.de\/volkmer\/?s={search_term_string}"},"query-input":"required name=search_term_string"}],"inLanguage":"de"},{"@type":"Organization","@id":"https:\/\/www.ergosom.de\/volkmer\/#organization","name":"Ergosoma-Praxis Monika Volkmer","url":"https:\/\/www.ergosom.de\/volkmer\/","logo":{"@type":"ImageObject","inLanguage":"de","@id":"https:\/\/www.ergosom.de\/volkmer\/#\/schema\/logo\/image\/","url":"https:\/\/www.ergosom.de\/volkmer\/wp-content\/uploads\/sites\/2\/2017\/01\/logo-ergosoma.jpg","contentUrl":"https:\/\/www.ergosom.de\/volkmer\/wp-content\/uploads\/sites\/2\/2017\/01\/logo-ergosoma.jpg","width":270,"height":170,"caption":"Ergosoma-Praxis Monika Volkmer"},"image":{"@id":"https:\/\/www.ergosom.de\/volkmer\/#\/schema\/logo\/image\/"}}]}},"_links":{"self":[{"href":"https:\/\/www.ergosom.de\/volkmer\/wp-json\/wp\/v2\/pages\/527"}],"collection":[{"href":"https:\/\/www.ergosom.de\/volkmer\/wp-json\/wp\/v2\/pages"}],"about":[{"href":"https:\/\/www.ergosom.de\/volkmer\/wp-json\/wp\/v2\/types\/page"}],"author":[{"embeddable":true,"href":"https:\/\/www.ergosom.de\/volkmer\/wp-json\/wp\/v2\/users\/2"}],"replies":[{"embeddable":true,"href":"https:\/\/www.ergosom.de\/volkmer\/wp-json\/wp\/v2\/comments?post=527"}],"version-history":[{"count":6,"href":"https:\/\/www.ergosom.de\/volkmer\/wp-json\/wp\/v2\/pages\/527\/revisions"}],"predecessor-version":[{"id":576,"href":"https:\/\/www.ergosom.de\/volkmer\/wp-json\/wp\/v2\/pages\/527\/revisions\/576"}],"wp:featuredmedia":[{"embeddable":true,"href":"https:\/\/www.ergosom.de\/volkmer\/wp-json\/wp\/v2\/media\/537"}],"wp:attachment":[{"href":"https:\/\/www.ergosom.de\/volkmer\/wp-json\/wp\/v2\/media?parent=527"}],"curies":[{"name":"wp","href":"https:\/\/api.w.org\/{rel}","templated":true}]}}