{"id":365,"date":"2018-01-12T17:59:36","date_gmt":"2018-01-12T16:59:36","guid":{"rendered":"http:\/\/www.ergosom.de\/volkmer\/?page_id=365"},"modified":"2019-12-16T23:42:51","modified_gmt":"2019-12-16T22:42:51","slug":"ferienseminare","status":"publish","type":"page","link":"https:\/\/www.ergosom.de\/volkmer\/termine\/ferienseminare\/","title":{"rendered":"Ferienseminare"},"content":{"rendered":"<p>Jedes Jahr biete ich Intensiv-Seminare an verschiedenen kraftvollen Orten an. Im Juli finden die traditionellen Ferienseminare in Montegrotto und Assisi in Italien statt.<\/p>\n<p>Im heilsamen <a href=\"http:\/\/www.termepreistoriche.it\/de\/gesundheit-wellness\/woher-kommt-unser-thermalwasser\/\">Thermalwasser von Montegrotto<\/a> entspannen und regenerieren wir mit Ergosoma-Behandlungen. Nach der Reinigung und Erneuerung in Montegrotto fahren wir weiter nach Assisi. Innere Einkehr und Meditationen an wundervollen Orten bringen uns zu unseren inneren Quellen von Gesundheit und Gl\u00fcck. Dabei folgen wir den Spuren des Heiligen Franziskus.<\/p>\n<h4>Wochen-Programm Montegrotto:<\/h4>\n<ul>\n<li>7 Uhr&nbsp;&nbsp;&nbsp;&nbsp;&nbsp; Morgen\u00fcbungen am <a href=\"http:\/\/www.termepreistoriche.it\/de\/servizi\/schwimmbader-preistoriche\/\">Pool<\/a><\/li>\n<li>10 Uhr &nbsp;&nbsp; Ergosoma im Thermalwasser<\/li>\n<li>Abendmeditation, Uhrzeit nach Absprache<\/li>\n<\/ul>\n<p>Die Zeit nach dem Mittagessen steht zur freien Verf\u00fcgung. Es gibt zahlreiche Ausflugsm\u00f6glichkeiten nach Padua oder in die n\u00e4here Umgebung (Eugan\u00e4ische H\u00fcgel, <a href=\"https:\/\/de.wikipedia.org\/wiki\/Monte_della_Madonna\">Monte della Madonna<\/a>, <a href=\"http:\/\/www.praglia.it\/wordpress\/?lang=de\">Praglia<\/a> u.a.). Auf Wunsch sind Einzelbehandlungen oder pers\u00f6nliche Gespr\u00e4che m\u00f6glich.<\/p>\n<h4>Wochen-Programm Assisi:<\/h4>\n<ul>\n<li>t\u00e4gliche Meditationen in und ausserhalb Assisis an den wunderbaren Pl\u00e4tzen des Wirkens von <a href=\"https:\/\/de.wikipedia.org\/wiki\/Franz_von_Assisi\">Franz von Assisi.<\/a><\/li>\n<li>Tagesfahrt nach <a href=\"https:\/\/franziskaner.net\/la-verna\/\">La Verna<\/a><\/li>\n<li>gemeinsame Abendmeditaionen<\/li>\n<\/ul>\n<p>Je nach Interesse und Nachfrage biete ich zus\u00e4tzlich Ferienseminare in Lourdes, Loreto, Israel, Kreta und Sizilien an. Bitte beachten Sie meine Ank\u00fcndigungen auf der Website. Gerne k\u00f6nnen Sie sich zu meinem <a href=\"mailto: monika.volkmer.ergosoma@gmail.com\"> Newsletter<\/a> eintragen.<\/p>\n<h4>Video-Tipp:<\/h4>\n<p>Aus der Reihe &#8222;Sch\u00e4tze der Welt&#8220;: Assisi, Italien Die Landschaft des Heiligen<br \/>\n<a href=\"https:\/\/www.3sat.de\/kultur\/schaetze-der-welt\/assisi-italien-die-landschaft-des-heiligen-film-von-andreas-christoph-schmidt-100.html\">https:\/\/www.3sat.de\/kultur\/schaetze-der-welt\/assisi-italien-die-landschaft-des-heiligen-film-von-andreas-christoph-schmidt-100.html<\/a><\/p>\n","protected":false},"excerpt":{"rendered":"<p>Jedes Jahr biete ich Intensiv-Seminare an verschiedenen kraftvollen Orten an. Im Juli finden die traditionellen Ferienseminare in Montegrotto und Assisi in Italien statt. Im heilsamen Thermalwasser von Montegrotto entspannen und regenerieren wir mit Ergosoma-Behandlungen. Nach der Reinigung und Erneuerung in&hellip;<\/p>\n","protected":false},"author":2,"featured_media":0,"parent":68,"menu_order":0,"comment_status":"closed","ping_status":"closed","template":"","meta":{"ngg_post_thumbnail":0},"yoast_head":"<!-- This site is optimized with the Yoast SEO plugin v20.6 - https:\/\/yoast.com\/wordpress\/plugins\/seo\/ -->\n<title>Ferienseminare - Ergosoma-Praxis Monika Volkmer<\/title>\n<meta name=\"robots\" content=\"index, follow, max-snippet:-1, max-image-preview:large, max-video-preview:-1\" \/>\n<link rel=\"canonical\" href=\"https:\/\/www.ergosom.de\/volkmer\/termine\/ferienseminare\/\" \/>\n<meta property=\"og:locale\" content=\"de_DE\" \/>\n<meta property=\"og:type\" content=\"article\" \/>\n<meta property=\"og:title\" content=\"Ferienseminare - Ergosoma-Praxis Monika Volkmer\" \/>\n<meta property=\"og:description\" content=\"Jedes Jahr biete ich Intensiv-Seminare an verschiedenen kraftvollen Orten an. Im Juli finden die traditionellen Ferienseminare in Montegrotto und Assisi in Italien statt. Im heilsamen Thermalwasser von Montegrotto entspannen und regenerieren wir mit Ergosoma-Behandlungen. Nach der Reinigung und Erneuerung in&hellip;\" \/>\n<meta property=\"og:url\" content=\"https:\/\/www.ergosom.de\/volkmer\/termine\/ferienseminare\/\" \/>\n<meta property=\"og:site_name\" content=\"Ergosoma-Praxis Monika Volkmer\" \/>\n<meta property=\"article:modified_time\" content=\"2019-12-16T22:42:51+00:00\" \/>\n<meta name=\"twitter:card\" content=\"summary_large_image\" \/>\n<meta name=\"twitter:label1\" content=\"Gesch\u00e4tzte Lesezeit\" \/>\n\t<meta name=\"twitter:data1\" content=\"1\u00a0Minute\" \/>\n<script type=\"application\/ld+json\" class=\"yoast-schema-graph\">{\"@context\":\"https:\/\/schema.org\",\"@graph\":[{\"@type\":\"WebPage\",\"@id\":\"https:\/\/www.ergosom.de\/volkmer\/termine\/ferienseminare\/\",\"url\":\"https:\/\/www.ergosom.de\/volkmer\/termine\/ferienseminare\/\",\"name\":\"Ferienseminare - Ergosoma-Praxis Monika Volkmer\",\"isPartOf\":{\"@id\":\"https:\/\/www.ergosom.de\/volkmer\/#website\"},\"datePublished\":\"2018-01-12T16:59:36+00:00\",\"dateModified\":\"2019-12-16T22:42:51+00:00\",\"breadcrumb\":{\"@id\":\"https:\/\/www.ergosom.de\/volkmer\/termine\/ferienseminare\/#breadcrumb\"},\"inLanguage\":\"de\",\"potentialAction\":[{\"@type\":\"ReadAction\",\"target\":[\"https:\/\/www.ergosom.de\/volkmer\/termine\/ferienseminare\/\"]}]},{\"@type\":\"BreadcrumbList\",\"@id\":\"https:\/\/www.ergosom.de\/volkmer\/termine\/ferienseminare\/#breadcrumb\",\"itemListElement\":[{\"@type\":\"ListItem\",\"position\":1,\"name\":\"Startseite\",\"item\":\"https:\/\/www.ergosom.de\/volkmer\/\"},{\"@type\":\"ListItem\",\"position\":2,\"name\":\"Seminare 2026\",\"item\":\"https:\/\/www.ergosom.de\/volkmer\/termine\/\"},{\"@type\":\"ListItem\",\"position\":3,\"name\":\"Ferienseminare\"}]},{\"@type\":\"WebSite\",\"@id\":\"https:\/\/www.ergosom.de\/volkmer\/#website\",\"url\":\"https:\/\/www.ergosom.de\/volkmer\/\",\"name\":\"Ergosoma-Praxis Monika Volkmer\",\"description\":\"GESUNDHEIT   HARMONIE   GL\u00dcCK\",\"publisher\":{\"@id\":\"https:\/\/www.ergosom.de\/volkmer\/#organization\"},\"potentialAction\":[{\"@type\":\"SearchAction\",\"target\":{\"@type\":\"EntryPoint\",\"urlTemplate\":\"https:\/\/www.ergosom.de\/volkmer\/?s={search_term_string}\"},\"query-input\":\"required name=search_term_string\"}],\"inLanguage\":\"de\"},{\"@type\":\"Organization\",\"@id\":\"https:\/\/www.ergosom.de\/volkmer\/#organization\",\"name\":\"Ergosoma-Praxis Monika Volkmer\",\"url\":\"https:\/\/www.ergosom.de\/volkmer\/\",\"logo\":{\"@type\":\"ImageObject\",\"inLanguage\":\"de\",\"@id\":\"https:\/\/www.ergosom.de\/volkmer\/#\/schema\/logo\/image\/\",\"url\":\"https:\/\/www.ergosom.de\/volkmer\/wp-content\/uploads\/sites\/2\/2017\/01\/logo-ergosoma.jpg\",\"contentUrl\":\"https:\/\/www.ergosom.de\/volkmer\/wp-content\/uploads\/sites\/2\/2017\/01\/logo-ergosoma.jpg\",\"width\":270,\"height\":170,\"caption\":\"Ergosoma-Praxis Monika Volkmer\"},\"image\":{\"@id\":\"https:\/\/www.ergosom.de\/volkmer\/#\/schema\/logo\/image\/\"}}]}<\/script>\n<!-- \/ Yoast SEO plugin. -->","yoast_head_json":{"title":"Ferienseminare - Ergosoma-Praxis Monika Volkmer","robots":{"index":"index","follow":"follow","max-snippet":"max-snippet:-1","max-image-preview":"max-image-preview:large","max-video-preview":"max-video-preview:-1"},"canonical":"https:\/\/www.ergosom.de\/volkmer\/termine\/ferienseminare\/","og_locale":"de_DE","og_type":"article","og_title":"Ferienseminare - Ergosoma-Praxis Monika Volkmer","og_description":"Jedes Jahr biete ich Intensiv-Seminare an verschiedenen kraftvollen Orten an. Im Juli finden die traditionellen Ferienseminare in Montegrotto und Assisi in Italien statt. Im heilsamen Thermalwasser von Montegrotto entspannen und regenerieren wir mit Ergosoma-Behandlungen. Nach der Reinigung und Erneuerung in&hellip;","og_url":"https:\/\/www.ergosom.de\/volkmer\/termine\/ferienseminare\/","og_site_name":"Ergosoma-Praxis Monika Volkmer","article_modified_time":"2019-12-16T22:42:51+00:00","twitter_card":"summary_large_image","twitter_misc":{"Gesch\u00e4tzte Lesezeit":"1\u00a0Minute"},"schema":{"@context":"https:\/\/schema.org","@graph":[{"@type":"WebPage","@id":"https:\/\/www.ergosom.de\/volkmer\/termine\/ferienseminare\/","url":"https:\/\/www.ergosom.de\/volkmer\/termine\/ferienseminare\/","name":"Ferienseminare - Ergosoma-Praxis Monika Volkmer","isPartOf":{"@id":"https:\/\/www.ergosom.de\/volkmer\/#website"},"datePublished":"2018-01-12T16:59:36+00:00","dateModified":"2019-12-16T22:42:51+00:00","breadcrumb":{"@id":"https:\/\/www.ergosom.de\/volkmer\/termine\/ferienseminare\/#breadcrumb"},"inLanguage":"de","potentialAction":[{"@type":"ReadAction","target":["https:\/\/www.ergosom.de\/volkmer\/termine\/ferienseminare\/"]}]},{"@type":"BreadcrumbList","@id":"https:\/\/www.ergosom.de\/volkmer\/termine\/ferienseminare\/#breadcrumb","itemListElement":[{"@type":"ListItem","position":1,"name":"Startseite","item":"https:\/\/www.ergosom.de\/volkmer\/"},{"@type":"ListItem","position":2,"name":"Seminare 2026","item":"https:\/\/www.ergosom.de\/volkmer\/termine\/"},{"@type":"ListItem","position":3,"name":"Ferienseminare"}]},{"@type":"WebSite","@id":"https:\/\/www.ergosom.de\/volkmer\/#website","url":"https:\/\/www.ergosom.de\/volkmer\/","name":"Ergosoma-Praxis Monika Volkmer","description":"GESUNDHEIT   HARMONIE   GL\u00dcCK","publisher":{"@id":"https:\/\/www.ergosom.de\/volkmer\/#organization"},"potentialAction":[{"@type":"SearchAction","target":{"@type":"EntryPoint","urlTemplate":"https:\/\/www.ergosom.de\/volkmer\/?s={search_term_string}"},"query-input":"required name=search_term_string"}],"inLanguage":"de"},{"@type":"Organization","@id":"https:\/\/www.ergosom.de\/volkmer\/#organization","name":"Ergosoma-Praxis Monika Volkmer","url":"https:\/\/www.ergosom.de\/volkmer\/","logo":{"@type":"ImageObject","inLanguage":"de","@id":"https:\/\/www.ergosom.de\/volkmer\/#\/schema\/logo\/image\/","url":"https:\/\/www.ergosom.de\/volkmer\/wp-content\/uploads\/sites\/2\/2017\/01\/logo-ergosoma.jpg","contentUrl":"https:\/\/www.ergosom.de\/volkmer\/wp-content\/uploads\/sites\/2\/2017\/01\/logo-ergosoma.jpg","width":270,"height":170,"caption":"Ergosoma-Praxis Monika Volkmer"},"image":{"@id":"https:\/\/www.ergosom.de\/volkmer\/#\/schema\/logo\/image\/"}}]}},"_links":{"self":[{"href":"https:\/\/www.ergosom.de\/volkmer\/wp-json\/wp\/v2\/pages\/365"}],"collection":[{"href":"https:\/\/www.ergosom.de\/volkmer\/wp-json\/wp\/v2\/pages"}],"about":[{"href":"https:\/\/www.ergosom.de\/volkmer\/wp-json\/wp\/v2\/types\/page"}],"author":[{"embeddable":true,"href":"https:\/\/www.ergosom.de\/volkmer\/wp-json\/wp\/v2\/users\/2"}],"replies":[{"embeddable":true,"href":"https:\/\/www.ergosom.de\/volkmer\/wp-json\/wp\/v2\/comments?post=365"}],"version-history":[{"count":16,"href":"https:\/\/www.ergosom.de\/volkmer\/wp-json\/wp\/v2\/pages\/365\/revisions"}],"predecessor-version":[{"id":483,"href":"https:\/\/www.ergosom.de\/volkmer\/wp-json\/wp\/v2\/pages\/365\/revisions\/483"}],"up":[{"embeddable":true,"href":"https:\/\/www.ergosom.de\/volkmer\/wp-json\/wp\/v2\/pages\/68"}],"wp:attachment":[{"href":"https:\/\/www.ergosom.de\/volkmer\/wp-json\/wp\/v2\/media?parent=365"}],"curies":[{"name":"wp","href":"https:\/\/api.w.org\/{rel}","templated":true}]}}