{"id":33,"date":"2017-01-20T23:11:16","date_gmt":"2017-01-20T22:11:16","guid":{"rendered":"http:\/\/www.ergosom.de\/volkmer\/?page_id=33"},"modified":"2023-05-14T01:40:08","modified_gmt":"2023-05-13T23:40:08","slug":"ueber-mich","status":"publish","type":"page","link":"https:\/\/www.ergosom.de\/volkmer\/ueber-mich\/","title":{"rendered":"\u00dcber mich"},"content":{"rendered":"<p><span style=\"color: #000066;\"><img decoding=\"async\" loading=\"lazy\" class=\"alignright size-medium wp-image-788\" src=\"https:\/\/www.ergosom.de\/volkmer\/wp-content\/uploads\/sites\/2\/2023\/05\/Moni3-300x234.jpg\" alt=\"\" width=\"300\" height=\"234\" srcset=\"https:\/\/www.ergosom.de\/volkmer\/wp-content\/uploads\/sites\/2\/2023\/05\/Moni3-300x234.jpg 300w, https:\/\/www.ergosom.de\/volkmer\/wp-content\/uploads\/sites\/2\/2023\/05\/Moni3-1024x800.jpg 1024w, https:\/\/www.ergosom.de\/volkmer\/wp-content\/uploads\/sites\/2\/2023\/05\/Moni3-768x600.jpg 768w, https:\/\/www.ergosom.de\/volkmer\/wp-content\/uploads\/sites\/2\/2023\/05\/Moni3-1536x1200.jpg 1536w, https:\/\/www.ergosom.de\/volkmer\/wp-content\/uploads\/sites\/2\/2023\/05\/Moni3.jpg 1549w\" sizes=\"(max-width: 300px) 100vw, 300px\" \/>Monika Volkmer, Jahrgang \u00b462, verheiratet, 4 Kinder<\/span><\/p>\n<p>Mitglied der Ergosom-Ausbildungs- und Pr\u00fcfungskommission<\/p>\n<p>seit 2023 Ausbilderin f\u00fcr Ergosom-Berater*innen<br>seit 2012 Ausbilderin f\u00fcr Ergosoma-Lehrer*nnen<br>seit 2011 S.E.R.-Lehrerin (<a href=\"http:\/\/www.selbstkraftquelle.de\/5932.html\">Selbstkraftquelle-Methode<\/a>)<br>seit 2008 Ergosoma-Lehrerin<br>seit 2004 Ergosoma-Praktikerin<br>seit 2002 Heilpraktikerin mit eigenen Praxen<br>seit 1996 Ayurvedatherapeutin der Habichtswaldklinik AYURVEDA in Kassel<br>1980 Ausbildung Klassische Hom\u00f6opathie<\/p>\n\n\n<p>Rommy Tajon, Gr\u00fcnder der Ergosoma- und Selbstkraftquelle- Methode, war seit 1990 mein Lehrer. Nach seinem \u00dcbergang 2014 bin ich der geistigen Linie treu geblieben und habe meine Aus- und Weiterbildung bei den philippinischen Heilern Alex Orbito und Josef Calano fortgesetzt. <\/p>\n","protected":false},"excerpt":{"rendered":"<p>Monika Volkmer, Jahrgang \u00b462, verheiratet, 4 Kinder Mitglied der Ergosom-Ausbildungs- und Pr\u00fcfungskommission seit 2023 Ausbilderin f\u00fcr Ergosom-Berater*innenseit 2012 Ausbilderin f\u00fcr Ergosoma-Lehrer*nnenseit 2011 S.E.R.-Lehrerin (Selbstkraftquelle-Methode)seit 2008 Ergosoma-Lehrerinseit 2004 Ergosoma-Praktikerinseit 2002 Heilpraktikerin mit eigenen Praxenseit 1996 Ayurvedatherapeutin der Habichtswaldklinik AYURVEDA in Kassel1980&hellip;<\/p>\n","protected":false},"author":2,"featured_media":0,"parent":0,"menu_order":8,"comment_status":"closed","ping_status":"closed","template":"","meta":{"ngg_post_thumbnail":0},"yoast_head":"<!-- This site is optimized with the Yoast SEO plugin v20.6 - https:\/\/yoast.com\/wordpress\/plugins\/seo\/ -->\n<title>\u00dcber mich - Ergosoma-Praxis Monika Volkmer<\/title>\n<meta name=\"robots\" content=\"index, follow, max-snippet:-1, max-image-preview:large, max-video-preview:-1\" \/>\n<link rel=\"canonical\" href=\"https:\/\/www.ergosom.de\/volkmer\/ueber-mich\/\" \/>\n<meta property=\"og:locale\" content=\"de_DE\" \/>\n<meta property=\"og:type\" content=\"article\" \/>\n<meta property=\"og:title\" content=\"\u00dcber mich - Ergosoma-Praxis Monika Volkmer\" \/>\n<meta property=\"og:description\" content=\"Monika Volkmer, Jahrgang \u00b462, verheiratet, 4 Kinder Mitglied der Ergosom-Ausbildungs- und Pr\u00fcfungskommission seit 2023 Ausbilderin f\u00fcr Ergosom-Berater*innenseit 2012 Ausbilderin f\u00fcr Ergosoma-Lehrer*nnenseit 2011 S.E.R.-Lehrerin (Selbstkraftquelle-Methode)seit 2008 Ergosoma-Lehrerinseit 2004 Ergosoma-Praktikerinseit 2002 Heilpraktikerin mit eigenen Praxenseit 1996 Ayurvedatherapeutin der Habichtswaldklinik AYURVEDA in Kassel1980&hellip;\" \/>\n<meta property=\"og:url\" content=\"https:\/\/www.ergosom.de\/volkmer\/ueber-mich\/\" \/>\n<meta property=\"og:site_name\" content=\"Ergosoma-Praxis Monika Volkmer\" \/>\n<meta property=\"article:modified_time\" content=\"2023-05-13T23:40:08+00:00\" \/>\n<meta property=\"og:image\" content=\"https:\/\/www.ergosom.de\/volkmer\/wp-content\/uploads\/sites\/2\/2023\/05\/Moni3-300x234.jpg\" \/>\n<meta name=\"twitter:card\" content=\"summary_large_image\" \/>\n<meta name=\"twitter:label1\" content=\"Gesch\u00e4tzte Lesezeit\" \/>\n\t<meta name=\"twitter:data1\" content=\"1\u00a0Minute\" \/>\n<script type=\"application\/ld+json\" class=\"yoast-schema-graph\">{\"@context\":\"https:\/\/schema.org\",\"@graph\":[{\"@type\":\"WebPage\",\"@id\":\"https:\/\/www.ergosom.de\/volkmer\/ueber-mich\/\",\"url\":\"https:\/\/www.ergosom.de\/volkmer\/ueber-mich\/\",\"name\":\"\u00dcber mich - Ergosoma-Praxis Monika Volkmer\",\"isPartOf\":{\"@id\":\"https:\/\/www.ergosom.de\/volkmer\/#website\"},\"datePublished\":\"2017-01-20T22:11:16+00:00\",\"dateModified\":\"2023-05-13T23:40:08+00:00\",\"breadcrumb\":{\"@id\":\"https:\/\/www.ergosom.de\/volkmer\/ueber-mich\/#breadcrumb\"},\"inLanguage\":\"de\",\"potentialAction\":[{\"@type\":\"ReadAction\",\"target\":[\"https:\/\/www.ergosom.de\/volkmer\/ueber-mich\/\"]}]},{\"@type\":\"BreadcrumbList\",\"@id\":\"https:\/\/www.ergosom.de\/volkmer\/ueber-mich\/#breadcrumb\",\"itemListElement\":[{\"@type\":\"ListItem\",\"position\":1,\"name\":\"Startseite\",\"item\":\"https:\/\/www.ergosom.de\/volkmer\/\"},{\"@type\":\"ListItem\",\"position\":2,\"name\":\"\u00dcber mich\"}]},{\"@type\":\"WebSite\",\"@id\":\"https:\/\/www.ergosom.de\/volkmer\/#website\",\"url\":\"https:\/\/www.ergosom.de\/volkmer\/\",\"name\":\"Ergosoma-Praxis Monika Volkmer\",\"description\":\"GESUNDHEIT   HARMONIE   GL\u00dcCK\",\"publisher\":{\"@id\":\"https:\/\/www.ergosom.de\/volkmer\/#organization\"},\"potentialAction\":[{\"@type\":\"SearchAction\",\"target\":{\"@type\":\"EntryPoint\",\"urlTemplate\":\"https:\/\/www.ergosom.de\/volkmer\/?s={search_term_string}\"},\"query-input\":\"required name=search_term_string\"}],\"inLanguage\":\"de\"},{\"@type\":\"Organization\",\"@id\":\"https:\/\/www.ergosom.de\/volkmer\/#organization\",\"name\":\"Ergosoma-Praxis Monika Volkmer\",\"url\":\"https:\/\/www.ergosom.de\/volkmer\/\",\"logo\":{\"@type\":\"ImageObject\",\"inLanguage\":\"de\",\"@id\":\"https:\/\/www.ergosom.de\/volkmer\/#\/schema\/logo\/image\/\",\"url\":\"https:\/\/www.ergosom.de\/volkmer\/wp-content\/uploads\/sites\/2\/2017\/01\/logo-ergosoma.jpg\",\"contentUrl\":\"https:\/\/www.ergosom.de\/volkmer\/wp-content\/uploads\/sites\/2\/2017\/01\/logo-ergosoma.jpg\",\"width\":270,\"height\":170,\"caption\":\"Ergosoma-Praxis Monika Volkmer\"},\"image\":{\"@id\":\"https:\/\/www.ergosom.de\/volkmer\/#\/schema\/logo\/image\/\"}}]}<\/script>\n<!-- \/ Yoast SEO plugin. -->","yoast_head_json":{"title":"\u00dcber mich - Ergosoma-Praxis Monika Volkmer","robots":{"index":"index","follow":"follow","max-snippet":"max-snippet:-1","max-image-preview":"max-image-preview:large","max-video-preview":"max-video-preview:-1"},"canonical":"https:\/\/www.ergosom.de\/volkmer\/ueber-mich\/","og_locale":"de_DE","og_type":"article","og_title":"\u00dcber mich - Ergosoma-Praxis Monika Volkmer","og_description":"Monika Volkmer, Jahrgang \u00b462, verheiratet, 4 Kinder Mitglied der Ergosom-Ausbildungs- und Pr\u00fcfungskommission seit 2023 Ausbilderin f\u00fcr Ergosom-Berater*innenseit 2012 Ausbilderin f\u00fcr Ergosoma-Lehrer*nnenseit 2011 S.E.R.-Lehrerin (Selbstkraftquelle-Methode)seit 2008 Ergosoma-Lehrerinseit 2004 Ergosoma-Praktikerinseit 2002 Heilpraktikerin mit eigenen Praxenseit 1996 Ayurvedatherapeutin der Habichtswaldklinik AYURVEDA in Kassel1980&hellip;","og_url":"https:\/\/www.ergosom.de\/volkmer\/ueber-mich\/","og_site_name":"Ergosoma-Praxis Monika Volkmer","article_modified_time":"2023-05-13T23:40:08+00:00","og_image":[{"url":"https:\/\/www.ergosom.de\/volkmer\/wp-content\/uploads\/sites\/2\/2023\/05\/Moni3-300x234.jpg"}],"twitter_card":"summary_large_image","twitter_misc":{"Gesch\u00e4tzte Lesezeit":"1\u00a0Minute"},"schema":{"@context":"https:\/\/schema.org","@graph":[{"@type":"WebPage","@id":"https:\/\/www.ergosom.de\/volkmer\/ueber-mich\/","url":"https:\/\/www.ergosom.de\/volkmer\/ueber-mich\/","name":"\u00dcber mich - Ergosoma-Praxis Monika Volkmer","isPartOf":{"@id":"https:\/\/www.ergosom.de\/volkmer\/#website"},"datePublished":"2017-01-20T22:11:16+00:00","dateModified":"2023-05-13T23:40:08+00:00","breadcrumb":{"@id":"https:\/\/www.ergosom.de\/volkmer\/ueber-mich\/#breadcrumb"},"inLanguage":"de","potentialAction":[{"@type":"ReadAction","target":["https:\/\/www.ergosom.de\/volkmer\/ueber-mich\/"]}]},{"@type":"BreadcrumbList","@id":"https:\/\/www.ergosom.de\/volkmer\/ueber-mich\/#breadcrumb","itemListElement":[{"@type":"ListItem","position":1,"name":"Startseite","item":"https:\/\/www.ergosom.de\/volkmer\/"},{"@type":"ListItem","position":2,"name":"\u00dcber mich"}]},{"@type":"WebSite","@id":"https:\/\/www.ergosom.de\/volkmer\/#website","url":"https:\/\/www.ergosom.de\/volkmer\/","name":"Ergosoma-Praxis Monika Volkmer","description":"GESUNDHEIT   HARMONIE   GL\u00dcCK","publisher":{"@id":"https:\/\/www.ergosom.de\/volkmer\/#organization"},"potentialAction":[{"@type":"SearchAction","target":{"@type":"EntryPoint","urlTemplate":"https:\/\/www.ergosom.de\/volkmer\/?s={search_term_string}"},"query-input":"required name=search_term_string"}],"inLanguage":"de"},{"@type":"Organization","@id":"https:\/\/www.ergosom.de\/volkmer\/#organization","name":"Ergosoma-Praxis Monika Volkmer","url":"https:\/\/www.ergosom.de\/volkmer\/","logo":{"@type":"ImageObject","inLanguage":"de","@id":"https:\/\/www.ergosom.de\/volkmer\/#\/schema\/logo\/image\/","url":"https:\/\/www.ergosom.de\/volkmer\/wp-content\/uploads\/sites\/2\/2017\/01\/logo-ergosoma.jpg","contentUrl":"https:\/\/www.ergosom.de\/volkmer\/wp-content\/uploads\/sites\/2\/2017\/01\/logo-ergosoma.jpg","width":270,"height":170,"caption":"Ergosoma-Praxis Monika Volkmer"},"image":{"@id":"https:\/\/www.ergosom.de\/volkmer\/#\/schema\/logo\/image\/"}}]}},"_links":{"self":[{"href":"https:\/\/www.ergosom.de\/volkmer\/wp-json\/wp\/v2\/pages\/33"}],"collection":[{"href":"https:\/\/www.ergosom.de\/volkmer\/wp-json\/wp\/v2\/pages"}],"about":[{"href":"https:\/\/www.ergosom.de\/volkmer\/wp-json\/wp\/v2\/types\/page"}],"author":[{"embeddable":true,"href":"https:\/\/www.ergosom.de\/volkmer\/wp-json\/wp\/v2\/users\/2"}],"replies":[{"embeddable":true,"href":"https:\/\/www.ergosom.de\/volkmer\/wp-json\/wp\/v2\/comments?post=33"}],"version-history":[{"count":6,"href":"https:\/\/www.ergosom.de\/volkmer\/wp-json\/wp\/v2\/pages\/33\/revisions"}],"predecessor-version":[{"id":789,"href":"https:\/\/www.ergosom.de\/volkmer\/wp-json\/wp\/v2\/pages\/33\/revisions\/789"}],"wp:attachment":[{"href":"https:\/\/www.ergosom.de\/volkmer\/wp-json\/wp\/v2\/media?parent=33"}],"curies":[{"name":"wp","href":"https:\/\/api.w.org\/{rel}","templated":true}]}}