{"id":255,"date":"2017-12-14T00:27:50","date_gmt":"2017-12-13T23:27:50","guid":{"rendered":"http:\/\/www.ergosom.de\/volkmer\/?page_id=255"},"modified":"2018-01-12T17:33:19","modified_gmt":"2018-01-12T16:33:19","slug":"diemarden","status":"publish","type":"page","link":"https:\/\/www.ergosom.de\/volkmer\/praxen\/diemarden\/","title":{"rendered":"Diemarden"},"content":{"rendered":"<p>Die Praxis mit Blick \u00fcber das idyllische Gartetaldorf <a href=\"http:\/\/www.diemarden.de\/\">Diemarden<\/a> liegt eine Busstation ausserhalb von G\u00f6ttingen in der <a href=\"http:\/\/www.gleichen.de\/index.php\">Gemeinde Gleichen<\/a>, welche wirbt mit dem Slogan &#8222;Gleichen: Wohnen und arbeiten, wo andere sich erholen&#8220;. Hier k\u00f6nnen sie Kraft tanken f\u00fcr den Alltag.<\/p>\n<p>Neben einem Behandlungs- und Seminarraum verf\u00fcgt die Praxis auch \u00fcber ein gro\u00dfes und ruhiges G\u00e4stezimmer. Zus\u00e4tzlich zu Ergosoma sind sowohl ayurvedische Behandlungen als auch mehrt\u00e4gige ayurvedische Kuren m\u00f6glich.<\/p>\n<p><img decoding=\"async\" loading=\"lazy\" class=\"alignnone wp-image-309\" src=\"http:\/\/www.ergosom.de\/volkmer\/wp-content\/uploads\/sites\/2\/2018\/01\/gespraech_t.jpg\" alt=\"\" width=\"160\" height=\"175\"> <img decoding=\"async\" loading=\"lazy\" class=\"alignnone wp-image-310\" src=\"http:\/\/www.ergosom.de\/volkmer\/wp-content\/uploads\/sites\/2\/2018\/01\/Maria_t.jpg\" alt=\"\" width=\"134\" height=\"175\">&nbsp;<img decoding=\"async\" loading=\"lazy\" class=\"alignnone size-full wp-image-317\" src=\"http:\/\/www.ergosom.de\/volkmer\/wp-content\/uploads\/sites\/2\/2017\/12\/behandlungt3.jpg\" alt=\"\" width=\"219\" height=\"175\"> <img decoding=\"async\" loading=\"lazy\" class=\"alignnone wp-image-308\" src=\"http:\/\/www.ergosom.de\/volkmer\/wp-content\/uploads\/sites\/2\/2018\/01\/entspann_t.jpg\" alt=\"\" width=\"145\" height=\"175\"><\/p>\n<p><strong><span style=\"color: #993300;\">Adresse<\/span><\/strong><br \/>\nMittelbergstr. 4<br \/>\n37130 Diemarden<\/p>\n<p><strong><span style=\"color: #993300;\">Anreise mit dem Bus<\/span><\/strong><br \/>\nLinie <a href=\"http:\/\/www.vsninfo.de\/magic\/show_image.php?id=204513&amp;download=1\">154 (pdf)<\/a> oder <a href=\"http:\/\/www.vsninfo.de\/magic\/show_image.php?id=204275&amp;download=1\">155 (pdf) <\/a>ab Bahnhof G\u00f6ttingen<br \/>\nAusstieg Diemarden: Haltestelle Kleebreite<br \/>\n<a href=\"http:\/\/www.ergosom.de\/volkmer\/wp-content\/uploads\/sites\/2\/2017\/12\/Karte.jpg\">Karte<\/a><\/p>\n<p>&nbsp;<\/p>\n","protected":false},"excerpt":{"rendered":"<p>Die Praxis mit Blick \u00fcber das idyllische Gartetaldorf Diemarden liegt eine Busstation ausserhalb von G\u00f6ttingen in der Gemeinde Gleichen, welche wirbt mit dem Slogan &#8222;Gleichen: Wohnen und arbeiten, wo andere sich erholen&#8220;. Hier k\u00f6nnen sie Kraft tanken f\u00fcr den Alltag.&hellip;<\/p>\n","protected":false},"author":2,"featured_media":0,"parent":24,"menu_order":1,"comment_status":"closed","ping_status":"closed","template":"","meta":{"ngg_post_thumbnail":0},"yoast_head":"<!-- This site is optimized with the Yoast SEO plugin v20.6 - https:\/\/yoast.com\/wordpress\/plugins\/seo\/ -->\n<title>Diemarden - Ergosoma-Praxis Monika Volkmer<\/title>\n<meta name=\"robots\" content=\"index, follow, max-snippet:-1, max-image-preview:large, max-video-preview:-1\" \/>\n<link rel=\"canonical\" href=\"https:\/\/www.ergosom.de\/volkmer\/praxen\/diemarden\/\" \/>\n<meta property=\"og:locale\" content=\"de_DE\" \/>\n<meta property=\"og:type\" content=\"article\" \/>\n<meta property=\"og:title\" content=\"Diemarden - Ergosoma-Praxis Monika Volkmer\" \/>\n<meta property=\"og:description\" content=\"Die Praxis mit Blick \u00fcber das idyllische Gartetaldorf Diemarden liegt eine Busstation ausserhalb von G\u00f6ttingen in der Gemeinde Gleichen, welche wirbt mit dem Slogan &#8222;Gleichen: Wohnen und arbeiten, wo andere sich erholen&#8220;. Hier k\u00f6nnen sie Kraft tanken f\u00fcr den Alltag.&hellip;\" \/>\n<meta property=\"og:url\" content=\"https:\/\/www.ergosom.de\/volkmer\/praxen\/diemarden\/\" \/>\n<meta property=\"og:site_name\" content=\"Ergosoma-Praxis Monika Volkmer\" \/>\n<meta property=\"article:modified_time\" content=\"2018-01-12T16:33:19+00:00\" \/>\n<meta property=\"og:image\" content=\"http:\/\/www.ergosom.de\/volkmer\/wp-content\/uploads\/sites\/2\/2018\/01\/gespraech_t.jpg\" \/>\n<meta name=\"twitter:card\" content=\"summary_large_image\" \/>\n<script type=\"application\/ld+json\" class=\"yoast-schema-graph\">{\"@context\":\"https:\/\/schema.org\",\"@graph\":[{\"@type\":\"WebPage\",\"@id\":\"https:\/\/www.ergosom.de\/volkmer\/praxen\/diemarden\/\",\"url\":\"https:\/\/www.ergosom.de\/volkmer\/praxen\/diemarden\/\",\"name\":\"Diemarden - Ergosoma-Praxis Monika Volkmer\",\"isPartOf\":{\"@id\":\"https:\/\/www.ergosom.de\/volkmer\/#website\"},\"datePublished\":\"2017-12-13T23:27:50+00:00\",\"dateModified\":\"2018-01-12T16:33:19+00:00\",\"breadcrumb\":{\"@id\":\"https:\/\/www.ergosom.de\/volkmer\/praxen\/diemarden\/#breadcrumb\"},\"inLanguage\":\"de\",\"potentialAction\":[{\"@type\":\"ReadAction\",\"target\":[\"https:\/\/www.ergosom.de\/volkmer\/praxen\/diemarden\/\"]}]},{\"@type\":\"BreadcrumbList\",\"@id\":\"https:\/\/www.ergosom.de\/volkmer\/praxen\/diemarden\/#breadcrumb\",\"itemListElement\":[{\"@type\":\"ListItem\",\"position\":1,\"name\":\"Startseite\",\"item\":\"https:\/\/www.ergosom.de\/volkmer\/\"},{\"@type\":\"ListItem\",\"position\":2,\"name\":\"Praxis\",\"item\":\"https:\/\/www.ergosom.de\/volkmer\/praxen\/\"},{\"@type\":\"ListItem\",\"position\":3,\"name\":\"Diemarden\"}]},{\"@type\":\"WebSite\",\"@id\":\"https:\/\/www.ergosom.de\/volkmer\/#website\",\"url\":\"https:\/\/www.ergosom.de\/volkmer\/\",\"name\":\"Ergosoma-Praxis Monika Volkmer\",\"description\":\"GESUNDHEIT   HARMONIE   GL\u00dcCK\",\"publisher\":{\"@id\":\"https:\/\/www.ergosom.de\/volkmer\/#organization\"},\"potentialAction\":[{\"@type\":\"SearchAction\",\"target\":{\"@type\":\"EntryPoint\",\"urlTemplate\":\"https:\/\/www.ergosom.de\/volkmer\/?s={search_term_string}\"},\"query-input\":\"required name=search_term_string\"}],\"inLanguage\":\"de\"},{\"@type\":\"Organization\",\"@id\":\"https:\/\/www.ergosom.de\/volkmer\/#organization\",\"name\":\"Ergosoma-Praxis Monika Volkmer\",\"url\":\"https:\/\/www.ergosom.de\/volkmer\/\",\"logo\":{\"@type\":\"ImageObject\",\"inLanguage\":\"de\",\"@id\":\"https:\/\/www.ergosom.de\/volkmer\/#\/schema\/logo\/image\/\",\"url\":\"https:\/\/www.ergosom.de\/volkmer\/wp-content\/uploads\/sites\/2\/2017\/01\/logo-ergosoma.jpg\",\"contentUrl\":\"https:\/\/www.ergosom.de\/volkmer\/wp-content\/uploads\/sites\/2\/2017\/01\/logo-ergosoma.jpg\",\"width\":270,\"height\":170,\"caption\":\"Ergosoma-Praxis Monika Volkmer\"},\"image\":{\"@id\":\"https:\/\/www.ergosom.de\/volkmer\/#\/schema\/logo\/image\/\"}}]}<\/script>\n<!-- \/ Yoast SEO plugin. -->","yoast_head_json":{"title":"Diemarden - Ergosoma-Praxis Monika Volkmer","robots":{"index":"index","follow":"follow","max-snippet":"max-snippet:-1","max-image-preview":"max-image-preview:large","max-video-preview":"max-video-preview:-1"},"canonical":"https:\/\/www.ergosom.de\/volkmer\/praxen\/diemarden\/","og_locale":"de_DE","og_type":"article","og_title":"Diemarden - Ergosoma-Praxis Monika Volkmer","og_description":"Die Praxis mit Blick \u00fcber das idyllische Gartetaldorf Diemarden liegt eine Busstation ausserhalb von G\u00f6ttingen in der Gemeinde Gleichen, welche wirbt mit dem Slogan &#8222;Gleichen: Wohnen und arbeiten, wo andere sich erholen&#8220;. Hier k\u00f6nnen sie Kraft tanken f\u00fcr den Alltag.&hellip;","og_url":"https:\/\/www.ergosom.de\/volkmer\/praxen\/diemarden\/","og_site_name":"Ergosoma-Praxis Monika Volkmer","article_modified_time":"2018-01-12T16:33:19+00:00","og_image":[{"url":"http:\/\/www.ergosom.de\/volkmer\/wp-content\/uploads\/sites\/2\/2018\/01\/gespraech_t.jpg"}],"twitter_card":"summary_large_image","schema":{"@context":"https:\/\/schema.org","@graph":[{"@type":"WebPage","@id":"https:\/\/www.ergosom.de\/volkmer\/praxen\/diemarden\/","url":"https:\/\/www.ergosom.de\/volkmer\/praxen\/diemarden\/","name":"Diemarden - Ergosoma-Praxis Monika Volkmer","isPartOf":{"@id":"https:\/\/www.ergosom.de\/volkmer\/#website"},"datePublished":"2017-12-13T23:27:50+00:00","dateModified":"2018-01-12T16:33:19+00:00","breadcrumb":{"@id":"https:\/\/www.ergosom.de\/volkmer\/praxen\/diemarden\/#breadcrumb"},"inLanguage":"de","potentialAction":[{"@type":"ReadAction","target":["https:\/\/www.ergosom.de\/volkmer\/praxen\/diemarden\/"]}]},{"@type":"BreadcrumbList","@id":"https:\/\/www.ergosom.de\/volkmer\/praxen\/diemarden\/#breadcrumb","itemListElement":[{"@type":"ListItem","position":1,"name":"Startseite","item":"https:\/\/www.ergosom.de\/volkmer\/"},{"@type":"ListItem","position":2,"name":"Praxis","item":"https:\/\/www.ergosom.de\/volkmer\/praxen\/"},{"@type":"ListItem","position":3,"name":"Diemarden"}]},{"@type":"WebSite","@id":"https:\/\/www.ergosom.de\/volkmer\/#website","url":"https:\/\/www.ergosom.de\/volkmer\/","name":"Ergosoma-Praxis Monika Volkmer","description":"GESUNDHEIT   HARMONIE   GL\u00dcCK","publisher":{"@id":"https:\/\/www.ergosom.de\/volkmer\/#organization"},"potentialAction":[{"@type":"SearchAction","target":{"@type":"EntryPoint","urlTemplate":"https:\/\/www.ergosom.de\/volkmer\/?s={search_term_string}"},"query-input":"required name=search_term_string"}],"inLanguage":"de"},{"@type":"Organization","@id":"https:\/\/www.ergosom.de\/volkmer\/#organization","name":"Ergosoma-Praxis Monika Volkmer","url":"https:\/\/www.ergosom.de\/volkmer\/","logo":{"@type":"ImageObject","inLanguage":"de","@id":"https:\/\/www.ergosom.de\/volkmer\/#\/schema\/logo\/image\/","url":"https:\/\/www.ergosom.de\/volkmer\/wp-content\/uploads\/sites\/2\/2017\/01\/logo-ergosoma.jpg","contentUrl":"https:\/\/www.ergosom.de\/volkmer\/wp-content\/uploads\/sites\/2\/2017\/01\/logo-ergosoma.jpg","width":270,"height":170,"caption":"Ergosoma-Praxis Monika Volkmer"},"image":{"@id":"https:\/\/www.ergosom.de\/volkmer\/#\/schema\/logo\/image\/"}}]}},"_links":{"self":[{"href":"https:\/\/www.ergosom.de\/volkmer\/wp-json\/wp\/v2\/pages\/255"}],"collection":[{"href":"https:\/\/www.ergosom.de\/volkmer\/wp-json\/wp\/v2\/pages"}],"about":[{"href":"https:\/\/www.ergosom.de\/volkmer\/wp-json\/wp\/v2\/types\/page"}],"author":[{"embeddable":true,"href":"https:\/\/www.ergosom.de\/volkmer\/wp-json\/wp\/v2\/users\/2"}],"replies":[{"embeddable":true,"href":"https:\/\/www.ergosom.de\/volkmer\/wp-json\/wp\/v2\/comments?post=255"}],"version-history":[{"count":12,"href":"https:\/\/www.ergosom.de\/volkmer\/wp-json\/wp\/v2\/pages\/255\/revisions"}],"predecessor-version":[{"id":362,"href":"https:\/\/www.ergosom.de\/volkmer\/wp-json\/wp\/v2\/pages\/255\/revisions\/362"}],"up":[{"embeddable":true,"href":"https:\/\/www.ergosom.de\/volkmer\/wp-json\/wp\/v2\/pages\/24"}],"wp:attachment":[{"href":"https:\/\/www.ergosom.de\/volkmer\/wp-json\/wp\/v2\/media?parent=255"}],"curies":[{"name":"wp","href":"https:\/\/api.w.org\/{rel}","templated":true}]}}