{"id":20,"date":"2017-01-20T22:59:41","date_gmt":"2017-01-20T21:59:41","guid":{"rendered":"http:\/\/www.ergosom.de\/volkmer\/?page_id=20"},"modified":"2022-04-03T13:45:30","modified_gmt":"2022-04-03T11:45:30","slug":"forschung","status":"publish","type":"page","link":"https:\/\/www.ergosom.de\/volkmer\/ergosoma\/forschung\/","title":{"rendered":"Forschung"},"content":{"rendered":"<p>In der Forschungsarbeit an der Universit\u00e4t Witten Herdecke wird in Forschungsprojekten die vegetative und zerebrale Wirkung von ERGSOMA\u00ae untersucht.<\/p>\n<p>Im Zentrum der Forschungsprojekte steht der Zusammenhang von Wahrnehmungsprozessen und der Anwendung mit ERGOSOMA\u00ae als Methode f\u00fcr die Wahrnehmungsschulung.<\/p>\n<p>In der Forschungsreihe konnte aus Sicht der Sinnesphysiologie und Elektropathologischen Medizin in Kombination mit ERGOSOMA\u00ae nach R. V. Tajon\u00ae ein umfangreiches Vegetativportr\u00e4t und Brain-Mapping erstellt werden, das anschaulich die Reaktionen des K\u00f6rpers zeigt und die Momente einer ver\u00e4nderten Wahrnehmung in Beziehung setzen l\u00e4sst.<\/p>\n<p>Ein wichtiger Bestandteil der Forschungsarbeit ist die Qualit\u00e4t der Subjektivit\u00e4t in die wissenschaftliche Arbeit einzubeziehen und den Stellenwert der Subjektivit\u00e4t neben den objektiven Parametern zu ber\u00fccksichtigen.<\/p>\n<p>Demnach hat ERGOSOMA\u00ae eine ausgleichende Wirkung auf das vegetative Nervensystem. Dies bedeutet ein lebendiges, dynamisches Gleichgewicht zwischen Sympathikus (Stress-Aktion) und Parasympathikus (Beruhigung, Verdauung, Regeneration). Es entsteht eine h\u00f6here Flexibilit\u00e4t der K\u00f6rperfunktionen, dies hilft bei der Verarbeitung innerer und \u00e4u\u00dferer Reize.<\/p>\n<p>Das Forschungsprojekt der Universit\u00e4t Witten-Herdecke am Zentrum f\u00fcr Elektropathologie (Deutschland) erforschte den Wandel in der vegetativen Funktion und der Hirnaktivit\u00e4t w\u00e4hrend der ph\u00e4nomenologischen Wahrnehmung. Es zeigte sich, dass k\u00f6rperliche und mentale Entspannung die Wahrnehmungsleistung und Offenheit (Beziehungsgestaltung und Empathie) erh\u00f6hen kann.<\/p>\n<p>Die Ergebnisse dokumentieren, dass die &#8222;innere Entwicklung&#8220; die empathische Wahrnehmung die Arzt(-Therapeuten)-Patienten-Beziehung beeinflussen kann. Eine empathische und subtilere Wahrnehmung des Arztes, aber auch des Patienten kann hilfreich sein, wenn die Diagnose gestellt und bei gleichzeitiger Ber\u00fccksichtigung des sozialen Umfeldes die Anspr\u00fcche und die Bed\u00fcrfnisse des Patienten bei dem therapeutischen Konzept bemessen werden sollen.<\/p>\n<p>Arzt und Therapeut entwickeln Kompetenz, indem sie ihre Selbstwahrnehmung und ihr emotionales Verst\u00e4ndnis bewusst als innere Haltung weiterentwickeln und verbessern. Sie lernen, ihre Situation einzusch\u00e4tzen und sind so besser in der Lage, die medizinische, therapeutische Arbeite umzusetzen. ERGOSOMA\u00ae hilft Arzt und Therapeut die empathische Qualit\u00e4t zu entwickeln und zu st\u00e4rken.<\/p>\n<h2>Weitere Projekte<\/h2>\n<ol>\n<li>Erforschung der Stress-Regulation und Vorbeugung von &#8222;Burned out&#8220;-Syndrom durch Wahrnehmungstraining<\/li>\n<li>Selbstwahrnehmung bei Patienten zur St\u00e4rkung des pers\u00f6nlich erworbenen Potentials &#8211; Erforschung der Selbstwahrnehmung<\/li>\n<li>das Vegetativportrait im Rahmen der Arbeitsmedizin zur Veranschaulichung der Koordination von k\u00f6rperlichen und geistigen Prozessen<\/li>\n<li>das Meikirch-Modell, das gemeinsam mit Prof. Dr. Johannes Bircher allen Interessenspartnern im Gesundheitswesen eine neue Interpretation von der Gesundheitsdefinition vermitteln kann (10 Thesen des Meikirch-Modells)<\/li>\n<li><a href=\"https:\/\/www.ergosom.de\/international\/\">ERGOSOMA\u00ae International<\/a><\/li>\n<\/ol>\n<h2>Download<\/h2>\n<p><a href=\"http:\/\/web.archive.org\/web\/20130504010510\/http:\/www.ergosom.org\/forschung\/summary.pdf\">Dissertation Summery (pdf)<\/a> (English)<\/p>\n<p>Die deutsche Promotionsschrift kann als PDF bestellt werden.<\/p>\n","protected":false},"excerpt":{"rendered":"<p>In der Forschungsarbeit an der Universit\u00e4t Witten Herdecke wird in Forschungsprojekten die vegetative und zerebrale Wirkung von ERGSOMA\u00ae untersucht. Im Zentrum der Forschungsprojekte steht der Zusammenhang von Wahrnehmungsprozessen und der Anwendung mit ERGOSOMA\u00ae als Methode f\u00fcr die Wahrnehmungsschulung. In der&hellip;<\/p>\n","protected":false},"author":2,"featured_media":0,"parent":11,"menu_order":4,"comment_status":"closed","ping_status":"closed","template":"","meta":{"ngg_post_thumbnail":0},"yoast_head":"<!-- This site is optimized with the Yoast SEO plugin v20.6 - https:\/\/yoast.com\/wordpress\/plugins\/seo\/ -->\n<title>Forschung - Ergosoma-Praxis Monika Volkmer<\/title>\n<meta name=\"robots\" content=\"index, follow, max-snippet:-1, max-image-preview:large, max-video-preview:-1\" \/>\n<link rel=\"canonical\" href=\"https:\/\/www.ergosom.de\/volkmer\/ergosoma\/forschung\/\" \/>\n<meta property=\"og:locale\" content=\"de_DE\" \/>\n<meta property=\"og:type\" content=\"article\" \/>\n<meta property=\"og:title\" content=\"Forschung - Ergosoma-Praxis Monika Volkmer\" \/>\n<meta property=\"og:description\" content=\"In der Forschungsarbeit an der Universit\u00e4t Witten Herdecke wird in Forschungsprojekten die vegetative und zerebrale Wirkung von ERGSOMA\u00ae untersucht. Im Zentrum der Forschungsprojekte steht der Zusammenhang von Wahrnehmungsprozessen und der Anwendung mit ERGOSOMA\u00ae als Methode f\u00fcr die Wahrnehmungsschulung. In der&hellip;\" \/>\n<meta property=\"og:url\" content=\"https:\/\/www.ergosom.de\/volkmer\/ergosoma\/forschung\/\" \/>\n<meta property=\"og:site_name\" content=\"Ergosoma-Praxis Monika Volkmer\" \/>\n<meta property=\"article:modified_time\" content=\"2022-04-03T11:45:30+00:00\" \/>\n<meta name=\"twitter:card\" content=\"summary_large_image\" \/>\n<meta name=\"twitter:label1\" content=\"Gesch\u00e4tzte Lesezeit\" \/>\n\t<meta name=\"twitter:data1\" content=\"3\u00a0Minuten\" \/>\n<script type=\"application\/ld+json\" class=\"yoast-schema-graph\">{\"@context\":\"https:\/\/schema.org\",\"@graph\":[{\"@type\":\"WebPage\",\"@id\":\"https:\/\/www.ergosom.de\/volkmer\/ergosoma\/forschung\/\",\"url\":\"https:\/\/www.ergosom.de\/volkmer\/ergosoma\/forschung\/\",\"name\":\"Forschung - Ergosoma-Praxis Monika Volkmer\",\"isPartOf\":{\"@id\":\"https:\/\/www.ergosom.de\/volkmer\/#website\"},\"datePublished\":\"2017-01-20T21:59:41+00:00\",\"dateModified\":\"2022-04-03T11:45:30+00:00\",\"breadcrumb\":{\"@id\":\"https:\/\/www.ergosom.de\/volkmer\/ergosoma\/forschung\/#breadcrumb\"},\"inLanguage\":\"de\",\"potentialAction\":[{\"@type\":\"ReadAction\",\"target\":[\"https:\/\/www.ergosom.de\/volkmer\/ergosoma\/forschung\/\"]}]},{\"@type\":\"BreadcrumbList\",\"@id\":\"https:\/\/www.ergosom.de\/volkmer\/ergosoma\/forschung\/#breadcrumb\",\"itemListElement\":[{\"@type\":\"ListItem\",\"position\":1,\"name\":\"Startseite\",\"item\":\"https:\/\/www.ergosom.de\/volkmer\/\"},{\"@type\":\"ListItem\",\"position\":2,\"name\":\"Ergosoma\",\"item\":\"https:\/\/www.ergosom.de\/volkmer\/ergosoma\/\"},{\"@type\":\"ListItem\",\"position\":3,\"name\":\"Forschung\"}]},{\"@type\":\"WebSite\",\"@id\":\"https:\/\/www.ergosom.de\/volkmer\/#website\",\"url\":\"https:\/\/www.ergosom.de\/volkmer\/\",\"name\":\"Ergosoma-Praxis Monika Volkmer\",\"description\":\"GESUNDHEIT   HARMONIE   GL\u00dcCK\",\"publisher\":{\"@id\":\"https:\/\/www.ergosom.de\/volkmer\/#organization\"},\"potentialAction\":[{\"@type\":\"SearchAction\",\"target\":{\"@type\":\"EntryPoint\",\"urlTemplate\":\"https:\/\/www.ergosom.de\/volkmer\/?s={search_term_string}\"},\"query-input\":\"required name=search_term_string\"}],\"inLanguage\":\"de\"},{\"@type\":\"Organization\",\"@id\":\"https:\/\/www.ergosom.de\/volkmer\/#organization\",\"name\":\"Ergosoma-Praxis Monika Volkmer\",\"url\":\"https:\/\/www.ergosom.de\/volkmer\/\",\"logo\":{\"@type\":\"ImageObject\",\"inLanguage\":\"de\",\"@id\":\"https:\/\/www.ergosom.de\/volkmer\/#\/schema\/logo\/image\/\",\"url\":\"https:\/\/www.ergosom.de\/volkmer\/wp-content\/uploads\/sites\/2\/2017\/01\/logo-ergosoma.jpg\",\"contentUrl\":\"https:\/\/www.ergosom.de\/volkmer\/wp-content\/uploads\/sites\/2\/2017\/01\/logo-ergosoma.jpg\",\"width\":270,\"height\":170,\"caption\":\"Ergosoma-Praxis Monika Volkmer\"},\"image\":{\"@id\":\"https:\/\/www.ergosom.de\/volkmer\/#\/schema\/logo\/image\/\"}}]}<\/script>\n<!-- \/ Yoast SEO plugin. -->","yoast_head_json":{"title":"Forschung - Ergosoma-Praxis Monika Volkmer","robots":{"index":"index","follow":"follow","max-snippet":"max-snippet:-1","max-image-preview":"max-image-preview:large","max-video-preview":"max-video-preview:-1"},"canonical":"https:\/\/www.ergosom.de\/volkmer\/ergosoma\/forschung\/","og_locale":"de_DE","og_type":"article","og_title":"Forschung - Ergosoma-Praxis Monika Volkmer","og_description":"In der Forschungsarbeit an der Universit\u00e4t Witten Herdecke wird in Forschungsprojekten die vegetative und zerebrale Wirkung von ERGSOMA\u00ae untersucht. Im Zentrum der Forschungsprojekte steht der Zusammenhang von Wahrnehmungsprozessen und der Anwendung mit ERGOSOMA\u00ae als Methode f\u00fcr die Wahrnehmungsschulung. In der&hellip;","og_url":"https:\/\/www.ergosom.de\/volkmer\/ergosoma\/forschung\/","og_site_name":"Ergosoma-Praxis Monika Volkmer","article_modified_time":"2022-04-03T11:45:30+00:00","twitter_card":"summary_large_image","twitter_misc":{"Gesch\u00e4tzte Lesezeit":"3\u00a0Minuten"},"schema":{"@context":"https:\/\/schema.org","@graph":[{"@type":"WebPage","@id":"https:\/\/www.ergosom.de\/volkmer\/ergosoma\/forschung\/","url":"https:\/\/www.ergosom.de\/volkmer\/ergosoma\/forschung\/","name":"Forschung - Ergosoma-Praxis Monika Volkmer","isPartOf":{"@id":"https:\/\/www.ergosom.de\/volkmer\/#website"},"datePublished":"2017-01-20T21:59:41+00:00","dateModified":"2022-04-03T11:45:30+00:00","breadcrumb":{"@id":"https:\/\/www.ergosom.de\/volkmer\/ergosoma\/forschung\/#breadcrumb"},"inLanguage":"de","potentialAction":[{"@type":"ReadAction","target":["https:\/\/www.ergosom.de\/volkmer\/ergosoma\/forschung\/"]}]},{"@type":"BreadcrumbList","@id":"https:\/\/www.ergosom.de\/volkmer\/ergosoma\/forschung\/#breadcrumb","itemListElement":[{"@type":"ListItem","position":1,"name":"Startseite","item":"https:\/\/www.ergosom.de\/volkmer\/"},{"@type":"ListItem","position":2,"name":"Ergosoma","item":"https:\/\/www.ergosom.de\/volkmer\/ergosoma\/"},{"@type":"ListItem","position":3,"name":"Forschung"}]},{"@type":"WebSite","@id":"https:\/\/www.ergosom.de\/volkmer\/#website","url":"https:\/\/www.ergosom.de\/volkmer\/","name":"Ergosoma-Praxis Monika Volkmer","description":"GESUNDHEIT   HARMONIE   GL\u00dcCK","publisher":{"@id":"https:\/\/www.ergosom.de\/volkmer\/#organization"},"potentialAction":[{"@type":"SearchAction","target":{"@type":"EntryPoint","urlTemplate":"https:\/\/www.ergosom.de\/volkmer\/?s={search_term_string}"},"query-input":"required name=search_term_string"}],"inLanguage":"de"},{"@type":"Organization","@id":"https:\/\/www.ergosom.de\/volkmer\/#organization","name":"Ergosoma-Praxis Monika Volkmer","url":"https:\/\/www.ergosom.de\/volkmer\/","logo":{"@type":"ImageObject","inLanguage":"de","@id":"https:\/\/www.ergosom.de\/volkmer\/#\/schema\/logo\/image\/","url":"https:\/\/www.ergosom.de\/volkmer\/wp-content\/uploads\/sites\/2\/2017\/01\/logo-ergosoma.jpg","contentUrl":"https:\/\/www.ergosom.de\/volkmer\/wp-content\/uploads\/sites\/2\/2017\/01\/logo-ergosoma.jpg","width":270,"height":170,"caption":"Ergosoma-Praxis Monika Volkmer"},"image":{"@id":"https:\/\/www.ergosom.de\/volkmer\/#\/schema\/logo\/image\/"}}]}},"_links":{"self":[{"href":"https:\/\/www.ergosom.de\/volkmer\/wp-json\/wp\/v2\/pages\/20"}],"collection":[{"href":"https:\/\/www.ergosom.de\/volkmer\/wp-json\/wp\/v2\/pages"}],"about":[{"href":"https:\/\/www.ergosom.de\/volkmer\/wp-json\/wp\/v2\/types\/page"}],"author":[{"embeddable":true,"href":"https:\/\/www.ergosom.de\/volkmer\/wp-json\/wp\/v2\/users\/2"}],"replies":[{"embeddable":true,"href":"https:\/\/www.ergosom.de\/volkmer\/wp-json\/wp\/v2\/comments?post=20"}],"version-history":[{"count":3,"href":"https:\/\/www.ergosom.de\/volkmer\/wp-json\/wp\/v2\/pages\/20\/revisions"}],"predecessor-version":[{"id":713,"href":"https:\/\/www.ergosom.de\/volkmer\/wp-json\/wp\/v2\/pages\/20\/revisions\/713"}],"up":[{"embeddable":true,"href":"https:\/\/www.ergosom.de\/volkmer\/wp-json\/wp\/v2\/pages\/11"}],"wp:attachment":[{"href":"https:\/\/www.ergosom.de\/volkmer\/wp-json\/wp\/v2\/media?parent=20"}],"curies":[{"name":"wp","href":"https:\/\/api.w.org\/{rel}","templated":true}]}}