{"id":18,"date":"2017-01-20T22:57:58","date_gmt":"2017-01-20T21:57:58","guid":{"rendered":"http:\/\/www.ergosom.de\/volkmer\/?page_id=18"},"modified":"2017-01-21T01:30:20","modified_gmt":"2017-01-21T00:30:20","slug":"bereiche","status":"publish","type":"page","link":"https:\/\/www.ergosom.de\/volkmer\/ergosoma\/bereiche\/","title":{"rendered":"Bereiche"},"content":{"rendered":"<p><b><span style=\"color: #993300;\">Medizin und Gesundheit<\/span><\/b><br \/>\n&#8211; Komplement\u00e4rmedizin, Physiotherapie, Pflege,<br \/>\nPsychosomatik und Pr\u00e4vention<br \/>\n&#8211; Unterst\u00fctzung und Bereicherung bei der Anwendung<br \/>\nanderer Heilmethoden<br \/>\n&#8211; Hyperaktivit\u00e4t und Ersch\u00f6pfungszust\u00e4nde<\/p>\n<p><b><span style=\"color: #993300;\">Gesundheitspflege<\/span><\/b><br \/>\n&#8211; Gesundheit, Wohlbefinden und Regeneration<br \/>\n&#8211; Unterst\u00fctzung bei der Wiedererlangung der gesunden<br \/>\nLebensfunktionen<\/p>\n<p><b><span style=\"color: #993300;\">Seelsorge, Notfallseelsorge<\/span><\/b><br \/>\n&#8211; Begleitung und Training<br \/>\n&#8211; Stabilisierung von Einsatz- und Hilfskr\u00e4ften<br \/>\n&#8211; Begleitung traumatisierter Personen<\/p>\n<p><b><span style=\"color: #993300;\">Pers\u00f6nlichkeitsentwicklung\/Selbsterkenntnis<\/span><\/b><br \/>\n&#8211; Erweiterung und Vertiefung von Achtsamkeit, Empathie<br \/>\nund Wertsch\u00e4tzung f\u00fcr sich und andere<\/p>\n","protected":false},"excerpt":{"rendered":"<p>Medizin und Gesundheit &#8211; Komplement\u00e4rmedizin, Physiotherapie, Pflege, Psychosomatik und Pr\u00e4vention &#8211; Unterst\u00fctzung und Bereicherung bei der Anwendung anderer Heilmethoden &#8211; Hyperaktivit\u00e4t und Ersch\u00f6pfungszust\u00e4nde Gesundheitspflege &#8211; Gesundheit, Wohlbefinden und Regeneration &#8211; Unterst\u00fctzung bei der Wiedererlangung der gesunden Lebensfunktionen Seelsorge, Notfallseelsorge &#8211;&hellip;<\/p>\n","protected":false},"author":2,"featured_media":0,"parent":11,"menu_order":3,"comment_status":"closed","ping_status":"closed","template":"","meta":{"ngg_post_thumbnail":0},"yoast_head":"<!-- This site is optimized with the Yoast SEO plugin v20.6 - https:\/\/yoast.com\/wordpress\/plugins\/seo\/ -->\n<title>Bereiche - Ergosoma-Praxis Monika Volkmer<\/title>\n<meta name=\"robots\" content=\"index, follow, max-snippet:-1, max-image-preview:large, max-video-preview:-1\" \/>\n<link rel=\"canonical\" href=\"https:\/\/www.ergosom.de\/volkmer\/ergosoma\/bereiche\/\" \/>\n<meta property=\"og:locale\" content=\"de_DE\" \/>\n<meta property=\"og:type\" content=\"article\" \/>\n<meta property=\"og:title\" content=\"Bereiche - Ergosoma-Praxis Monika Volkmer\" \/>\n<meta property=\"og:description\" content=\"Medizin und Gesundheit &#8211; Komplement\u00e4rmedizin, Physiotherapie, Pflege, Psychosomatik und Pr\u00e4vention &#8211; Unterst\u00fctzung und Bereicherung bei der Anwendung anderer Heilmethoden &#8211; Hyperaktivit\u00e4t und Ersch\u00f6pfungszust\u00e4nde Gesundheitspflege &#8211; Gesundheit, Wohlbefinden und Regeneration &#8211; Unterst\u00fctzung bei der Wiedererlangung der gesunden Lebensfunktionen Seelsorge, Notfallseelsorge &#8211;&hellip;\" \/>\n<meta property=\"og:url\" content=\"https:\/\/www.ergosom.de\/volkmer\/ergosoma\/bereiche\/\" \/>\n<meta property=\"og:site_name\" content=\"Ergosoma-Praxis Monika Volkmer\" \/>\n<meta property=\"article:modified_time\" content=\"2017-01-21T00:30:20+00:00\" \/>\n<meta name=\"twitter:card\" content=\"summary_large_image\" \/>\n<script type=\"application\/ld+json\" class=\"yoast-schema-graph\">{\"@context\":\"https:\/\/schema.org\",\"@graph\":[{\"@type\":\"WebPage\",\"@id\":\"https:\/\/www.ergosom.de\/volkmer\/ergosoma\/bereiche\/\",\"url\":\"https:\/\/www.ergosom.de\/volkmer\/ergosoma\/bereiche\/\",\"name\":\"Bereiche - Ergosoma-Praxis Monika Volkmer\",\"isPartOf\":{\"@id\":\"https:\/\/www.ergosom.de\/volkmer\/#website\"},\"datePublished\":\"2017-01-20T21:57:58+00:00\",\"dateModified\":\"2017-01-21T00:30:20+00:00\",\"breadcrumb\":{\"@id\":\"https:\/\/www.ergosom.de\/volkmer\/ergosoma\/bereiche\/#breadcrumb\"},\"inLanguage\":\"de\",\"potentialAction\":[{\"@type\":\"ReadAction\",\"target\":[\"https:\/\/www.ergosom.de\/volkmer\/ergosoma\/bereiche\/\"]}]},{\"@type\":\"BreadcrumbList\",\"@id\":\"https:\/\/www.ergosom.de\/volkmer\/ergosoma\/bereiche\/#breadcrumb\",\"itemListElement\":[{\"@type\":\"ListItem\",\"position\":1,\"name\":\"Startseite\",\"item\":\"https:\/\/www.ergosom.de\/volkmer\/\"},{\"@type\":\"ListItem\",\"position\":2,\"name\":\"Ergosoma\",\"item\":\"https:\/\/www.ergosom.de\/volkmer\/ergosoma\/\"},{\"@type\":\"ListItem\",\"position\":3,\"name\":\"Bereiche\"}]},{\"@type\":\"WebSite\",\"@id\":\"https:\/\/www.ergosom.de\/volkmer\/#website\",\"url\":\"https:\/\/www.ergosom.de\/volkmer\/\",\"name\":\"Ergosoma-Praxis Monika Volkmer\",\"description\":\"GESUNDHEIT   HARMONIE   GL\u00dcCK\",\"publisher\":{\"@id\":\"https:\/\/www.ergosom.de\/volkmer\/#organization\"},\"potentialAction\":[{\"@type\":\"SearchAction\",\"target\":{\"@type\":\"EntryPoint\",\"urlTemplate\":\"https:\/\/www.ergosom.de\/volkmer\/?s={search_term_string}\"},\"query-input\":\"required name=search_term_string\"}],\"inLanguage\":\"de\"},{\"@type\":\"Organization\",\"@id\":\"https:\/\/www.ergosom.de\/volkmer\/#organization\",\"name\":\"Ergosoma-Praxis Monika Volkmer\",\"url\":\"https:\/\/www.ergosom.de\/volkmer\/\",\"logo\":{\"@type\":\"ImageObject\",\"inLanguage\":\"de\",\"@id\":\"https:\/\/www.ergosom.de\/volkmer\/#\/schema\/logo\/image\/\",\"url\":\"https:\/\/www.ergosom.de\/volkmer\/wp-content\/uploads\/sites\/2\/2017\/01\/logo-ergosoma.jpg\",\"contentUrl\":\"https:\/\/www.ergosom.de\/volkmer\/wp-content\/uploads\/sites\/2\/2017\/01\/logo-ergosoma.jpg\",\"width\":270,\"height\":170,\"caption\":\"Ergosoma-Praxis Monika Volkmer\"},\"image\":{\"@id\":\"https:\/\/www.ergosom.de\/volkmer\/#\/schema\/logo\/image\/\"}}]}<\/script>\n<!-- \/ Yoast SEO plugin. -->","yoast_head_json":{"title":"Bereiche - Ergosoma-Praxis Monika Volkmer","robots":{"index":"index","follow":"follow","max-snippet":"max-snippet:-1","max-image-preview":"max-image-preview:large","max-video-preview":"max-video-preview:-1"},"canonical":"https:\/\/www.ergosom.de\/volkmer\/ergosoma\/bereiche\/","og_locale":"de_DE","og_type":"article","og_title":"Bereiche - Ergosoma-Praxis Monika Volkmer","og_description":"Medizin und Gesundheit &#8211; Komplement\u00e4rmedizin, Physiotherapie, Pflege, Psychosomatik und Pr\u00e4vention &#8211; Unterst\u00fctzung und Bereicherung bei der Anwendung anderer Heilmethoden &#8211; Hyperaktivit\u00e4t und Ersch\u00f6pfungszust\u00e4nde Gesundheitspflege &#8211; Gesundheit, Wohlbefinden und Regeneration &#8211; Unterst\u00fctzung bei der Wiedererlangung der gesunden Lebensfunktionen Seelsorge, Notfallseelsorge &#8211;&hellip;","og_url":"https:\/\/www.ergosom.de\/volkmer\/ergosoma\/bereiche\/","og_site_name":"Ergosoma-Praxis Monika Volkmer","article_modified_time":"2017-01-21T00:30:20+00:00","twitter_card":"summary_large_image","schema":{"@context":"https:\/\/schema.org","@graph":[{"@type":"WebPage","@id":"https:\/\/www.ergosom.de\/volkmer\/ergosoma\/bereiche\/","url":"https:\/\/www.ergosom.de\/volkmer\/ergosoma\/bereiche\/","name":"Bereiche - Ergosoma-Praxis Monika Volkmer","isPartOf":{"@id":"https:\/\/www.ergosom.de\/volkmer\/#website"},"datePublished":"2017-01-20T21:57:58+00:00","dateModified":"2017-01-21T00:30:20+00:00","breadcrumb":{"@id":"https:\/\/www.ergosom.de\/volkmer\/ergosoma\/bereiche\/#breadcrumb"},"inLanguage":"de","potentialAction":[{"@type":"ReadAction","target":["https:\/\/www.ergosom.de\/volkmer\/ergosoma\/bereiche\/"]}]},{"@type":"BreadcrumbList","@id":"https:\/\/www.ergosom.de\/volkmer\/ergosoma\/bereiche\/#breadcrumb","itemListElement":[{"@type":"ListItem","position":1,"name":"Startseite","item":"https:\/\/www.ergosom.de\/volkmer\/"},{"@type":"ListItem","position":2,"name":"Ergosoma","item":"https:\/\/www.ergosom.de\/volkmer\/ergosoma\/"},{"@type":"ListItem","position":3,"name":"Bereiche"}]},{"@type":"WebSite","@id":"https:\/\/www.ergosom.de\/volkmer\/#website","url":"https:\/\/www.ergosom.de\/volkmer\/","name":"Ergosoma-Praxis Monika Volkmer","description":"GESUNDHEIT   HARMONIE   GL\u00dcCK","publisher":{"@id":"https:\/\/www.ergosom.de\/volkmer\/#organization"},"potentialAction":[{"@type":"SearchAction","target":{"@type":"EntryPoint","urlTemplate":"https:\/\/www.ergosom.de\/volkmer\/?s={search_term_string}"},"query-input":"required name=search_term_string"}],"inLanguage":"de"},{"@type":"Organization","@id":"https:\/\/www.ergosom.de\/volkmer\/#organization","name":"Ergosoma-Praxis Monika Volkmer","url":"https:\/\/www.ergosom.de\/volkmer\/","logo":{"@type":"ImageObject","inLanguage":"de","@id":"https:\/\/www.ergosom.de\/volkmer\/#\/schema\/logo\/image\/","url":"https:\/\/www.ergosom.de\/volkmer\/wp-content\/uploads\/sites\/2\/2017\/01\/logo-ergosoma.jpg","contentUrl":"https:\/\/www.ergosom.de\/volkmer\/wp-content\/uploads\/sites\/2\/2017\/01\/logo-ergosoma.jpg","width":270,"height":170,"caption":"Ergosoma-Praxis Monika Volkmer"},"image":{"@id":"https:\/\/www.ergosom.de\/volkmer\/#\/schema\/logo\/image\/"}}]}},"_links":{"self":[{"href":"https:\/\/www.ergosom.de\/volkmer\/wp-json\/wp\/v2\/pages\/18"}],"collection":[{"href":"https:\/\/www.ergosom.de\/volkmer\/wp-json\/wp\/v2\/pages"}],"about":[{"href":"https:\/\/www.ergosom.de\/volkmer\/wp-json\/wp\/v2\/types\/page"}],"author":[{"embeddable":true,"href":"https:\/\/www.ergosom.de\/volkmer\/wp-json\/wp\/v2\/users\/2"}],"replies":[{"embeddable":true,"href":"https:\/\/www.ergosom.de\/volkmer\/wp-json\/wp\/v2\/comments?post=18"}],"version-history":[{"count":5,"href":"https:\/\/www.ergosom.de\/volkmer\/wp-json\/wp\/v2\/pages\/18\/revisions"}],"predecessor-version":[{"id":125,"href":"https:\/\/www.ergosom.de\/volkmer\/wp-json\/wp\/v2\/pages\/18\/revisions\/125"}],"up":[{"embeddable":true,"href":"https:\/\/www.ergosom.de\/volkmer\/wp-json\/wp\/v2\/pages\/11"}],"wp:attachment":[{"href":"https:\/\/www.ergosom.de\/volkmer\/wp-json\/wp\/v2\/media?parent=18"}],"curies":[{"name":"wp","href":"https:\/\/api.w.org\/{rel}","templated":true}]}}