{"id":16,"date":"2017-01-20T22:56:38","date_gmt":"2017-01-20T21:56:38","guid":{"rendered":"http:\/\/www.ergosom.de\/volkmer\/?page_id=16"},"modified":"2019-02-06T18:40:58","modified_gmt":"2019-02-06T17:40:58","slug":"wirkung","status":"publish","type":"page","link":"https:\/\/www.ergosom.de\/volkmer\/ergosoma\/wirkung\/","title":{"rendered":"Wirkung"},"content":{"rendered":"<p>Ergosom versteht sich als komplement\u00e4r medizinische Methode. Sie dient der Pr\u00e4vention und den Prozessen der Gesundung.<\/p>\n<p><img decoding=\"async\" loading=\"lazy\" class=\"size-full wp-image-146 alignright\" src=\"http:\/\/www.ergosom.de\/volkmer\/wp-content\/uploads\/sites\/2\/2017\/01\/monprax2.jpg\" alt=\"\" width=\"227\" height=\"170\">Ergosom f\u00f6rdert die Regeneration des K\u00f6rpers<\/p>\n<p>Ergosom unterst\u00fctzt die Wirkung von medizinischen Therapien durch Reinigung und Ausgleich<\/p>\n<p>Ergosom beruhigt K\u00f6rper und Geist, f\u00fchrt zu Ausgeglichenheit auf emotionaler Ebene und unterst\u00fctzt die Entwicklung Ihrer Selbstwahrnehmung und intuitiven F\u00e4higkeiten.<\/p>\n<p>Mehr \u00fcber die Wirkung von Ergosom und den Forschungsergebnissen dazu finden Sie <a href=\"http:\/\/web.archive.org\/web\/20121201055119\/http:\/www.ergosom.org\/forschung\">hier<\/a><\/p>\n<p><iframe loading=\"lazy\" src=\"https:\/\/player.vimeo.com\/video\/315702604\" allowfullscreen=\"allowfullscreen\" width=\"640\" height=\"480\" frameborder=\"0\"><\/iframe><\/p>\n","protected":false},"excerpt":{"rendered":"<p>Ergosom versteht sich als komplement\u00e4r medizinische Methode. Sie dient der Pr\u00e4vention und den Prozessen der Gesundung. Ergosom f\u00f6rdert die Regeneration des K\u00f6rpers Ergosom unterst\u00fctzt die Wirkung von medizinischen Therapien durch Reinigung und Ausgleich Ergosom beruhigt K\u00f6rper und Geist, f\u00fchrt zu&hellip;<\/p>\n","protected":false},"author":2,"featured_media":0,"parent":11,"menu_order":2,"comment_status":"closed","ping_status":"closed","template":"","meta":{"ngg_post_thumbnail":0},"yoast_head":"<!-- This site is optimized with the Yoast SEO plugin v20.6 - https:\/\/yoast.com\/wordpress\/plugins\/seo\/ -->\n<title>Wirkung - Ergosoma-Praxis Monika Volkmer<\/title>\n<meta name=\"robots\" content=\"index, follow, max-snippet:-1, max-image-preview:large, max-video-preview:-1\" \/>\n<link rel=\"canonical\" href=\"https:\/\/www.ergosom.de\/volkmer\/ergosoma\/wirkung\/\" \/>\n<meta property=\"og:locale\" content=\"de_DE\" \/>\n<meta property=\"og:type\" content=\"article\" \/>\n<meta property=\"og:title\" content=\"Wirkung - Ergosoma-Praxis Monika Volkmer\" \/>\n<meta property=\"og:description\" content=\"Ergosom versteht sich als komplement\u00e4r medizinische Methode. Sie dient der Pr\u00e4vention und den Prozessen der Gesundung. Ergosom f\u00f6rdert die Regeneration des K\u00f6rpers Ergosom unterst\u00fctzt die Wirkung von medizinischen Therapien durch Reinigung und Ausgleich Ergosom beruhigt K\u00f6rper und Geist, f\u00fchrt zu&hellip;\" \/>\n<meta property=\"og:url\" content=\"https:\/\/www.ergosom.de\/volkmer\/ergosoma\/wirkung\/\" \/>\n<meta property=\"og:site_name\" content=\"Ergosoma-Praxis Monika Volkmer\" \/>\n<meta property=\"article:modified_time\" content=\"2019-02-06T17:40:58+00:00\" \/>\n<meta property=\"og:image\" content=\"http:\/\/www.ergosom.de\/volkmer\/wp-content\/uploads\/sites\/2\/2017\/01\/monprax2.jpg\" \/>\n<meta name=\"twitter:card\" content=\"summary_large_image\" \/>\n<script type=\"application\/ld+json\" class=\"yoast-schema-graph\">{\"@context\":\"https:\/\/schema.org\",\"@graph\":[{\"@type\":\"WebPage\",\"@id\":\"https:\/\/www.ergosom.de\/volkmer\/ergosoma\/wirkung\/\",\"url\":\"https:\/\/www.ergosom.de\/volkmer\/ergosoma\/wirkung\/\",\"name\":\"Wirkung - Ergosoma-Praxis Monika Volkmer\",\"isPartOf\":{\"@id\":\"https:\/\/www.ergosom.de\/volkmer\/#website\"},\"datePublished\":\"2017-01-20T21:56:38+00:00\",\"dateModified\":\"2019-02-06T17:40:58+00:00\",\"breadcrumb\":{\"@id\":\"https:\/\/www.ergosom.de\/volkmer\/ergosoma\/wirkung\/#breadcrumb\"},\"inLanguage\":\"de\",\"potentialAction\":[{\"@type\":\"ReadAction\",\"target\":[\"https:\/\/www.ergosom.de\/volkmer\/ergosoma\/wirkung\/\"]}]},{\"@type\":\"BreadcrumbList\",\"@id\":\"https:\/\/www.ergosom.de\/volkmer\/ergosoma\/wirkung\/#breadcrumb\",\"itemListElement\":[{\"@type\":\"ListItem\",\"position\":1,\"name\":\"Startseite\",\"item\":\"https:\/\/www.ergosom.de\/volkmer\/\"},{\"@type\":\"ListItem\",\"position\":2,\"name\":\"Ergosoma\",\"item\":\"https:\/\/www.ergosom.de\/volkmer\/ergosoma\/\"},{\"@type\":\"ListItem\",\"position\":3,\"name\":\"Wirkung\"}]},{\"@type\":\"WebSite\",\"@id\":\"https:\/\/www.ergosom.de\/volkmer\/#website\",\"url\":\"https:\/\/www.ergosom.de\/volkmer\/\",\"name\":\"Ergosoma-Praxis Monika Volkmer\",\"description\":\"GESUNDHEIT   HARMONIE   GL\u00dcCK\",\"publisher\":{\"@id\":\"https:\/\/www.ergosom.de\/volkmer\/#organization\"},\"potentialAction\":[{\"@type\":\"SearchAction\",\"target\":{\"@type\":\"EntryPoint\",\"urlTemplate\":\"https:\/\/www.ergosom.de\/volkmer\/?s={search_term_string}\"},\"query-input\":\"required name=search_term_string\"}],\"inLanguage\":\"de\"},{\"@type\":\"Organization\",\"@id\":\"https:\/\/www.ergosom.de\/volkmer\/#organization\",\"name\":\"Ergosoma-Praxis Monika Volkmer\",\"url\":\"https:\/\/www.ergosom.de\/volkmer\/\",\"logo\":{\"@type\":\"ImageObject\",\"inLanguage\":\"de\",\"@id\":\"https:\/\/www.ergosom.de\/volkmer\/#\/schema\/logo\/image\/\",\"url\":\"https:\/\/www.ergosom.de\/volkmer\/wp-content\/uploads\/sites\/2\/2017\/01\/logo-ergosoma.jpg\",\"contentUrl\":\"https:\/\/www.ergosom.de\/volkmer\/wp-content\/uploads\/sites\/2\/2017\/01\/logo-ergosoma.jpg\",\"width\":270,\"height\":170,\"caption\":\"Ergosoma-Praxis Monika Volkmer\"},\"image\":{\"@id\":\"https:\/\/www.ergosom.de\/volkmer\/#\/schema\/logo\/image\/\"}}]}<\/script>\n<!-- \/ Yoast SEO plugin. -->","yoast_head_json":{"title":"Wirkung - Ergosoma-Praxis Monika Volkmer","robots":{"index":"index","follow":"follow","max-snippet":"max-snippet:-1","max-image-preview":"max-image-preview:large","max-video-preview":"max-video-preview:-1"},"canonical":"https:\/\/www.ergosom.de\/volkmer\/ergosoma\/wirkung\/","og_locale":"de_DE","og_type":"article","og_title":"Wirkung - Ergosoma-Praxis Monika Volkmer","og_description":"Ergosom versteht sich als komplement\u00e4r medizinische Methode. Sie dient der Pr\u00e4vention und den Prozessen der Gesundung. Ergosom f\u00f6rdert die Regeneration des K\u00f6rpers Ergosom unterst\u00fctzt die Wirkung von medizinischen Therapien durch Reinigung und Ausgleich Ergosom beruhigt K\u00f6rper und Geist, f\u00fchrt zu&hellip;","og_url":"https:\/\/www.ergosom.de\/volkmer\/ergosoma\/wirkung\/","og_site_name":"Ergosoma-Praxis Monika Volkmer","article_modified_time":"2019-02-06T17:40:58+00:00","og_image":[{"url":"http:\/\/www.ergosom.de\/volkmer\/wp-content\/uploads\/sites\/2\/2017\/01\/monprax2.jpg"}],"twitter_card":"summary_large_image","schema":{"@context":"https:\/\/schema.org","@graph":[{"@type":"WebPage","@id":"https:\/\/www.ergosom.de\/volkmer\/ergosoma\/wirkung\/","url":"https:\/\/www.ergosom.de\/volkmer\/ergosoma\/wirkung\/","name":"Wirkung - Ergosoma-Praxis Monika Volkmer","isPartOf":{"@id":"https:\/\/www.ergosom.de\/volkmer\/#website"},"datePublished":"2017-01-20T21:56:38+00:00","dateModified":"2019-02-06T17:40:58+00:00","breadcrumb":{"@id":"https:\/\/www.ergosom.de\/volkmer\/ergosoma\/wirkung\/#breadcrumb"},"inLanguage":"de","potentialAction":[{"@type":"ReadAction","target":["https:\/\/www.ergosom.de\/volkmer\/ergosoma\/wirkung\/"]}]},{"@type":"BreadcrumbList","@id":"https:\/\/www.ergosom.de\/volkmer\/ergosoma\/wirkung\/#breadcrumb","itemListElement":[{"@type":"ListItem","position":1,"name":"Startseite","item":"https:\/\/www.ergosom.de\/volkmer\/"},{"@type":"ListItem","position":2,"name":"Ergosoma","item":"https:\/\/www.ergosom.de\/volkmer\/ergosoma\/"},{"@type":"ListItem","position":3,"name":"Wirkung"}]},{"@type":"WebSite","@id":"https:\/\/www.ergosom.de\/volkmer\/#website","url":"https:\/\/www.ergosom.de\/volkmer\/","name":"Ergosoma-Praxis Monika Volkmer","description":"GESUNDHEIT   HARMONIE   GL\u00dcCK","publisher":{"@id":"https:\/\/www.ergosom.de\/volkmer\/#organization"},"potentialAction":[{"@type":"SearchAction","target":{"@type":"EntryPoint","urlTemplate":"https:\/\/www.ergosom.de\/volkmer\/?s={search_term_string}"},"query-input":"required name=search_term_string"}],"inLanguage":"de"},{"@type":"Organization","@id":"https:\/\/www.ergosom.de\/volkmer\/#organization","name":"Ergosoma-Praxis Monika Volkmer","url":"https:\/\/www.ergosom.de\/volkmer\/","logo":{"@type":"ImageObject","inLanguage":"de","@id":"https:\/\/www.ergosom.de\/volkmer\/#\/schema\/logo\/image\/","url":"https:\/\/www.ergosom.de\/volkmer\/wp-content\/uploads\/sites\/2\/2017\/01\/logo-ergosoma.jpg","contentUrl":"https:\/\/www.ergosom.de\/volkmer\/wp-content\/uploads\/sites\/2\/2017\/01\/logo-ergosoma.jpg","width":270,"height":170,"caption":"Ergosoma-Praxis Monika Volkmer"},"image":{"@id":"https:\/\/www.ergosom.de\/volkmer\/#\/schema\/logo\/image\/"}}]}},"_links":{"self":[{"href":"https:\/\/www.ergosom.de\/volkmer\/wp-json\/wp\/v2\/pages\/16"}],"collection":[{"href":"https:\/\/www.ergosom.de\/volkmer\/wp-json\/wp\/v2\/pages"}],"about":[{"href":"https:\/\/www.ergosom.de\/volkmer\/wp-json\/wp\/v2\/types\/page"}],"author":[{"embeddable":true,"href":"https:\/\/www.ergosom.de\/volkmer\/wp-json\/wp\/v2\/users\/2"}],"replies":[{"embeddable":true,"href":"https:\/\/www.ergosom.de\/volkmer\/wp-json\/wp\/v2\/comments?post=16"}],"version-history":[{"count":6,"href":"https:\/\/www.ergosom.de\/volkmer\/wp-json\/wp\/v2\/pages\/16\/revisions"}],"predecessor-version":[{"id":399,"href":"https:\/\/www.ergosom.de\/volkmer\/wp-json\/wp\/v2\/pages\/16\/revisions\/399"}],"up":[{"embeddable":true,"href":"https:\/\/www.ergosom.de\/volkmer\/wp-json\/wp\/v2\/pages\/11"}],"wp:attachment":[{"href":"https:\/\/www.ergosom.de\/volkmer\/wp-json\/wp\/v2\/media?parent=16"}],"curies":[{"name":"wp","href":"https:\/\/api.w.org\/{rel}","templated":true}]}}