{"id":13,"date":"2017-01-20T22:50:02","date_gmt":"2017-01-20T21:50:02","guid":{"rendered":"http:\/\/www.ergosom.de\/volkmer\/?page_id=13"},"modified":"2019-02-06T17:11:48","modified_gmt":"2019-02-06T16:11:48","slug":"behandlung","status":"publish","type":"page","link":"https:\/\/www.ergosom.de\/volkmer\/ergosoma\/behandlung\/","title":{"rendered":"Behandlung"},"content":{"rendered":"<p><img decoding=\"async\" loading=\"lazy\" class=\"alignleft wp-image-142\" src=\"http:\/\/www.ergosom.de\/volkmer\/wp-content\/uploads\/sites\/2\/2017\/01\/monprax1.jpg\" width=\"178\" height=\"237\">In bequemer Kleidung, sitzend oder liegend, wie es Ihnen angenehm ist, werden Sie ber\u00fchrt.<\/p>\n<p>Dabei sind die H\u00e4nde des Behandelnden wie behutsame, sensible Werkzeuge, die Spannungen, thermische oder rhythmische Bewegungsph\u00e4nomene ertasten und ausgleichen.<\/p>\n<p>Die Energiebahnen werden dadurch neu vernetzt und energetische K\u00f6rperstrukturen stabilisiert.<\/p>\n<p>Ihr K\u00f6per findet zur\u00fcck zu seiner nat\u00fcrlichen F\u00e4higkeit der Regeneration und Selbstregulation.<\/p>\n","protected":false},"excerpt":{"rendered":"<p>In bequemer Kleidung, sitzend oder liegend, wie es Ihnen angenehm ist, werden Sie ber\u00fchrt. Dabei sind die H\u00e4nde des Behandelnden wie behutsame, sensible Werkzeuge, die Spannungen, thermische oder rhythmische Bewegungsph\u00e4nomene ertasten und ausgleichen. Die Energiebahnen werden dadurch neu vernetzt und&hellip;<\/p>\n","protected":false},"author":2,"featured_media":0,"parent":11,"menu_order":1,"comment_status":"closed","ping_status":"closed","template":"","meta":{"ngg_post_thumbnail":0},"yoast_head":"<!-- This site is optimized with the Yoast SEO plugin v20.6 - https:\/\/yoast.com\/wordpress\/plugins\/seo\/ -->\n<title>Behandlung - Ergosoma-Praxis Monika Volkmer<\/title>\n<meta name=\"robots\" content=\"index, follow, max-snippet:-1, max-image-preview:large, max-video-preview:-1\" \/>\n<link rel=\"canonical\" href=\"https:\/\/www.ergosom.de\/volkmer\/ergosoma\/behandlung\/\" \/>\n<meta property=\"og:locale\" content=\"de_DE\" \/>\n<meta property=\"og:type\" content=\"article\" \/>\n<meta property=\"og:title\" content=\"Behandlung - Ergosoma-Praxis Monika Volkmer\" \/>\n<meta property=\"og:description\" content=\"In bequemer Kleidung, sitzend oder liegend, wie es Ihnen angenehm ist, werden Sie ber\u00fchrt. Dabei sind die H\u00e4nde des Behandelnden wie behutsame, sensible Werkzeuge, die Spannungen, thermische oder rhythmische Bewegungsph\u00e4nomene ertasten und ausgleichen. Die Energiebahnen werden dadurch neu vernetzt und&hellip;\" \/>\n<meta property=\"og:url\" content=\"https:\/\/www.ergosom.de\/volkmer\/ergosoma\/behandlung\/\" \/>\n<meta property=\"og:site_name\" content=\"Ergosoma-Praxis Monika Volkmer\" \/>\n<meta property=\"article:modified_time\" content=\"2019-02-06T16:11:48+00:00\" \/>\n<meta property=\"og:image\" content=\"http:\/\/www.ergosom.de\/volkmer\/wp-content\/uploads\/sites\/2\/2017\/01\/monprax1.jpg\" \/>\n<meta name=\"twitter:card\" content=\"summary_large_image\" \/>\n<script type=\"application\/ld+json\" class=\"yoast-schema-graph\">{\"@context\":\"https:\/\/schema.org\",\"@graph\":[{\"@type\":\"WebPage\",\"@id\":\"https:\/\/www.ergosom.de\/volkmer\/ergosoma\/behandlung\/\",\"url\":\"https:\/\/www.ergosom.de\/volkmer\/ergosoma\/behandlung\/\",\"name\":\"Behandlung - Ergosoma-Praxis Monika Volkmer\",\"isPartOf\":{\"@id\":\"https:\/\/www.ergosom.de\/volkmer\/#website\"},\"datePublished\":\"2017-01-20T21:50:02+00:00\",\"dateModified\":\"2019-02-06T16:11:48+00:00\",\"breadcrumb\":{\"@id\":\"https:\/\/www.ergosom.de\/volkmer\/ergosoma\/behandlung\/#breadcrumb\"},\"inLanguage\":\"de\",\"potentialAction\":[{\"@type\":\"ReadAction\",\"target\":[\"https:\/\/www.ergosom.de\/volkmer\/ergosoma\/behandlung\/\"]}]},{\"@type\":\"BreadcrumbList\",\"@id\":\"https:\/\/www.ergosom.de\/volkmer\/ergosoma\/behandlung\/#breadcrumb\",\"itemListElement\":[{\"@type\":\"ListItem\",\"position\":1,\"name\":\"Startseite\",\"item\":\"https:\/\/www.ergosom.de\/volkmer\/\"},{\"@type\":\"ListItem\",\"position\":2,\"name\":\"Ergosoma\",\"item\":\"https:\/\/www.ergosom.de\/volkmer\/ergosoma\/\"},{\"@type\":\"ListItem\",\"position\":3,\"name\":\"Behandlung\"}]},{\"@type\":\"WebSite\",\"@id\":\"https:\/\/www.ergosom.de\/volkmer\/#website\",\"url\":\"https:\/\/www.ergosom.de\/volkmer\/\",\"name\":\"Ergosoma-Praxis Monika Volkmer\",\"description\":\"GESUNDHEIT   HARMONIE   GL\u00dcCK\",\"publisher\":{\"@id\":\"https:\/\/www.ergosom.de\/volkmer\/#organization\"},\"potentialAction\":[{\"@type\":\"SearchAction\",\"target\":{\"@type\":\"EntryPoint\",\"urlTemplate\":\"https:\/\/www.ergosom.de\/volkmer\/?s={search_term_string}\"},\"query-input\":\"required name=search_term_string\"}],\"inLanguage\":\"de\"},{\"@type\":\"Organization\",\"@id\":\"https:\/\/www.ergosom.de\/volkmer\/#organization\",\"name\":\"Ergosoma-Praxis Monika Volkmer\",\"url\":\"https:\/\/www.ergosom.de\/volkmer\/\",\"logo\":{\"@type\":\"ImageObject\",\"inLanguage\":\"de\",\"@id\":\"https:\/\/www.ergosom.de\/volkmer\/#\/schema\/logo\/image\/\",\"url\":\"https:\/\/www.ergosom.de\/volkmer\/wp-content\/uploads\/sites\/2\/2017\/01\/logo-ergosoma.jpg\",\"contentUrl\":\"https:\/\/www.ergosom.de\/volkmer\/wp-content\/uploads\/sites\/2\/2017\/01\/logo-ergosoma.jpg\",\"width\":270,\"height\":170,\"caption\":\"Ergosoma-Praxis Monika Volkmer\"},\"image\":{\"@id\":\"https:\/\/www.ergosom.de\/volkmer\/#\/schema\/logo\/image\/\"}}]}<\/script>\n<!-- \/ Yoast SEO plugin. -->","yoast_head_json":{"title":"Behandlung - Ergosoma-Praxis Monika Volkmer","robots":{"index":"index","follow":"follow","max-snippet":"max-snippet:-1","max-image-preview":"max-image-preview:large","max-video-preview":"max-video-preview:-1"},"canonical":"https:\/\/www.ergosom.de\/volkmer\/ergosoma\/behandlung\/","og_locale":"de_DE","og_type":"article","og_title":"Behandlung - Ergosoma-Praxis Monika Volkmer","og_description":"In bequemer Kleidung, sitzend oder liegend, wie es Ihnen angenehm ist, werden Sie ber\u00fchrt. Dabei sind die H\u00e4nde des Behandelnden wie behutsame, sensible Werkzeuge, die Spannungen, thermische oder rhythmische Bewegungsph\u00e4nomene ertasten und ausgleichen. Die Energiebahnen werden dadurch neu vernetzt und&hellip;","og_url":"https:\/\/www.ergosom.de\/volkmer\/ergosoma\/behandlung\/","og_site_name":"Ergosoma-Praxis Monika Volkmer","article_modified_time":"2019-02-06T16:11:48+00:00","og_image":[{"url":"http:\/\/www.ergosom.de\/volkmer\/wp-content\/uploads\/sites\/2\/2017\/01\/monprax1.jpg"}],"twitter_card":"summary_large_image","schema":{"@context":"https:\/\/schema.org","@graph":[{"@type":"WebPage","@id":"https:\/\/www.ergosom.de\/volkmer\/ergosoma\/behandlung\/","url":"https:\/\/www.ergosom.de\/volkmer\/ergosoma\/behandlung\/","name":"Behandlung - Ergosoma-Praxis Monika Volkmer","isPartOf":{"@id":"https:\/\/www.ergosom.de\/volkmer\/#website"},"datePublished":"2017-01-20T21:50:02+00:00","dateModified":"2019-02-06T16:11:48+00:00","breadcrumb":{"@id":"https:\/\/www.ergosom.de\/volkmer\/ergosoma\/behandlung\/#breadcrumb"},"inLanguage":"de","potentialAction":[{"@type":"ReadAction","target":["https:\/\/www.ergosom.de\/volkmer\/ergosoma\/behandlung\/"]}]},{"@type":"BreadcrumbList","@id":"https:\/\/www.ergosom.de\/volkmer\/ergosoma\/behandlung\/#breadcrumb","itemListElement":[{"@type":"ListItem","position":1,"name":"Startseite","item":"https:\/\/www.ergosom.de\/volkmer\/"},{"@type":"ListItem","position":2,"name":"Ergosoma","item":"https:\/\/www.ergosom.de\/volkmer\/ergosoma\/"},{"@type":"ListItem","position":3,"name":"Behandlung"}]},{"@type":"WebSite","@id":"https:\/\/www.ergosom.de\/volkmer\/#website","url":"https:\/\/www.ergosom.de\/volkmer\/","name":"Ergosoma-Praxis Monika Volkmer","description":"GESUNDHEIT   HARMONIE   GL\u00dcCK","publisher":{"@id":"https:\/\/www.ergosom.de\/volkmer\/#organization"},"potentialAction":[{"@type":"SearchAction","target":{"@type":"EntryPoint","urlTemplate":"https:\/\/www.ergosom.de\/volkmer\/?s={search_term_string}"},"query-input":"required name=search_term_string"}],"inLanguage":"de"},{"@type":"Organization","@id":"https:\/\/www.ergosom.de\/volkmer\/#organization","name":"Ergosoma-Praxis Monika Volkmer","url":"https:\/\/www.ergosom.de\/volkmer\/","logo":{"@type":"ImageObject","inLanguage":"de","@id":"https:\/\/www.ergosom.de\/volkmer\/#\/schema\/logo\/image\/","url":"https:\/\/www.ergosom.de\/volkmer\/wp-content\/uploads\/sites\/2\/2017\/01\/logo-ergosoma.jpg","contentUrl":"https:\/\/www.ergosom.de\/volkmer\/wp-content\/uploads\/sites\/2\/2017\/01\/logo-ergosoma.jpg","width":270,"height":170,"caption":"Ergosoma-Praxis Monika Volkmer"},"image":{"@id":"https:\/\/www.ergosom.de\/volkmer\/#\/schema\/logo\/image\/"}}]}},"_links":{"self":[{"href":"https:\/\/www.ergosom.de\/volkmer\/wp-json\/wp\/v2\/pages\/13"}],"collection":[{"href":"https:\/\/www.ergosom.de\/volkmer\/wp-json\/wp\/v2\/pages"}],"about":[{"href":"https:\/\/www.ergosom.de\/volkmer\/wp-json\/wp\/v2\/types\/page"}],"author":[{"embeddable":true,"href":"https:\/\/www.ergosom.de\/volkmer\/wp-json\/wp\/v2\/users\/2"}],"replies":[{"embeddable":true,"href":"https:\/\/www.ergosom.de\/volkmer\/wp-json\/wp\/v2\/comments?post=13"}],"version-history":[{"count":5,"href":"https:\/\/www.ergosom.de\/volkmer\/wp-json\/wp\/v2\/pages\/13\/revisions"}],"predecessor-version":[{"id":397,"href":"https:\/\/www.ergosom.de\/volkmer\/wp-json\/wp\/v2\/pages\/13\/revisions\/397"}],"up":[{"embeddable":true,"href":"https:\/\/www.ergosom.de\/volkmer\/wp-json\/wp\/v2\/pages\/11"}],"wp:attachment":[{"href":"https:\/\/www.ergosom.de\/volkmer\/wp-json\/wp\/v2\/media?parent=13"}],"curies":[{"name":"wp","href":"https:\/\/api.w.org\/{rel}","templated":true}]}}