{"id":11,"date":"2017-01-20T22:48:26","date_gmt":"2017-01-20T21:48:26","guid":{"rendered":"http:\/\/www.ergosom.de\/volkmer\/?page_id=11"},"modified":"2021-08-07T00:24:20","modified_gmt":"2021-08-06T22:24:20","slug":"ergosoma","status":"publish","type":"page","link":"https:\/\/www.ergosom.de\/volkmer\/ergosoma\/","title":{"rendered":"Ergosoma"},"content":{"rendered":"<p><strong><span style=\"color: #993300;\">Wellenl\u00e4nge<\/span><\/strong><\/p>\n<p>So zuverl\u00e4ssig und unbemerkt wie das Blut in unserem K\u00f6rper kreist, bewegt sich die Lebensenergie in uns und um uns herum. Sie dr\u00fcckt sich zum Beispiel in den schwingenden und pulsierenden Bewegungen zwischen den K\u00f6rperzellen aus. Oder in den Schwingungen mit denen wir Kontakt aufnehmen zu den Dingen und Menschen um uns herum. Auch wenn Sie diese Schwingungen nicht wahrnehmen, beziehen Sie sich unbewusst auf diese Art der Kommunikation, wenn Sie von jemandem sagen: \u201eWir sind auf der gleichen Wellenl\u00e4nge.\u201c<\/p>\n<p>Ein Gespr\u00e4ch auf ungleicher Wellenl\u00e4nge dagegen ist oft m\u00fchsam, es kommt zu Reibungen und Missverst\u00e4ndnissen. Genau das gleiche geschieht im K\u00f6rper, wenn die Kommunikation zwischen den Zellen und in den Energiebahnen gest\u00f6rt ist. Verspannungen, Stress bis hin zu Krankheiten sind die Folge.<\/p>\n<p><strong><span style=\"color: #993300;\">Kommunikation<\/span><\/strong><\/p>\n<p>Ergosoma ist eine Behandlungsweise, die die Zellen wieder miteinander ins Gespr\u00e4ch bringt. Durch gezielte Ber\u00fchrungen werden Spannungen und Disharmonien im Gewebe ausgeglichen. Die elektromagnetischen Impulse zwischen den Zellen kommen in einen harmonischen Fluss. In diesen Momenten der tiefen Entspannung sp\u00fcren Sie die Wirkung ihres gesunden&nbsp; Kerns. Sie erinnern sich, wie es ist zu Sein in der idealen Form aller Strukturen.<\/p>\n<p><strong><span style=\"color: #993300;\">Ergosoma-Videoclip<\/span><\/strong><\/p>\n<p><iframe loading=\"lazy\" src=\"https:\/\/player.vimeo.com\/video\/315700054\" allowfullscreen=\"allowfullscreen\" width=\"640\" height=\"480\" frameborder=\"0\"><\/iframe><\/p>\n","protected":false},"excerpt":{"rendered":"<p>Wellenl\u00e4nge So zuverl\u00e4ssig und unbemerkt wie das Blut in unserem K\u00f6rper kreist, bewegt sich die Lebensenergie in uns und um uns herum. Sie dr\u00fcckt sich zum Beispiel in den schwingenden und pulsierenden Bewegungen zwischen den K\u00f6rperzellen aus. Oder in den&hellip;<\/p>\n","protected":false},"author":2,"featured_media":0,"parent":0,"menu_order":2,"comment_status":"closed","ping_status":"closed","template":"","meta":{"ngg_post_thumbnail":0},"yoast_head":"<!-- This site is optimized with the Yoast SEO plugin v20.6 - https:\/\/yoast.com\/wordpress\/plugins\/seo\/ -->\n<title>Ergosoma - Ergosoma-Praxis Monika Volkmer<\/title>\n<meta name=\"robots\" content=\"index, follow, max-snippet:-1, max-image-preview:large, max-video-preview:-1\" \/>\n<link rel=\"canonical\" href=\"https:\/\/www.ergosom.de\/volkmer\/ergosoma\/\" \/>\n<meta property=\"og:locale\" content=\"de_DE\" \/>\n<meta property=\"og:type\" content=\"article\" \/>\n<meta property=\"og:title\" content=\"Ergosoma - Ergosoma-Praxis Monika Volkmer\" \/>\n<meta property=\"og:description\" content=\"Wellenl\u00e4nge So zuverl\u00e4ssig und unbemerkt wie das Blut in unserem K\u00f6rper kreist, bewegt sich die Lebensenergie in uns und um uns herum. Sie dr\u00fcckt sich zum Beispiel in den schwingenden und pulsierenden Bewegungen zwischen den K\u00f6rperzellen aus. Oder in den&hellip;\" \/>\n<meta property=\"og:url\" content=\"https:\/\/www.ergosom.de\/volkmer\/ergosoma\/\" \/>\n<meta property=\"og:site_name\" content=\"Ergosoma-Praxis Monika Volkmer\" \/>\n<meta property=\"article:modified_time\" content=\"2021-08-06T22:24:20+00:00\" \/>\n<meta name=\"twitter:card\" content=\"summary_large_image\" \/>\n<meta name=\"twitter:label1\" content=\"Gesch\u00e4tzte Lesezeit\" \/>\n\t<meta name=\"twitter:data1\" content=\"1\u00a0Minute\" \/>\n<script type=\"application\/ld+json\" class=\"yoast-schema-graph\">{\"@context\":\"https:\/\/schema.org\",\"@graph\":[{\"@type\":\"WebPage\",\"@id\":\"https:\/\/www.ergosom.de\/volkmer\/ergosoma\/\",\"url\":\"https:\/\/www.ergosom.de\/volkmer\/ergosoma\/\",\"name\":\"Ergosoma - Ergosoma-Praxis Monika Volkmer\",\"isPartOf\":{\"@id\":\"https:\/\/www.ergosom.de\/volkmer\/#website\"},\"datePublished\":\"2017-01-20T21:48:26+00:00\",\"dateModified\":\"2021-08-06T22:24:20+00:00\",\"breadcrumb\":{\"@id\":\"https:\/\/www.ergosom.de\/volkmer\/ergosoma\/#breadcrumb\"},\"inLanguage\":\"de\",\"potentialAction\":[{\"@type\":\"ReadAction\",\"target\":[\"https:\/\/www.ergosom.de\/volkmer\/ergosoma\/\"]}]},{\"@type\":\"BreadcrumbList\",\"@id\":\"https:\/\/www.ergosom.de\/volkmer\/ergosoma\/#breadcrumb\",\"itemListElement\":[{\"@type\":\"ListItem\",\"position\":1,\"name\":\"Startseite\",\"item\":\"https:\/\/www.ergosom.de\/volkmer\/\"},{\"@type\":\"ListItem\",\"position\":2,\"name\":\"Ergosoma\"}]},{\"@type\":\"WebSite\",\"@id\":\"https:\/\/www.ergosom.de\/volkmer\/#website\",\"url\":\"https:\/\/www.ergosom.de\/volkmer\/\",\"name\":\"Ergosoma-Praxis Monika Volkmer\",\"description\":\"GESUNDHEIT   HARMONIE   GL\u00dcCK\",\"publisher\":{\"@id\":\"https:\/\/www.ergosom.de\/volkmer\/#organization\"},\"potentialAction\":[{\"@type\":\"SearchAction\",\"target\":{\"@type\":\"EntryPoint\",\"urlTemplate\":\"https:\/\/www.ergosom.de\/volkmer\/?s={search_term_string}\"},\"query-input\":\"required name=search_term_string\"}],\"inLanguage\":\"de\"},{\"@type\":\"Organization\",\"@id\":\"https:\/\/www.ergosom.de\/volkmer\/#organization\",\"name\":\"Ergosoma-Praxis Monika Volkmer\",\"url\":\"https:\/\/www.ergosom.de\/volkmer\/\",\"logo\":{\"@type\":\"ImageObject\",\"inLanguage\":\"de\",\"@id\":\"https:\/\/www.ergosom.de\/volkmer\/#\/schema\/logo\/image\/\",\"url\":\"https:\/\/www.ergosom.de\/volkmer\/wp-content\/uploads\/sites\/2\/2017\/01\/logo-ergosoma.jpg\",\"contentUrl\":\"https:\/\/www.ergosom.de\/volkmer\/wp-content\/uploads\/sites\/2\/2017\/01\/logo-ergosoma.jpg\",\"width\":270,\"height\":170,\"caption\":\"Ergosoma-Praxis Monika Volkmer\"},\"image\":{\"@id\":\"https:\/\/www.ergosom.de\/volkmer\/#\/schema\/logo\/image\/\"}}]}<\/script>\n<!-- \/ Yoast SEO plugin. -->","yoast_head_json":{"title":"Ergosoma - Ergosoma-Praxis Monika Volkmer","robots":{"index":"index","follow":"follow","max-snippet":"max-snippet:-1","max-image-preview":"max-image-preview:large","max-video-preview":"max-video-preview:-1"},"canonical":"https:\/\/www.ergosom.de\/volkmer\/ergosoma\/","og_locale":"de_DE","og_type":"article","og_title":"Ergosoma - Ergosoma-Praxis Monika Volkmer","og_description":"Wellenl\u00e4nge So zuverl\u00e4ssig und unbemerkt wie das Blut in unserem K\u00f6rper kreist, bewegt sich die Lebensenergie in uns und um uns herum. Sie dr\u00fcckt sich zum Beispiel in den schwingenden und pulsierenden Bewegungen zwischen den K\u00f6rperzellen aus. Oder in den&hellip;","og_url":"https:\/\/www.ergosom.de\/volkmer\/ergosoma\/","og_site_name":"Ergosoma-Praxis Monika Volkmer","article_modified_time":"2021-08-06T22:24:20+00:00","twitter_card":"summary_large_image","twitter_misc":{"Gesch\u00e4tzte Lesezeit":"1\u00a0Minute"},"schema":{"@context":"https:\/\/schema.org","@graph":[{"@type":"WebPage","@id":"https:\/\/www.ergosom.de\/volkmer\/ergosoma\/","url":"https:\/\/www.ergosom.de\/volkmer\/ergosoma\/","name":"Ergosoma - Ergosoma-Praxis Monika Volkmer","isPartOf":{"@id":"https:\/\/www.ergosom.de\/volkmer\/#website"},"datePublished":"2017-01-20T21:48:26+00:00","dateModified":"2021-08-06T22:24:20+00:00","breadcrumb":{"@id":"https:\/\/www.ergosom.de\/volkmer\/ergosoma\/#breadcrumb"},"inLanguage":"de","potentialAction":[{"@type":"ReadAction","target":["https:\/\/www.ergosom.de\/volkmer\/ergosoma\/"]}]},{"@type":"BreadcrumbList","@id":"https:\/\/www.ergosom.de\/volkmer\/ergosoma\/#breadcrumb","itemListElement":[{"@type":"ListItem","position":1,"name":"Startseite","item":"https:\/\/www.ergosom.de\/volkmer\/"},{"@type":"ListItem","position":2,"name":"Ergosoma"}]},{"@type":"WebSite","@id":"https:\/\/www.ergosom.de\/volkmer\/#website","url":"https:\/\/www.ergosom.de\/volkmer\/","name":"Ergosoma-Praxis Monika Volkmer","description":"GESUNDHEIT   HARMONIE   GL\u00dcCK","publisher":{"@id":"https:\/\/www.ergosom.de\/volkmer\/#organization"},"potentialAction":[{"@type":"SearchAction","target":{"@type":"EntryPoint","urlTemplate":"https:\/\/www.ergosom.de\/volkmer\/?s={search_term_string}"},"query-input":"required name=search_term_string"}],"inLanguage":"de"},{"@type":"Organization","@id":"https:\/\/www.ergosom.de\/volkmer\/#organization","name":"Ergosoma-Praxis Monika Volkmer","url":"https:\/\/www.ergosom.de\/volkmer\/","logo":{"@type":"ImageObject","inLanguage":"de","@id":"https:\/\/www.ergosom.de\/volkmer\/#\/schema\/logo\/image\/","url":"https:\/\/www.ergosom.de\/volkmer\/wp-content\/uploads\/sites\/2\/2017\/01\/logo-ergosoma.jpg","contentUrl":"https:\/\/www.ergosom.de\/volkmer\/wp-content\/uploads\/sites\/2\/2017\/01\/logo-ergosoma.jpg","width":270,"height":170,"caption":"Ergosoma-Praxis Monika Volkmer"},"image":{"@id":"https:\/\/www.ergosom.de\/volkmer\/#\/schema\/logo\/image\/"}}]}},"_links":{"self":[{"href":"https:\/\/www.ergosom.de\/volkmer\/wp-json\/wp\/v2\/pages\/11"}],"collection":[{"href":"https:\/\/www.ergosom.de\/volkmer\/wp-json\/wp\/v2\/pages"}],"about":[{"href":"https:\/\/www.ergosom.de\/volkmer\/wp-json\/wp\/v2\/types\/page"}],"author":[{"embeddable":true,"href":"https:\/\/www.ergosom.de\/volkmer\/wp-json\/wp\/v2\/users\/2"}],"replies":[{"embeddable":true,"href":"https:\/\/www.ergosom.de\/volkmer\/wp-json\/wp\/v2\/comments?post=11"}],"version-history":[{"count":6,"href":"https:\/\/www.ergosom.de\/volkmer\/wp-json\/wp\/v2\/pages\/11\/revisions"}],"predecessor-version":[{"id":714,"href":"https:\/\/www.ergosom.de\/volkmer\/wp-json\/wp\/v2\/pages\/11\/revisions\/714"}],"wp:attachment":[{"href":"https:\/\/www.ergosom.de\/volkmer\/wp-json\/wp\/v2\/media?parent=11"}],"curies":[{"name":"wp","href":"https:\/\/api.w.org\/{rel}","templated":true}]}}