{"id":2,"date":"2020-02-01T21:42:43","date_gmt":"2020-02-01T20:42:43","guid":{"rendered":"https:\/\/www.ergosom.de\/international\/?page_id=2"},"modified":"2026-03-11T18:56:38","modified_gmt":"2026-03-11T17:56:38","slug":"landing","status":"publish","type":"page","link":"https:\/\/www.ergosom.de\/international\/landing\/","title":{"rendered":"ERGOSOMA\u00aeinternational"},"content":{"rendered":"[vc_row][vc_column][vc_tta_accordion active_section=&#8221;1&#8243; title=&#8221;UNO-Arbeit: Konferenz der Frauenrechtskommission der UN (CSW) and more&#8221;][vc_tta_section title=&#8221;UNO-Arbeit 2026: CSW 70&#8243; tab_id=&#8221;1773086340193-aa804f16-d3f7&#8243;][vc_column_text]\r\n<ul>\r\n<li>Einladung CSW 70 Parallel Event <a href=\"https:\/\/www.ergosom.de\/international\/wp-content\/uploads\/sites\/11\/2026\/03\/Invitation_Parallel_Event_CSW_70.pdf\">Flyer Event<\/a><\/li>\r\n<li>Einladung Ergosom Module 1&nbsp; <a href=\"https:\/\/www.ergosom.de\/international\/wp-content\/uploads\/sites\/11\/2026\/03\/Ergosoma-Modul-1-Invitation-2026.pdf\">Flyer Module<\/a><\/li>\r\n<li>Transformative Ma\u00dfnahmen f\u00fcr den Future Pact <a href=\"https:\/\/www.ergosom.de\/international\/wp-content\/uploads\/sites\/11\/2024\/08\/24_08_27_Transformative-Handlungsansaetze-fuer-den-Future-Pact-1.pdf\">Transformative <\/a><a href=\"https:\/\/www.ergosom.de\/international\/wp-content\/uploads\/sites\/11\/2024\/08\/24_08_27_Transformative-Handlungsansaetze-fuer-den-Future-Pact-1.pdf\">Ma\u00dfnahmen<\/a>&nbsp;<\/li>\r\n<li>Offizielle Website CSW&nbsp;<a href=\"https:\/\/www.unwomen.org\/en\">https:\/\/www.unwomen.org\/en<\/a><\/li>\r\n<\/ul>\r\n[\/vc_column_text][\/vc_tta_section][vc_tta_section title=&#8221;UNO-Arbeit 2025: CSW 69&#8243; tab_id=&#8221;1741800812383-4813965f-b1b7&#8243;][vc_column_text]\r\n<ul>\r\n<li>Einladung CSW 69 Parallel Event <a href=\"https:\/\/www.ergosom.de\/international\/wp-content\/uploads\/sites\/11\/2025\/03\/Invitation-Flyer-Session-Presentation.pdf\">Flyer<\/a><\/li>\r\n<li><a href=\"https:\/\/www.ergosom.de\/international\/wp-content\/uploads\/sites\/11\/2026\/03\/CSW69-Report.pdf\">CSW 69 Report<\/a><\/li>\r\n<\/ul>\r\n[\/vc_column_text][\/vc_tta_section][vc_tta_section title=&#8221;UNO-Arbeit 2024: UNCSC Nairobi&#8221; tab_id=&#8221;1708886811622-e0d1e75b-fd84&#8243;][vc_column_text]\r\n<ul>\r\n<li>Transformative Handlungsans\u00e4tze f\u00fcr den Future Pact <a href=\"https:\/\/www.ergosom.de\/international\/wp-content\/uploads\/sites\/11\/2024\/08\/24_08_27_Transformative-Handlungsansaetze-fuer-den-Future-Pact-1.pdf\">24_08_27_Transformative-Handlungsansaetze-fuer-den-Future-Pact-1.pdf<\/a><\/li>\r\n<\/ul>\r\n[\/vc_column_text][vc_column_text]\r\n<ul>\r\n<li>S.E.R._Aktionsplan 2024 Vol. 4&nbsp;<a href=\"https:\/\/www.ergosom.de\/international\/wp-content\/uploads\/sites\/11\/2024\/05\/SER-Actionplan_24_v4.pdf\">Flyer<\/a> (engl.)<\/li>\r\n<li>Official website UN Cicil Society Conference <a href=\"https:\/\/www.un.org\/civilsociety\/2024UNCSC\">2024UNCSC<\/a><\/li>\r\n<\/ul>\r\n[\/vc_column_text][\/vc_tta_section][vc_tta_section title=&#8221;UNO-Arbeit 2024: CSW 68&#8243; tab_id=&#8221;1741800885748-ad7c118c-b273&#8243;][vc_column_text]\r\n<p>Einladung CSW68 Parallel Event <a href=\"\/wp\/wp-content\/uploads\/2024\/02\/CSW68_Flyer.pdf\">Flyer<\/a><br>Einladung Ergosoma Modul 1 <a href=\"https:\/\/www.ergosom.de\/international\/wp-content\/uploads\/sites\/11\/2024\/03\/Modul-1-Invitation-2024_final.pdf\">Flyer<\/a><br>S.E.R._Aktionsplan 2024 <a href=\"https:\/\/www.ergosom.de\/international\/wp-content\/uploads\/sites\/11\/2024\/03\/Flyer-S.E.R._Actionplan-2024-.pdf\">Flyer<\/a> (engl.)<br>Ergosoma Int. Parallel Event <a href=\"https:\/\/www.ergosom.de\/international\/wp-content\/uploads\/sites\/11\/2024\/05\/Empathy_CSW68-Parallel-Event.pdf\">Redebeitrag<\/a> (engl.)<br><a href=\"https:\/\/www.ergosom.de\/international\/wp-content\/uploads\/sites\/11\/2024\/05\/Conclusion_CSW-68.pdf\">Zusammenfassung <\/a>CSW 68 (engl.)<br>Website <a href=\"https:\/\/www.unwomen.org\/en\/how-we-work\/commission-on-the-status-of-women\">CSW 68<\/a><\/p>\r\n[\/vc_column_text][\/vc_tta_section][vc_tta_section title=&#8221;UNO-Arbeit 2023: CSW 67&#8243; tab_id=&#8221;1677700331111-3db6829f-f6b9&#8243;][vc_column_text]\r\n<ul>\r\n<li>Einladung CSW67 Parallel Event <a href=\"\/wp\/wp-content\/uploads\/2023\/03\/CSW_67_Flyer.pdf\">Flyer<\/a><\/li>\r\n<li>Einladung <a href=\"https:\/\/www.ergosom.de\/international\/wp-content\/uploads\/sites\/11\/2023\/03\/FreeWebinar.pdf\">FreeWebinar<\/a><\/li>\r\n<li>Beitrag von Ergosoma\u00aeInternational &#8211; <a href=\"https:\/\/youtu.be\/P5aLucq1bfw\">Video<\/a><\/li>\r\n<\/ul>\r\n[\/vc_column_text][\/vc_tta_section][vc_tta_section title=&#8221;UNO-Arbeit 2022: CSW 66&#8243; tab_id=&#8221;1582928878378-72364e7c-65ca&#8221;][vc_column_text]\r\n<p>Einladung CSW66 Parallel Event <a href=\"https:\/\/www.ergosom.de\/international\/wp-content\/uploads\/sites\/11\/2022\/03\/Flyer-CSW66-3.pdf\">Flyer<\/a><br>Einladung<a href=\"https:\/\/www.ergosom.de\/international\/wp-content\/uploads\/sites\/11\/2022\/03\/Exercises_web.pdf\"> Ergosoma-practical exercise<\/a><br>Beitrag von Ergosoma\u00aeInternational &#8211; <a href=\"https:\/\/youtu.be\/nadrDUb9Mhc\">Video<\/a><\/p>\r\n[\/vc_column_text][\/vc_tta_section][vc_tta_section title=&#8221;UNO-Arbeit 2021: CSW 65&#8243; tab_id=&#8221;1647288374895-82153972-fdd1&#8243;][vc_column_text]\r\n<p>EinladungsFlyer<br><a href=\"https:\/\/www.ergosom.de\/international\/wp-content\/uploads\/sites\/11\/2021\/04\/Invitation_flyer.pdf\">Invitation-Flyer<\/a><\/p>\r\n<p>Der Online-Beitrag von &#8220;ERGOSOMA\u00aeinternational&#8221;<br><a href=\"https:\/\/youtu.be\/MQJeB-d7Mxc\">https:\/\/youtu.be\/MQJeB-d7Mxc<\/a><\/p>\r\n<p>Die Redebeitr\u00e4ge zum Nachlesen:<br><a href=\"https:\/\/www.ergosom.de\/international\/wp-content\/uploads\/sites\/11\/2021\/03\/healthforchange_schmidt-bratzel.pdf\">&#8220;Health for Change&#8221;<\/a> by Anke Schmidt-Bratzel<br><a href=\"https:\/\/www.ergosom.de\/international\/wp-content\/uploads\/sites\/11\/2021\/04\/Praesentation_Pegels.pdf\">&#8220;ERGOSOMA\u00aemigra&#8221;<\/a> by B\u00e4rbel Pegels-Niesel<br><a href=\"https:\/\/www.ergosom.de\/international\/wp-content\/uploads\/sites\/11\/2021\/03\/seraptanis_presentation_zib_die-kurbel.pdf\">&#8220;Strengthening healthperception, selfhealingpowerand resilience of migrant women with &#8216;ERGOSOMA\u00aemigra&#8217; &#8220;<\/a> by Serap Tarnis<br><a href=\"https:\/\/www.ergosom.de\/international\/wp-content\/uploads\/sites\/11\/2021\/03\/presentation_volkmer.pdf\">&#8220;Connecting an Reconnecting to the Healthy Inner Core&#8221;<\/a> by Monika Volkmer<\/p>\r\n[\/vc_column_text][\/vc_tta_section][vc_tta_section title=&#8221;UNO-Arbeit 2020: CSW 64&#8243; tab_id=&#8221;1614763590282-c91930b7-505b&#8221;][vc_column_text]\r\n<p>wurde wegen Pandemie abgesagt<\/p>\r\n[\/vc_column_text][\/vc_tta_section][vc_tta_section title=&#8221;UNO-Arbeit 2019: CSW 63&#8243; tab_id=&#8221;1582924415437-3240605a-1f61&#8243;][vc_column_text]\r\n<h1 class=\"single-post-title entry-title\">UN-Arbeit nachhaltig gesichert<\/h1>\r\n<p>Netzwerkarbeit lebt vom Kontakt. Unter dieser Pr\u00e4misse hatte ERGOSOM\u00ae International Marion Glaser und Monika Volkmer zur CSW 63 an der UNO entsendet. Im Gegensatz zum letzten Jahr konnte diesmal kein Workshop als Parallel Event gestaltet werden. Dennoch gelang es, mit \u201eErgosoma \u2013 Practical Exercises and Basic Skills\u201c einen gut besuchten Praxis-Workshop zu plazieren. Einen kurzen Abriss ihrer Reise geben die beiden <a href=\"https:\/\/www.ergosom.de\/wp-content\/uploads\/2020\/02\/Bericht_CSW_2019_GG.pdf\">hier<\/a><\/p>\r\n<p><img decoding=\"async\" loading=\"lazy\" class=\"wp-image-924\" src=\"https:\/\/www.ergosom.de\/wp-content\/uploads\/2020\/02\/hermjos.jpg\" alt=\"\" width=\"496\" height=\"661\"><\/p>\r\n<p>Bild: Herzliche Begegnungen mit Hermine Littleton und Josefine Brecht (beide S.E.R.-Foundation)<\/p>\r\n[\/vc_column_text][\/vc_tta_section][vc_tta_section title=&#8221;UNO-Arbeit 2018: CSW 62&#8243; tab_id=&#8221;1582924415436-d4a6fea0-0c5c&#8221;][vc_column_text]\r\n<ul>\r\n<li><a href=\"http:\/\/www.ergosom.de\/wp-content\/uploads\/2017\/06\/2018_Mitteilung-Mitglieder.pdf\">Mitteilung an die Mitglieder<\/a><\/li>\r\n<li><a href=\"http:\/\/www.ergosom.de\/wp-content\/uploads\/2017\/06\/Nepal_engl..pdf\">Nepal_engl.<\/a><\/li>\r\n<li><a href=\"http:\/\/www.ergosom.de\/wp-content\/uploads\/2017\/06\/Nepal_papst.pdf\">Nepal-Vortrag Astrid_Papst<\/a><\/li>\r\n<li><a href=\"http:\/\/www.ergosom.de\/wp-content\/uploads\/2017\/06\/Invitation_CSW_2018.pdf\">Invitation_CSW 62<\/a><\/li>\r\n<li><a href=\"https:\/\/vimeo.com\/264655196\">Video: &#8220;How to enhance women\u00b4s resilience?&#8221;:<\/a><\/li>\r\n<\/ul>\r\n<p>Die Bewerbung von Ergosoma\u00ae international f\u00fcr die Registrierung des S.E.R. Parallel Event bei der CSW 2018 in <a href=\"http:\/\/www.ergosom.de\/wp-content\/uploads\/2017\/12\/Bewerbung_dt.pdf\">deutsch<\/a> und <a href=\"http:\/\/www.ergosom.de\/wp-content\/uploads\/2017\/12\/Bewerbung_eng.docx.pdf\">english<\/a>[\/vc_column_text][\/vc_tta_section][vc_tta_section title=&#8221;UNO-Arbeit 2015: CSW 59&#8243; tab_id=&#8221;1582928909534-e67ff241-887e&#8221;][vc_column_text]\r\n<div id=\"seite\">\r\n<div id=\"Inhalt\">\r\n<div id=\"seite\">\r\n<div id=\"Inhalt\">\r\n<p><strong>Summary of the Parallel Event of the 59th CSW of the Foundation for Subjective Experience and Research S.E.R.<br><\/strong>in collaboration with ERGOSOMA\u00ae international and the US Federation for Middle East Peace on: Empowerment of women.<br><a href=\"http:\/\/www.ergosom.org\/_pdf\/2015-parallel-event-ser-foundation-summary.pdf\" target=\"_blank\" rel=\"noopener noreferrer\">Summary and Images (PDF)<\/a><\/p>\r\n<p><strong>Parallel Event of the 59th CSW<\/strong><br>The Foundation for Subjective Experience and Research S.E.R. in collaboration with ERGOSOMA\u00aeinternational and the US Federation for Middle East Peace is pleased to invite you to a Parallel Event on<\/p>\r\n<p><strong>Tuesday, March 10th, 2015, from 8.30 a.m. to 10 a.m.<br><\/strong>Armenian Convention Center, Room V Hall, 630 2nd Avenue (at 35th street), New York, NY 10017<br><a href=\"http:\/\/www.ergosom.org\/_pdf\/2015-parallel-event-ser-foundation-2.pdf\" target=\"_blank\" rel=\"noopener noreferrer\">More information (PDF)<\/a><\/p>\r\n<p><strong>Sustainable Health Development for Women<\/strong><br>Empowerment of women by adapting indigenous knowledge expanding empathic perception and resilience New perspectives for a sustainable Public Health Care System with the ERGOSOMA\u00ae HEALTH CARE PROGRAM<\/p>\r\n<p><a href=\"http:\/\/www.ergosom.org\/_pdf\/2015-ergosma-application-for-the-registration-of-the-ser-parallel-event.pdf\" target=\"_blank\" rel=\"noopener noreferrer\">Ergosoma application for the registration of the S.E.R. Parallel Event (PDF)<\/a><br><em>(written by Monika Volkmer and Anke Schmidt-Bratzel)<\/em><\/p>\r\n<\/div>\r\n<\/div>\r\n<\/div>\r\n<\/div>\r\n[\/vc_column_text][\/vc_tta_section][\/vc_tta_accordion][\/vc_column][vc_column][\/vc_column][vc_column][\/vc_column][\/vc_row][vc_row][vc_column][vc_tta_accordion][vc_tta_section title=&#8221;ERGOSOMA\u00ae international&#8221; tab_id=&#8221;1583189999786-7be2f3ff-0f2f&#8221;][vc_column_text]Die Forschung und Arbeit mit ERGOSOMA\u00ae wird auf der Ebene der Vereinten Nationen (UN) unter dem Titel &#8220;ERGOSOMA HEALTH CARE PROGRAM (EHCP)&#8221; weiterentwickelt.<\/p>\r\n<!-- \/wp:paragraph -->\r\n<p><!-- wp:paragraph -->Die Bedeutung des Subtilen in der wahrnehmenden, empfindenden Empathie im Gesundheitssystem wird auf internationaler Ebene im Wirtschaft- und Sozialrat der UN ECOSOC vertreten.[\/vc_column_text][\/vc_tta_section][vc_tta_section title=&#8221;Ziele&#8221; tab_id=&#8221;1583189999783-1c9d3fb4-a0a7&#8243;][vc_column_text]Das Ziel des Programms ist die Unterst\u00fctzung der \u00f6ffentlichen Gesundheitspflege und die F\u00f6rderung komplement\u00e4rer, ganzheitlich ausgerichteter Gesundheitspflegemethoden durch die ERGOSOMA\u00ae-Methode. Sie verbessert nachweislich einen mentalen und emotionalen Ausgleich, der notwendig ist, um die subjektive Wahrnehmung zu schulen und im Alltag einzusetzen.<\/p>\r\n<!-- \/wp:paragraph -->\r\n<p><!-- wp:paragraph -->In den regelm\u00e4\u00dfigen Ergosoma\u00ae Trainings, Seminaren und Konferenzen in verschiedenen St\u00e4dten und Orten wird die Stabilisierung des Vegetativen und der Wahrnehmungsprozesse geschult.[\/vc_column_text][\/vc_tta_section][vc_tta_section title=&#8221;WHO: Neuinterpretation Gesundheit&#8221; tab_id=&#8221;1583190225540-609c1e8b-3e29&#8243;][vc_column_text]<strong>Der Ergosom-Verein hat gemeinsam mit der S.E.R. Foundation einen Antrag auf Neuinterpretation der Gesundheitsdefinition der WHO gestellt.<\/strong><\/p>\r\n<!-- \/wp:paragraph -->\r\n<p><!-- wp:paragraph -->Dieser Antrag ist gemeinsam mit Prof. Dr. Johannes Bircher verfasst worden und beruht auf seinem Meikirch-Modell (siehe <a href=\"http:\/\/www.paradigm-shift-in-medicine.net\/\" target=\"_blank\" rel=\"noreferrer noopener\">www.paradigm-shift-in-medicine.net<\/a>).[\/vc_column_text][\/vc_tta_section][\/vc_tta_accordion][\/vc_column][\/vc_row][vc_section][\/vc_section]","protected":false},"excerpt":{"rendered":"<p>[vc_row][vc_column][vc_tta_accordion active_section=&#8221;1&#8243; title=&#8221;UNO-Arbeit: Konferenz der Frauenrechtskommission der UN (CSW) and more&#8221;][vc_tta_section title=&#8221;UNO-Arbeit 2026: CSW 70&#8243; tab_id=&#8221;1773086340193-aa804f16-d3f7&#8243;][vc_column_text] Einladung CSW 70 Parallel Event Flyer Event Einladung Ergosom Module 1&nbsp; Flyer Module Transformative Ma\u00dfnahmen f\u00fcr den Future Pact Transformative Ma\u00dfnahmen&nbsp; Offizielle Website CSW&nbsp;https:\/\/www.unwomen.org\/en&hellip;<\/p>\n","protected":false},"author":2,"featured_media":0,"parent":0,"menu_order":0,"comment_status":"closed","ping_status":"open","template":"","meta":{"ngg_post_thumbnail":0},"yoast_head":"<!-- This site is optimized with the Yoast SEO plugin v20.6 - https:\/\/yoast.com\/wordpress\/plugins\/seo\/ -->\n<title>ERGOSOMA\u00aeinternational - ERGOSOMA International<\/title>\n<meta name=\"robots\" content=\"index, follow, max-snippet:-1, max-image-preview:large, max-video-preview:-1\" \/>\n<link rel=\"canonical\" href=\"https:\/\/www.ergosom.de\/international\/landing\/\" \/>\n<meta property=\"og:locale\" content=\"de_DE\" \/>\n<meta property=\"og:type\" content=\"article\" \/>\n<meta property=\"og:title\" content=\"ERGOSOMA\u00aeinternational - ERGOSOMA International\" \/>\n<meta property=\"og:description\" content=\"[vc_row][vc_column][vc_tta_accordion active_section=&#8221;1&#8243; title=&#8221;UNO-Arbeit: Konferenz der Frauenrechtskommission der UN (CSW) and more&#8221;][vc_tta_section title=&#8221;UNO-Arbeit 2026: CSW 70&#8243; tab_id=&#8221;1773086340193-aa804f16-d3f7&#8243;][vc_column_text] Einladung CSW 70 Parallel Event Flyer Event Einladung Ergosom Module 1&nbsp; Flyer Module Transformative Ma\u00dfnahmen f\u00fcr den Future Pact Transformative Ma\u00dfnahmen&nbsp; Offizielle Website CSW&nbsp;https:\/\/www.unwomen.org\/en&hellip;\" \/>\n<meta property=\"og:url\" content=\"https:\/\/www.ergosom.de\/international\/landing\/\" \/>\n<meta property=\"og:site_name\" content=\"ERGOSOMA International\" \/>\n<meta property=\"article:modified_time\" content=\"2026-03-11T17:56:38+00:00\" \/>\n<meta property=\"og:image\" content=\"https:\/\/www.ergosom.de\/wp-content\/uploads\/2020\/02\/hermjos.jpg\" \/>\n<meta name=\"twitter:card\" content=\"summary_large_image\" \/>\n<meta name=\"twitter:label1\" content=\"Gesch\u00e4tzte Lesezeit\" \/>\n\t<meta name=\"twitter:data1\" content=\"4\u00a0Minuten\" \/>\n<script type=\"application\/ld+json\" class=\"yoast-schema-graph\">{\"@context\":\"https:\/\/schema.org\",\"@graph\":[{\"@type\":\"WebPage\",\"@id\":\"https:\/\/www.ergosom.de\/international\/landing\/\",\"url\":\"https:\/\/www.ergosom.de\/international\/landing\/\",\"name\":\"ERGOSOMA\u00aeinternational - ERGOSOMA International\",\"isPartOf\":{\"@id\":\"https:\/\/www.ergosom.de\/international\/#website\"},\"datePublished\":\"2020-02-01T20:42:43+00:00\",\"dateModified\":\"2026-03-11T17:56:38+00:00\",\"breadcrumb\":{\"@id\":\"https:\/\/www.ergosom.de\/international\/landing\/#breadcrumb\"},\"inLanguage\":\"de\",\"potentialAction\":[{\"@type\":\"ReadAction\",\"target\":[\"https:\/\/www.ergosom.de\/international\/landing\/\"]}]},{\"@type\":\"BreadcrumbList\",\"@id\":\"https:\/\/www.ergosom.de\/international\/landing\/#breadcrumb\",\"itemListElement\":[{\"@type\":\"ListItem\",\"position\":1,\"name\":\"Startseite\",\"item\":\"https:\/\/www.ergosom.de\/international\/\"},{\"@type\":\"ListItem\",\"position\":2,\"name\":\"ERGOSOMA\u00aeinternational\"}]},{\"@type\":\"WebSite\",\"@id\":\"https:\/\/www.ergosom.de\/international\/#website\",\"url\":\"https:\/\/www.ergosom.de\/international\/\",\"name\":\"ERGOSOMA International\",\"description\":\"Platform for UN-activities &amp; worldwide low-threshold healthcare\",\"publisher\":{\"@id\":\"https:\/\/www.ergosom.de\/international\/#organization\"},\"potentialAction\":[{\"@type\":\"SearchAction\",\"target\":{\"@type\":\"EntryPoint\",\"urlTemplate\":\"https:\/\/www.ergosom.de\/international\/?s={search_term_string}\"},\"query-input\":\"required name=search_term_string\"}],\"inLanguage\":\"de\"},{\"@type\":\"Organization\",\"@id\":\"https:\/\/www.ergosom.de\/international\/#organization\",\"name\":\"ERGOSOMA International\",\"url\":\"https:\/\/www.ergosom.de\/international\/\",\"logo\":{\"@type\":\"ImageObject\",\"inLanguage\":\"de\",\"@id\":\"https:\/\/www.ergosom.de\/international\/#\/schema\/logo\/image\/\",\"url\":\"https:\/\/www.ergosom.de\/international\/wp-content\/uploads\/sites\/11\/2020\/02\/ergosom-logo.jpg\",\"contentUrl\":\"https:\/\/www.ergosom.de\/international\/wp-content\/uploads\/sites\/11\/2020\/02\/ergosom-logo.jpg\",\"width\":500,\"height\":305,\"caption\":\"ERGOSOMA International\"},\"image\":{\"@id\":\"https:\/\/www.ergosom.de\/international\/#\/schema\/logo\/image\/\"}}]}<\/script>\n<!-- \/ Yoast SEO plugin. -->","yoast_head_json":{"title":"ERGOSOMA\u00aeinternational - ERGOSOMA International","robots":{"index":"index","follow":"follow","max-snippet":"max-snippet:-1","max-image-preview":"max-image-preview:large","max-video-preview":"max-video-preview:-1"},"canonical":"https:\/\/www.ergosom.de\/international\/landing\/","og_locale":"de_DE","og_type":"article","og_title":"ERGOSOMA\u00aeinternational - ERGOSOMA International","og_description":"[vc_row][vc_column][vc_tta_accordion active_section=&#8221;1&#8243; title=&#8221;UNO-Arbeit: Konferenz der Frauenrechtskommission der UN (CSW) and more&#8221;][vc_tta_section title=&#8221;UNO-Arbeit 2026: CSW 70&#8243; tab_id=&#8221;1773086340193-aa804f16-d3f7&#8243;][vc_column_text] Einladung CSW 70 Parallel Event Flyer Event Einladung Ergosom Module 1&nbsp; Flyer Module Transformative Ma\u00dfnahmen f\u00fcr den Future Pact Transformative Ma\u00dfnahmen&nbsp; Offizielle Website CSW&nbsp;https:\/\/www.unwomen.org\/en&hellip;","og_url":"https:\/\/www.ergosom.de\/international\/landing\/","og_site_name":"ERGOSOMA International","article_modified_time":"2026-03-11T17:56:38+00:00","og_image":[{"url":"https:\/\/www.ergosom.de\/wp-content\/uploads\/2020\/02\/hermjos.jpg"}],"twitter_card":"summary_large_image","twitter_misc":{"Gesch\u00e4tzte Lesezeit":"4\u00a0Minuten"},"schema":{"@context":"https:\/\/schema.org","@graph":[{"@type":"WebPage","@id":"https:\/\/www.ergosom.de\/international\/landing\/","url":"https:\/\/www.ergosom.de\/international\/landing\/","name":"ERGOSOMA\u00aeinternational - ERGOSOMA International","isPartOf":{"@id":"https:\/\/www.ergosom.de\/international\/#website"},"datePublished":"2020-02-01T20:42:43+00:00","dateModified":"2026-03-11T17:56:38+00:00","breadcrumb":{"@id":"https:\/\/www.ergosom.de\/international\/landing\/#breadcrumb"},"inLanguage":"de","potentialAction":[{"@type":"ReadAction","target":["https:\/\/www.ergosom.de\/international\/landing\/"]}]},{"@type":"BreadcrumbList","@id":"https:\/\/www.ergosom.de\/international\/landing\/#breadcrumb","itemListElement":[{"@type":"ListItem","position":1,"name":"Startseite","item":"https:\/\/www.ergosom.de\/international\/"},{"@type":"ListItem","position":2,"name":"ERGOSOMA\u00aeinternational"}]},{"@type":"WebSite","@id":"https:\/\/www.ergosom.de\/international\/#website","url":"https:\/\/www.ergosom.de\/international\/","name":"ERGOSOMA International","description":"Platform for UN-activities &amp; worldwide low-threshold healthcare","publisher":{"@id":"https:\/\/www.ergosom.de\/international\/#organization"},"potentialAction":[{"@type":"SearchAction","target":{"@type":"EntryPoint","urlTemplate":"https:\/\/www.ergosom.de\/international\/?s={search_term_string}"},"query-input":"required name=search_term_string"}],"inLanguage":"de"},{"@type":"Organization","@id":"https:\/\/www.ergosom.de\/international\/#organization","name":"ERGOSOMA International","url":"https:\/\/www.ergosom.de\/international\/","logo":{"@type":"ImageObject","inLanguage":"de","@id":"https:\/\/www.ergosom.de\/international\/#\/schema\/logo\/image\/","url":"https:\/\/www.ergosom.de\/international\/wp-content\/uploads\/sites\/11\/2020\/02\/ergosom-logo.jpg","contentUrl":"https:\/\/www.ergosom.de\/international\/wp-content\/uploads\/sites\/11\/2020\/02\/ergosom-logo.jpg","width":500,"height":305,"caption":"ERGOSOMA International"},"image":{"@id":"https:\/\/www.ergosom.de\/international\/#\/schema\/logo\/image\/"}}]}},"_links":{"self":[{"href":"https:\/\/www.ergosom.de\/international\/wp-json\/wp\/v2\/pages\/2"}],"collection":[{"href":"https:\/\/www.ergosom.de\/international\/wp-json\/wp\/v2\/pages"}],"about":[{"href":"https:\/\/www.ergosom.de\/international\/wp-json\/wp\/v2\/types\/page"}],"author":[{"embeddable":true,"href":"https:\/\/www.ergosom.de\/international\/wp-json\/wp\/v2\/users\/2"}],"replies":[{"embeddable":true,"href":"https:\/\/www.ergosom.de\/international\/wp-json\/wp\/v2\/comments?post=2"}],"version-history":[{"count":101,"href":"https:\/\/www.ergosom.de\/international\/wp-json\/wp\/v2\/pages\/2\/revisions"}],"predecessor-version":[{"id":377,"href":"https:\/\/www.ergosom.de\/international\/wp-json\/wp\/v2\/pages\/2\/revisions\/377"}],"wp:attachment":[{"href":"https:\/\/www.ergosom.de\/international\/wp-json\/wp\/v2\/media?parent=2"}],"curies":[{"name":"wp","href":"https:\/\/api.w.org\/{rel}","templated":true}]}}