{"id":19,"date":"2020-02-19T16:21:58","date_gmt":"2020-02-19T15:21:58","guid":{"rendered":"https:\/\/www.ergosom.de\/international\/?page_id=19"},"modified":"2023-03-16T21:29:25","modified_gmt":"2023-03-16T20:29:25","slug":"methode","status":"publish","type":"page","link":"https:\/\/www.ergosom.de\/international\/methode\/","title":{"rendered":"Methode"},"content":{"rendered":"\n<h2 class=\"wp-block-heading\">Ergosoma\u00ae  &#8211; das Video<\/h2>\n\n\n<div style=\"padding:75% 0 0 0;position:relative;\"><iframe src=\"https:\/\/player.vimeo.com\/video\/315700054?h=114a6dcbca&amp;badge=0&amp;autopause=0&amp;player_id=0&amp;app_id=58479\" allow=\"autoplay; fullscreen; picture-in-picture\" allowfullscreen=\"\" style=\"position:absolute;top:0;left:0;width:100%;height:100%;\" title=\"video\" frameborder=\"0\"><\/iframe><\/div>\n<p><script src=\"https:\/\/player.vimeo.com\/api\/player.js\"><\/script><\/p>\n\n\n<p><\/p>\n\n\n\n<h1 class=\"wp-block-heading\">Ergosoma\u00ae-Methode<\/h1>\n\n\n\n<p>Ergosoma\u00ae ist eine sich stets in Entwicklung befindende traditionelle  Heilmethode, die ihre Wurzeln im alt-asiatischen Raum hat. Sie ist Teil  der Selbstkraftquelle-Philosophie. R. V. Tajon lehrt diese Methode als  geistigen Weg, der zum Einklang mit sich selbst, mit der Natur und den  Mitmenschen f\u00fchrt (und 36 Lektionen umfasst). Die Philosophie dieses  Weges l\u00e4sst sich in allen Weltreligionen finden.<\/p>\n\n\n\n<p>Ergosoma\u00ae lehrt:<\/p>\n\n\n\n<p>Die Lebensenergie ist unsterblich. Sie zeigt sich in verschiedenen  Formen und Farben, Wellenl\u00e4ngen und Frequenzen, Melodien und Rhythmen,  Ideen und Bildern. Ergosoma\u00ae ist die Lehre von dem Ergo als der  physikalischen und sichtbaren Manifestation des Lebens, auch aktive  Lebensenergie genannt, und dem Soma als der Lebensqualit\u00e4t und Ganzheit  des Seins, unsichtbar und unteilbar, ewig und allgegenw\u00e4rtig, auch  passive Lebensenergie genannt.<\/p>\n\n\n\n<h2 class=\"wp-block-heading\">Bedeutung der Begriffe &#8220;Ergosom und Ergosoma\u00ae &#8221; nach R. V. Tajon<\/h2>\n\n\n\n<p> <strong>Ergo<\/strong> = die Form, die Materie, Arbeit<br> <strong>Som<\/strong> = die Nichtmaterie, die Ganzheit des Seins<br> <strong>Soma<\/strong> = K\u00f6rper<br> <strong>Ergosoma<\/strong>\u00ae = K\u00f6rperarbeit<br> <\/p>\n\n\n\n<h2 class=\"wp-block-heading\">Ergosoma\u00ae nach R. V. Tajon<\/h2>\n\n\n\n<p><strong>Ergosoma<\/strong>\u00ae <strong>nach R. V. Tajon ist eine ganzheitliche (energetische) K\u00f6rperarbeit und  arbeitet mit und im Verst\u00e4ndnis von Ergosom.<\/strong><\/p>\n\n\n\n<p>Meistens befindet sich das Zusammenspiel zwischen Ergo auf der einen \nund Soma auf der anderen Seite nicht in vollkommen flie\u00dfender Harmonie. \nDie ideale Form des Seins ist erreicht, wenn K\u00f6rper und Geist als duale \nManifestation des Lebens perfekt miteinander harmonieren.<\/p>\n\n\n\n<p>Das Ziel  ist es, die aktiven Informationen, die von den Sinnen \nbewusst wahrgenommen werden, mit den passiven, die im Unterbewusstsein \ngespeichert sind, in \u00dcbereinstimmung zu bringen. Daraus folgt eine \nverbesserte, erweiterte und fokussierte kognitive Wahrnehmung.<\/p>\n\n\n\n<p>Ergosoma\u00ae nach R. V. Tajon zielt darauf, diesen Bewusstseinszustand  zu erreichen, die vier Lebenskraftzentren zu verbinden und den  Energiefluss mit dem Strom des Lichtes zu steigern. So sollen archaische  und veraltete Informationen aus dem Zellged\u00e4chtnis entfernt werden und  den Geist freisetzen, damit er die f\u00fcnfte, sechste und siebente  Bewusstseinebene erreichen kann.<\/p>\n\n\n\n<p>Die Qualit\u00e4t der subjektiven Erfahrung durch die F\u00f6rderung der \ninneren St\u00e4rke f\u00fchrt zu objektivem Wissen mit dem Ergebnis eines \ngesunden Verstandes, eines gediegenen Charakters, tiefen Verst\u00e4ndnisses \nund menschlicher W\u00fcrde.<\/p>\n\n\n\n<h2 class=\"wp-block-heading\">Ergosoma\u00ae -Behandlung<\/h2>\n\n\n\n<p><strong>In einer Ergosoma<\/strong> \u00ae- <strong>Behandlung werden in die Energiebahnen des  bekleideten Menschen durch gezieltes, leichtes Ber\u00fchren Informationen  zur optimalen Vernetzung der energetischen Strukturen gegeben.<\/strong><\/p>\n\n\n\n<p> Eine Behandlung erfolgt im Liegen, Sitzen oder Stehen.<\/p>\n\n\n\n<p>Ergosoma\u00ae nach R. V. Tajon ist eine pr\u00e4ventive Gesundheitsvorsorge  und erg\u00e4nzt andere wissenschaftliche und traditionelle Heilmethoden.<\/p>\n\n\n\n<h2 class=\"wp-block-heading\">Spektrum der Ergosoma\u00ae-Arbeit<\/h2>\n\n\n\n<p><strong>In folgenden Bereichen kommt Ergosoma<\/strong>\u00ae <strong>zur Anwendung:<\/strong><\/p>\n\n\n\n<ul><li>Salutogenese (Gesundheitslehre)<\/li><li>Seelsorge<\/li><li>Schwangerschaftsbegleitung<\/li><li>Begleitung zur Schulmedizin<\/li><li>Palliativmedizin<\/li><li>Psychologische Beratung<\/li><li>Sinnesphysiologie und Aufmerksamkeitsforschung<\/li><\/ul>\n\n\n\n<p><strong>Ausbildung:<\/strong> zum Ergosoma\u00ae-Praktiker*in (eine Ausbildung  mit Zertifikat zur K\u00f6rperenergiearbeit), Ergosom-Lehrer*in, Ergosoma\u00ae-Berater*in (Lebensberatung auf den Grundlagen der Ergosomprinzipien) und Ergosoma \u00ae f\u00fcr werdende M\u00fctter; eine besondere Ausbildung f\u00fcr Hebammen.<\/p>\n\n\n\n<p><strong>Medizin und Gesundheit:<\/strong> Komplement\u00e4rmedizin, \nPhysiotherapie, Pflege, Psychosomatik und Pr\u00e4vention, Behandlung und \nBegleitung von Patienten mit progredienten und weit fortgeschrittenen \nErkrankungen mit begrenzter Lebenserwartung und Sterbebegleitung.<\/p>\n\n\n\n<p><strong>Seelsorge, Notfallseelsorge:<\/strong> Begleitung und Training,  Stabilisierung von Einsatz- und Hilfskr\u00e4ften, Begleitung traumatisierter Personen.<\/p>\n\n\n\n<p><strong>Selbsterkenntnis \/ Pers\u00f6nlichkeitsentfaltung:<\/strong> Erweiterung und Vertiefung des subjektiven, spirituellen Erlebens und der Erkenntnisf\u00e4higkeit.<\/p>\n\n\n\n<p><strong>Forschung:<\/strong> vegetative Reaktionen (Stress und \nEntspannung \/ inneres Gleichgewicht), Wahrnehmungsschule (kognitives und\n vegetatives Zusammenspiel), Lebenslanges Lernen (Gehirnplastizit\u00e4t), \nLernen und Schule, Motivationstraining (Jugendliche und Arbeitslose), \nEmpathieschulung in Medizin, Therapie und Pflege.<\/p>\n\n\n\n<h2 class=\"wp-block-heading\">Philosophie<\/h2>\n\n\n\n<p>Ergosoma\u00ae ist eine k\u00f6rperliche Arbeitsmethode zur F\u00f6rderung der  Gesundheit nach der Selbstkraftquelle-Philosophie von R. V. Tajon.<\/p>\n\n\n\n<p><strong>Weiter lesen:<\/strong> <a href=\"http:\/\/www.ergosom.org\/methode\/philosophie.php\">Philosophische Hintergr\u00fcnde der Ergosoma\u00ae-Methode<\/a><\/p>\n","protected":false},"excerpt":{"rendered":"<p>Ergosoma\u00ae &#8211; das Video Ergosoma\u00ae-Methode Ergosoma\u00ae ist eine sich stets in Entwicklung befindende traditionelle Heilmethode, die ihre Wurzeln im alt-asiatischen Raum hat. Sie ist Teil der Selbstkraftquelle-Philosophie. R. V. Tajon lehrt diese Methode als geistigen Weg, der zum Einklang mit&hellip;<\/p>\n","protected":false},"author":2,"featured_media":0,"parent":0,"menu_order":0,"comment_status":"closed","ping_status":"closed","template":"","meta":{"ngg_post_thumbnail":0},"yoast_head":"<!-- This site is optimized with the Yoast SEO plugin v20.6 - https:\/\/yoast.com\/wordpress\/plugins\/seo\/ -->\n<title>Methode - ERGOSOMA International<\/title>\n<meta name=\"robots\" content=\"index, follow, max-snippet:-1, max-image-preview:large, max-video-preview:-1\" \/>\n<link rel=\"canonical\" href=\"https:\/\/www.ergosom.de\/international\/methode\/\" \/>\n<meta property=\"og:locale\" content=\"de_DE\" \/>\n<meta property=\"og:type\" content=\"article\" \/>\n<meta property=\"og:title\" content=\"Methode - ERGOSOMA International\" \/>\n<meta property=\"og:description\" content=\"Ergosoma\u00ae &#8211; das Video Ergosoma\u00ae-Methode Ergosoma\u00ae ist eine sich stets in Entwicklung befindende traditionelle Heilmethode, die ihre Wurzeln im alt-asiatischen Raum hat. Sie ist Teil der Selbstkraftquelle-Philosophie. R. V. Tajon lehrt diese Methode als geistigen Weg, der zum Einklang mit&hellip;\" \/>\n<meta property=\"og:url\" content=\"https:\/\/www.ergosom.de\/international\/methode\/\" \/>\n<meta property=\"og:site_name\" content=\"ERGOSOMA International\" \/>\n<meta property=\"article:modified_time\" content=\"2023-03-16T20:29:25+00:00\" \/>\n<meta name=\"twitter:card\" content=\"summary_large_image\" \/>\n<meta name=\"twitter:label1\" content=\"Gesch\u00e4tzte Lesezeit\" \/>\n\t<meta name=\"twitter:data1\" content=\"4\u00a0Minuten\" \/>\n<script type=\"application\/ld+json\" class=\"yoast-schema-graph\">{\"@context\":\"https:\/\/schema.org\",\"@graph\":[{\"@type\":\"WebPage\",\"@id\":\"https:\/\/www.ergosom.de\/international\/methode\/\",\"url\":\"https:\/\/www.ergosom.de\/international\/methode\/\",\"name\":\"Methode - ERGOSOMA International\",\"isPartOf\":{\"@id\":\"https:\/\/www.ergosom.de\/international\/#website\"},\"datePublished\":\"2020-02-19T15:21:58+00:00\",\"dateModified\":\"2023-03-16T20:29:25+00:00\",\"breadcrumb\":{\"@id\":\"https:\/\/www.ergosom.de\/international\/methode\/#breadcrumb\"},\"inLanguage\":\"de\",\"potentialAction\":[{\"@type\":\"ReadAction\",\"target\":[\"https:\/\/www.ergosom.de\/international\/methode\/\"]}]},{\"@type\":\"BreadcrumbList\",\"@id\":\"https:\/\/www.ergosom.de\/international\/methode\/#breadcrumb\",\"itemListElement\":[{\"@type\":\"ListItem\",\"position\":1,\"name\":\"Startseite\",\"item\":\"https:\/\/www.ergosom.de\/international\/\"},{\"@type\":\"ListItem\",\"position\":2,\"name\":\"Methode\"}]},{\"@type\":\"WebSite\",\"@id\":\"https:\/\/www.ergosom.de\/international\/#website\",\"url\":\"https:\/\/www.ergosom.de\/international\/\",\"name\":\"ERGOSOMA International\",\"description\":\"Platform for UN-activities &amp; worldwide low-threshold healthcare\",\"publisher\":{\"@id\":\"https:\/\/www.ergosom.de\/international\/#organization\"},\"potentialAction\":[{\"@type\":\"SearchAction\",\"target\":{\"@type\":\"EntryPoint\",\"urlTemplate\":\"https:\/\/www.ergosom.de\/international\/?s={search_term_string}\"},\"query-input\":\"required name=search_term_string\"}],\"inLanguage\":\"de\"},{\"@type\":\"Organization\",\"@id\":\"https:\/\/www.ergosom.de\/international\/#organization\",\"name\":\"ERGOSOMA International\",\"url\":\"https:\/\/www.ergosom.de\/international\/\",\"logo\":{\"@type\":\"ImageObject\",\"inLanguage\":\"de\",\"@id\":\"https:\/\/www.ergosom.de\/international\/#\/schema\/logo\/image\/\",\"url\":\"https:\/\/www.ergosom.de\/international\/wp-content\/uploads\/sites\/11\/2020\/02\/ergosom-logo.jpg\",\"contentUrl\":\"https:\/\/www.ergosom.de\/international\/wp-content\/uploads\/sites\/11\/2020\/02\/ergosom-logo.jpg\",\"width\":500,\"height\":305,\"caption\":\"ERGOSOMA International\"},\"image\":{\"@id\":\"https:\/\/www.ergosom.de\/international\/#\/schema\/logo\/image\/\"}}]}<\/script>\n<!-- \/ Yoast SEO plugin. -->","yoast_head_json":{"title":"Methode - ERGOSOMA International","robots":{"index":"index","follow":"follow","max-snippet":"max-snippet:-1","max-image-preview":"max-image-preview:large","max-video-preview":"max-video-preview:-1"},"canonical":"https:\/\/www.ergosom.de\/international\/methode\/","og_locale":"de_DE","og_type":"article","og_title":"Methode - ERGOSOMA International","og_description":"Ergosoma\u00ae &#8211; das Video Ergosoma\u00ae-Methode Ergosoma\u00ae ist eine sich stets in Entwicklung befindende traditionelle Heilmethode, die ihre Wurzeln im alt-asiatischen Raum hat. Sie ist Teil der Selbstkraftquelle-Philosophie. R. V. Tajon lehrt diese Methode als geistigen Weg, der zum Einklang mit&hellip;","og_url":"https:\/\/www.ergosom.de\/international\/methode\/","og_site_name":"ERGOSOMA International","article_modified_time":"2023-03-16T20:29:25+00:00","twitter_card":"summary_large_image","twitter_misc":{"Gesch\u00e4tzte Lesezeit":"4\u00a0Minuten"},"schema":{"@context":"https:\/\/schema.org","@graph":[{"@type":"WebPage","@id":"https:\/\/www.ergosom.de\/international\/methode\/","url":"https:\/\/www.ergosom.de\/international\/methode\/","name":"Methode - ERGOSOMA International","isPartOf":{"@id":"https:\/\/www.ergosom.de\/international\/#website"},"datePublished":"2020-02-19T15:21:58+00:00","dateModified":"2023-03-16T20:29:25+00:00","breadcrumb":{"@id":"https:\/\/www.ergosom.de\/international\/methode\/#breadcrumb"},"inLanguage":"de","potentialAction":[{"@type":"ReadAction","target":["https:\/\/www.ergosom.de\/international\/methode\/"]}]},{"@type":"BreadcrumbList","@id":"https:\/\/www.ergosom.de\/international\/methode\/#breadcrumb","itemListElement":[{"@type":"ListItem","position":1,"name":"Startseite","item":"https:\/\/www.ergosom.de\/international\/"},{"@type":"ListItem","position":2,"name":"Methode"}]},{"@type":"WebSite","@id":"https:\/\/www.ergosom.de\/international\/#website","url":"https:\/\/www.ergosom.de\/international\/","name":"ERGOSOMA International","description":"Platform for UN-activities &amp; worldwide low-threshold healthcare","publisher":{"@id":"https:\/\/www.ergosom.de\/international\/#organization"},"potentialAction":[{"@type":"SearchAction","target":{"@type":"EntryPoint","urlTemplate":"https:\/\/www.ergosom.de\/international\/?s={search_term_string}"},"query-input":"required name=search_term_string"}],"inLanguage":"de"},{"@type":"Organization","@id":"https:\/\/www.ergosom.de\/international\/#organization","name":"ERGOSOMA International","url":"https:\/\/www.ergosom.de\/international\/","logo":{"@type":"ImageObject","inLanguage":"de","@id":"https:\/\/www.ergosom.de\/international\/#\/schema\/logo\/image\/","url":"https:\/\/www.ergosom.de\/international\/wp-content\/uploads\/sites\/11\/2020\/02\/ergosom-logo.jpg","contentUrl":"https:\/\/www.ergosom.de\/international\/wp-content\/uploads\/sites\/11\/2020\/02\/ergosom-logo.jpg","width":500,"height":305,"caption":"ERGOSOMA International"},"image":{"@id":"https:\/\/www.ergosom.de\/international\/#\/schema\/logo\/image\/"}}]}},"_links":{"self":[{"href":"https:\/\/www.ergosom.de\/international\/wp-json\/wp\/v2\/pages\/19"}],"collection":[{"href":"https:\/\/www.ergosom.de\/international\/wp-json\/wp\/v2\/pages"}],"about":[{"href":"https:\/\/www.ergosom.de\/international\/wp-json\/wp\/v2\/types\/page"}],"author":[{"embeddable":true,"href":"https:\/\/www.ergosom.de\/international\/wp-json\/wp\/v2\/users\/2"}],"replies":[{"embeddable":true,"href":"https:\/\/www.ergosom.de\/international\/wp-json\/wp\/v2\/comments?post=19"}],"version-history":[{"count":12,"href":"https:\/\/www.ergosom.de\/international\/wp-json\/wp\/v2\/pages\/19\/revisions"}],"predecessor-version":[{"id":462,"href":"https:\/\/www.ergosom.de\/international\/wp-json\/wp\/v2\/pages\/19\/revisions\/462"}],"wp:attachment":[{"href":"https:\/\/www.ergosom.de\/international\/wp-json\/wp\/v2\/media?parent=19"}],"curies":[{"name":"wp","href":"https:\/\/api.w.org\/{rel}","templated":true}]}}