{"id":82,"date":"2018-01-05T16:49:18","date_gmt":"2018-01-05T15:49:18","guid":{"rendered":"http:\/\/www.ergosom.de\/berger\/?page_id=82"},"modified":"2018-01-05T17:22:44","modified_gmt":"2018-01-05T16:22:44","slug":"ueber-mich","status":"publish","type":"page","link":"https:\/\/www.ergosom.de\/berger\/ueber-mich\/","title":{"rendered":"\u00fcber mich"},"content":{"rendered":"<p style=\"text-align: left;\"><img decoding=\"async\" loading=\"lazy\" class=\"alignleft wp-image-24\" src=\"http:\/\/www.ergosom.de\/berger\/wp-content\/uploads\/sites\/6\/2017\/01\/2416-2-200x300.jpeg\" alt=\"\" width=\"160\" height=\"240\" srcset=\"https:\/\/www.ergosom.de\/berger\/wp-content\/uploads\/sites\/6\/2017\/01\/2416-2-200x300.jpeg 200w, https:\/\/www.ergosom.de\/berger\/wp-content\/uploads\/sites\/6\/2017\/01\/2416-2.jpeg 591w\" sizes=\"(max-width: 160px) 100vw, 160px\" \/>Sabina Berger, Jahrgang 1961, verheiratet,<br \/>\n3 erwachsene Kinder<br \/>\nNach dem Lehramtsstudium Heilpraktikerausbildung.<br \/>\nSeit 1993 selbstst\u00e4ndig in eigener Praxis t\u00e4tig.<br \/>\nArbeitsmethoden: Klassische Hom\u00f6opathie, Psychotherapie, Craniosacrale Osteopathie, Systemisches Familienstellen, Ergosoma-Energiearbeit nach R.V. Tajon<\/p>\n<p style=\"text-align: left;\">Ausbildung in craniosacraler Osteopathie bei Torsten Liem in Hamburg 1997\/98.<\/p>\n<p style=\"text-align: left;\">Ausbildung in klassischer Hom\u00f6opathie mit Beginn meiner Heilpraktikerausbildung 1988. Fortbildungen bei\u00a0 A. Geukens, Vithoulkas,<br \/>\nAnne Schadde, Henny Heudens-Mast , A. Kr\u00fcger u. a.<\/p>\n<p style=\"text-align: left;\">2001 begann ich mit der Ergosoma-Ausbildung bei Herrn Tajon.<br \/>\nSeit 2006 zertifizierte Ergosompraktikerin<br \/>\nSeit 2009 Ausbilderin\u00a0 f\u00fcr Ergosoma<br \/>\nSeit 2010\u00a0 SER-Lehrerin<\/p>\n","protected":false},"excerpt":{"rendered":"<p>Sabina Berger, Jahrgang 1961, verheiratet, 3 erwachsene Kinder Nach dem Lehramtsstudium Heilpraktikerausbildung. Seit 1993 selbstst\u00e4ndig in eigener Praxis t\u00e4tig. Arbeitsmethoden: Klassische Hom\u00f6opathie, Psychotherapie, Craniosacrale Osteopathie, Systemisches Familienstellen, Ergosoma-Energiearbeit nach R.V. Tajon Ausbildung in craniosacraler Osteopathie bei Torsten Liem in Hamburg&hellip;<\/p>\n","protected":false},"author":2,"featured_media":0,"parent":0,"menu_order":0,"comment_status":"closed","ping_status":"closed","template":"","meta":{"ngg_post_thumbnail":0},"yoast_head":"<!-- This site is optimized with the Yoast SEO plugin v20.6 - https:\/\/yoast.com\/wordpress\/plugins\/seo\/ -->\n<title>\u00fcber mich - Gesundheits-Praxis Sabina Berger<\/title>\n<meta name=\"robots\" content=\"index, follow, max-snippet:-1, max-image-preview:large, max-video-preview:-1\" \/>\n<link rel=\"canonical\" href=\"https:\/\/www.ergosom.de\/berger\/ueber-mich\/\" \/>\n<meta property=\"og:locale\" content=\"de_DE\" \/>\n<meta property=\"og:type\" content=\"article\" \/>\n<meta property=\"og:title\" content=\"\u00fcber mich - Gesundheits-Praxis Sabina Berger\" \/>\n<meta property=\"og:description\" content=\"Sabina Berger, Jahrgang 1961, verheiratet, 3 erwachsene Kinder Nach dem Lehramtsstudium Heilpraktikerausbildung. Seit 1993 selbstst\u00e4ndig in eigener Praxis t\u00e4tig. Arbeitsmethoden: Klassische Hom\u00f6opathie, Psychotherapie, Craniosacrale Osteopathie, Systemisches Familienstellen, Ergosoma-Energiearbeit nach R.V. Tajon Ausbildung in craniosacraler Osteopathie bei Torsten Liem in Hamburg&hellip;\" \/>\n<meta property=\"og:url\" content=\"https:\/\/www.ergosom.de\/berger\/ueber-mich\/\" \/>\n<meta property=\"og:site_name\" content=\"Gesundheits-Praxis Sabina Berger\" \/>\n<meta property=\"article:modified_time\" content=\"2018-01-05T16:22:44+00:00\" \/>\n<meta property=\"og:image\" content=\"http:\/\/www.ergosom.de\/berger\/wp-content\/uploads\/sites\/6\/2017\/01\/2416-2-200x300.jpeg\" \/>\n<meta name=\"twitter:card\" content=\"summary_large_image\" \/>\n<script type=\"application\/ld+json\" class=\"yoast-schema-graph\">{\"@context\":\"https:\/\/schema.org\",\"@graph\":[{\"@type\":\"WebPage\",\"@id\":\"https:\/\/www.ergosom.de\/berger\/ueber-mich\/\",\"url\":\"https:\/\/www.ergosom.de\/berger\/ueber-mich\/\",\"name\":\"\u00fcber mich - Gesundheits-Praxis Sabina Berger\",\"isPartOf\":{\"@id\":\"https:\/\/www.ergosom.de\/berger\/#website\"},\"datePublished\":\"2018-01-05T15:49:18+00:00\",\"dateModified\":\"2018-01-05T16:22:44+00:00\",\"breadcrumb\":{\"@id\":\"https:\/\/www.ergosom.de\/berger\/ueber-mich\/#breadcrumb\"},\"inLanguage\":\"de\",\"potentialAction\":[{\"@type\":\"ReadAction\",\"target\":[\"https:\/\/www.ergosom.de\/berger\/ueber-mich\/\"]}]},{\"@type\":\"BreadcrumbList\",\"@id\":\"https:\/\/www.ergosom.de\/berger\/ueber-mich\/#breadcrumb\",\"itemListElement\":[{\"@type\":\"ListItem\",\"position\":1,\"name\":\"Startseite\",\"item\":\"https:\/\/www.ergosom.de\/berger\/\"},{\"@type\":\"ListItem\",\"position\":2,\"name\":\"\u00fcber mich\"}]},{\"@type\":\"WebSite\",\"@id\":\"https:\/\/www.ergosom.de\/berger\/#website\",\"url\":\"https:\/\/www.ergosom.de\/berger\/\",\"name\":\"Gesundheits-Praxis Sabina Berger\",\"description\":\"Ganzheitlich gesund in Hemer\",\"publisher\":{\"@id\":\"https:\/\/www.ergosom.de\/berger\/#organization\"},\"potentialAction\":[{\"@type\":\"SearchAction\",\"target\":{\"@type\":\"EntryPoint\",\"urlTemplate\":\"https:\/\/www.ergosom.de\/berger\/?s={search_term_string}\"},\"query-input\":\"required name=search_term_string\"}],\"inLanguage\":\"de\"},{\"@type\":\"Organization\",\"@id\":\"https:\/\/www.ergosom.de\/berger\/#organization\",\"name\":\"Gesundheits-Praxis Sabina Berger\",\"url\":\"https:\/\/www.ergosom.de\/berger\/\",\"logo\":{\"@type\":\"ImageObject\",\"inLanguage\":\"de\",\"@id\":\"https:\/\/www.ergosom.de\/berger\/#\/schema\/logo\/image\/\",\"url\":\"https:\/\/www.ergosom.de\/berger\/wp-content\/uploads\/sites\/6\/2017\/01\/logo-ergosoma.jpg\",\"contentUrl\":\"https:\/\/www.ergosom.de\/berger\/wp-content\/uploads\/sites\/6\/2017\/01\/logo-ergosoma.jpg\",\"width\":270,\"height\":170,\"caption\":\"Gesundheits-Praxis Sabina Berger\"},\"image\":{\"@id\":\"https:\/\/www.ergosom.de\/berger\/#\/schema\/logo\/image\/\"}}]}<\/script>\n<!-- \/ Yoast SEO plugin. -->","yoast_head_json":{"title":"\u00fcber mich - Gesundheits-Praxis Sabina Berger","robots":{"index":"index","follow":"follow","max-snippet":"max-snippet:-1","max-image-preview":"max-image-preview:large","max-video-preview":"max-video-preview:-1"},"canonical":"https:\/\/www.ergosom.de\/berger\/ueber-mich\/","og_locale":"de_DE","og_type":"article","og_title":"\u00fcber mich - Gesundheits-Praxis Sabina Berger","og_description":"Sabina Berger, Jahrgang 1961, verheiratet, 3 erwachsene Kinder Nach dem Lehramtsstudium Heilpraktikerausbildung. Seit 1993 selbstst\u00e4ndig in eigener Praxis t\u00e4tig. Arbeitsmethoden: Klassische Hom\u00f6opathie, Psychotherapie, Craniosacrale Osteopathie, Systemisches Familienstellen, Ergosoma-Energiearbeit nach R.V. Tajon Ausbildung in craniosacraler Osteopathie bei Torsten Liem in Hamburg&hellip;","og_url":"https:\/\/www.ergosom.de\/berger\/ueber-mich\/","og_site_name":"Gesundheits-Praxis Sabina Berger","article_modified_time":"2018-01-05T16:22:44+00:00","og_image":[{"url":"http:\/\/www.ergosom.de\/berger\/wp-content\/uploads\/sites\/6\/2017\/01\/2416-2-200x300.jpeg"}],"twitter_card":"summary_large_image","schema":{"@context":"https:\/\/schema.org","@graph":[{"@type":"WebPage","@id":"https:\/\/www.ergosom.de\/berger\/ueber-mich\/","url":"https:\/\/www.ergosom.de\/berger\/ueber-mich\/","name":"\u00fcber mich - Gesundheits-Praxis Sabina Berger","isPartOf":{"@id":"https:\/\/www.ergosom.de\/berger\/#website"},"datePublished":"2018-01-05T15:49:18+00:00","dateModified":"2018-01-05T16:22:44+00:00","breadcrumb":{"@id":"https:\/\/www.ergosom.de\/berger\/ueber-mich\/#breadcrumb"},"inLanguage":"de","potentialAction":[{"@type":"ReadAction","target":["https:\/\/www.ergosom.de\/berger\/ueber-mich\/"]}]},{"@type":"BreadcrumbList","@id":"https:\/\/www.ergosom.de\/berger\/ueber-mich\/#breadcrumb","itemListElement":[{"@type":"ListItem","position":1,"name":"Startseite","item":"https:\/\/www.ergosom.de\/berger\/"},{"@type":"ListItem","position":2,"name":"\u00fcber mich"}]},{"@type":"WebSite","@id":"https:\/\/www.ergosom.de\/berger\/#website","url":"https:\/\/www.ergosom.de\/berger\/","name":"Gesundheits-Praxis Sabina Berger","description":"Ganzheitlich gesund in Hemer","publisher":{"@id":"https:\/\/www.ergosom.de\/berger\/#organization"},"potentialAction":[{"@type":"SearchAction","target":{"@type":"EntryPoint","urlTemplate":"https:\/\/www.ergosom.de\/berger\/?s={search_term_string}"},"query-input":"required name=search_term_string"}],"inLanguage":"de"},{"@type":"Organization","@id":"https:\/\/www.ergosom.de\/berger\/#organization","name":"Gesundheits-Praxis Sabina Berger","url":"https:\/\/www.ergosom.de\/berger\/","logo":{"@type":"ImageObject","inLanguage":"de","@id":"https:\/\/www.ergosom.de\/berger\/#\/schema\/logo\/image\/","url":"https:\/\/www.ergosom.de\/berger\/wp-content\/uploads\/sites\/6\/2017\/01\/logo-ergosoma.jpg","contentUrl":"https:\/\/www.ergosom.de\/berger\/wp-content\/uploads\/sites\/6\/2017\/01\/logo-ergosoma.jpg","width":270,"height":170,"caption":"Gesundheits-Praxis Sabina Berger"},"image":{"@id":"https:\/\/www.ergosom.de\/berger\/#\/schema\/logo\/image\/"}}]}},"_links":{"self":[{"href":"https:\/\/www.ergosom.de\/berger\/wp-json\/wp\/v2\/pages\/82"}],"collection":[{"href":"https:\/\/www.ergosom.de\/berger\/wp-json\/wp\/v2\/pages"}],"about":[{"href":"https:\/\/www.ergosom.de\/berger\/wp-json\/wp\/v2\/types\/page"}],"author":[{"embeddable":true,"href":"https:\/\/www.ergosom.de\/berger\/wp-json\/wp\/v2\/users\/2"}],"replies":[{"embeddable":true,"href":"https:\/\/www.ergosom.de\/berger\/wp-json\/wp\/v2\/comments?post=82"}],"version-history":[{"count":2,"href":"https:\/\/www.ergosom.de\/berger\/wp-json\/wp\/v2\/pages\/82\/revisions"}],"predecessor-version":[{"id":92,"href":"https:\/\/www.ergosom.de\/berger\/wp-json\/wp\/v2\/pages\/82\/revisions\/92"}],"wp:attachment":[{"href":"https:\/\/www.ergosom.de\/berger\/wp-json\/wp\/v2\/media?parent=82"}],"curies":[{"name":"wp","href":"https:\/\/api.w.org\/{rel}","templated":true}]}}