{"id":4,"date":"2017-01-21T05:23:59","date_gmt":"2017-01-21T04:23:59","guid":{"rendered":"http:\/\/www.ergosom.de\/berger\/?page_id=4"},"modified":"2018-01-05T17:23:36","modified_gmt":"2018-01-05T16:23:36","slug":"praxis-berger","status":"publish","type":"page","link":"https:\/\/www.ergosom.de\/berger\/","title":{"rendered":"Praxis Berger"},"content":{"rendered":"<p style=\"text-align: justify;\">Systemische Familienaufstellungen nach Bert Hellinger habe ich 1997 kennengelernt. Durch die Wirkung\u00a0 eigener Aufstellungen tief beeindruckt\u00a0 und ber\u00fchrt habe ich damals begonnen mich intensiv dem Studium der Familienaufstellungen zu widmen. \u00dcber mehrere Jahre besuchte ich Seminare und Kongresse mit verschiedenen Aufstellern, u.a. bei Bert Hellinger,\u00a0 Sneh Viktoria Schnabel (Freiburg), Wolfgang K\u00f6nighaus (deutsch-niederl\u00e4ndische Ausbildungsgruppen), G\u00fcnther Breuer, Dan van Kampenhout.<br \/>\nIn meiner Praxis habe ich die Methode zun\u00e4chst in Einzelarbeit\u00a0 erfolgreich einflie\u00dfen lassen. 2003 begann ich eigene Aufstellungsabende in meiner Praxis anzubieten. Diese finden seitdem regelm\u00e4\u00dfig alle 2 Wochen\u00a0 mit jeweils 15 &#8211; 20 Teilnehmern statt. Etwa 2\/3 der Teilnehmer stammen aus meinem Patientenkreis. Dies erm\u00f6glicht mir eine gute Beobachtung der Wirkung und es besteht die M\u00f6glichkeit der Nachsorge.<\/p>\n<p style=\"text-align: left;\">Ergosoma-Behandlungen nehmen mittlerweile den gr\u00f6\u00dften Stellenwert in meiner Praxisarbeit ein.<\/p>\n<p style=\"text-align: left;\">(siehe <a href=\"http:\/\/www.ergosom.de\/berger\/wp-content\/uploads\/sites\/6\/2017\/01\/Erfahrungsbericht.pdf\">Erfahrungsbericht)<\/a><\/p>\n<p style=\"text-align: left;\">(siehe <a href=\"http:\/\/www.ergosom.de\/berger\/wp-content\/uploads\/sites\/6\/2017\/02\/Traumaerl\u00f6sung-mit-der-Ergosoma.pdf\">Traumaerl\u00f6sung<\/a>)<\/p>\n<p style=\"text-align: right;\"><span style=\"font-size: xx-small;\">Header-Photo licensed by <a href=\"http:\/\/quaknet.de\">http:\/\/quaknet.de<\/a><\/span><\/p>\n","protected":false},"excerpt":{"rendered":"<p>Systemische Familienaufstellungen nach Bert Hellinger habe ich 1997 kennengelernt. Durch die Wirkung\u00a0 eigener Aufstellungen tief beeindruckt\u00a0 und ber\u00fchrt habe ich damals begonnen mich intensiv dem Studium der Familienaufstellungen zu widmen. \u00dcber mehrere Jahre besuchte ich Seminare und Kongresse mit verschiedenen&hellip;<\/p>\n","protected":false},"author":2,"featured_media":0,"parent":0,"menu_order":1,"comment_status":"closed","ping_status":"closed","template":"","meta":{"ngg_post_thumbnail":0},"yoast_head":"<!-- This site is optimized with the Yoast SEO plugin v20.6 - https:\/\/yoast.com\/wordpress\/plugins\/seo\/ -->\n<title>Praxis Berger - Gesundheits-Praxis Sabina Berger<\/title>\n<meta name=\"robots\" content=\"index, follow, max-snippet:-1, max-image-preview:large, max-video-preview:-1\" \/>\n<link rel=\"canonical\" href=\"https:\/\/www.ergosom.de\/berger\/\" \/>\n<meta property=\"og:locale\" content=\"de_DE\" \/>\n<meta property=\"og:type\" content=\"article\" \/>\n<meta property=\"og:title\" content=\"Praxis Berger - Gesundheits-Praxis Sabina Berger\" \/>\n<meta property=\"og:description\" content=\"Systemische Familienaufstellungen nach Bert Hellinger habe ich 1997 kennengelernt. Durch die Wirkung\u00a0 eigener Aufstellungen tief beeindruckt\u00a0 und ber\u00fchrt habe ich damals begonnen mich intensiv dem Studium der Familienaufstellungen zu widmen. \u00dcber mehrere Jahre besuchte ich Seminare und Kongresse mit verschiedenen&hellip;\" \/>\n<meta property=\"og:url\" content=\"https:\/\/www.ergosom.de\/berger\/\" \/>\n<meta property=\"og:site_name\" content=\"Gesundheits-Praxis Sabina Berger\" \/>\n<meta property=\"article:modified_time\" content=\"2018-01-05T16:23:36+00:00\" \/>\n<meta name=\"twitter:card\" content=\"summary_large_image\" \/>\n<meta name=\"twitter:label1\" content=\"Gesch\u00e4tzte Lesezeit\" \/>\n\t<meta name=\"twitter:data1\" content=\"1\u00a0Minute\" \/>\n<script type=\"application\/ld+json\" class=\"yoast-schema-graph\">{\"@context\":\"https:\/\/schema.org\",\"@graph\":[{\"@type\":\"WebPage\",\"@id\":\"https:\/\/www.ergosom.de\/berger\/\",\"url\":\"https:\/\/www.ergosom.de\/berger\/\",\"name\":\"Praxis Berger - Gesundheits-Praxis Sabina Berger\",\"isPartOf\":{\"@id\":\"https:\/\/www.ergosom.de\/berger\/#website\"},\"datePublished\":\"2017-01-21T04:23:59+00:00\",\"dateModified\":\"2018-01-05T16:23:36+00:00\",\"breadcrumb\":{\"@id\":\"https:\/\/www.ergosom.de\/berger\/#breadcrumb\"},\"inLanguage\":\"de\",\"potentialAction\":[{\"@type\":\"ReadAction\",\"target\":[\"https:\/\/www.ergosom.de\/berger\/\"]}]},{\"@type\":\"BreadcrumbList\",\"@id\":\"https:\/\/www.ergosom.de\/berger\/#breadcrumb\",\"itemListElement\":[{\"@type\":\"ListItem\",\"position\":1,\"name\":\"Startseite\",\"item\":\"https:\/\/www.ergosom.de\/berger\/\"},{\"@type\":\"ListItem\",\"position\":2,\"name\":\"Praxis Berger\"}]},{\"@type\":\"WebSite\",\"@id\":\"https:\/\/www.ergosom.de\/berger\/#website\",\"url\":\"https:\/\/www.ergosom.de\/berger\/\",\"name\":\"Gesundheits-Praxis Sabina Berger\",\"description\":\"Ganzheitlich gesund in Hemer\",\"publisher\":{\"@id\":\"https:\/\/www.ergosom.de\/berger\/#organization\"},\"potentialAction\":[{\"@type\":\"SearchAction\",\"target\":{\"@type\":\"EntryPoint\",\"urlTemplate\":\"https:\/\/www.ergosom.de\/berger\/?s={search_term_string}\"},\"query-input\":\"required name=search_term_string\"}],\"inLanguage\":\"de\"},{\"@type\":\"Organization\",\"@id\":\"https:\/\/www.ergosom.de\/berger\/#organization\",\"name\":\"Gesundheits-Praxis Sabina Berger\",\"url\":\"https:\/\/www.ergosom.de\/berger\/\",\"logo\":{\"@type\":\"ImageObject\",\"inLanguage\":\"de\",\"@id\":\"https:\/\/www.ergosom.de\/berger\/#\/schema\/logo\/image\/\",\"url\":\"https:\/\/www.ergosom.de\/berger\/wp-content\/uploads\/sites\/6\/2017\/01\/logo-ergosoma.jpg\",\"contentUrl\":\"https:\/\/www.ergosom.de\/berger\/wp-content\/uploads\/sites\/6\/2017\/01\/logo-ergosoma.jpg\",\"width\":270,\"height\":170,\"caption\":\"Gesundheits-Praxis Sabina Berger\"},\"image\":{\"@id\":\"https:\/\/www.ergosom.de\/berger\/#\/schema\/logo\/image\/\"}}]}<\/script>\n<!-- \/ Yoast SEO plugin. -->","yoast_head_json":{"title":"Praxis Berger - Gesundheits-Praxis Sabina Berger","robots":{"index":"index","follow":"follow","max-snippet":"max-snippet:-1","max-image-preview":"max-image-preview:large","max-video-preview":"max-video-preview:-1"},"canonical":"https:\/\/www.ergosom.de\/berger\/","og_locale":"de_DE","og_type":"article","og_title":"Praxis Berger - Gesundheits-Praxis Sabina Berger","og_description":"Systemische Familienaufstellungen nach Bert Hellinger habe ich 1997 kennengelernt. Durch die Wirkung\u00a0 eigener Aufstellungen tief beeindruckt\u00a0 und ber\u00fchrt habe ich damals begonnen mich intensiv dem Studium der Familienaufstellungen zu widmen. \u00dcber mehrere Jahre besuchte ich Seminare und Kongresse mit verschiedenen&hellip;","og_url":"https:\/\/www.ergosom.de\/berger\/","og_site_name":"Gesundheits-Praxis Sabina Berger","article_modified_time":"2018-01-05T16:23:36+00:00","twitter_card":"summary_large_image","twitter_misc":{"Gesch\u00e4tzte Lesezeit":"1\u00a0Minute"},"schema":{"@context":"https:\/\/schema.org","@graph":[{"@type":"WebPage","@id":"https:\/\/www.ergosom.de\/berger\/","url":"https:\/\/www.ergosom.de\/berger\/","name":"Praxis Berger - Gesundheits-Praxis Sabina Berger","isPartOf":{"@id":"https:\/\/www.ergosom.de\/berger\/#website"},"datePublished":"2017-01-21T04:23:59+00:00","dateModified":"2018-01-05T16:23:36+00:00","breadcrumb":{"@id":"https:\/\/www.ergosom.de\/berger\/#breadcrumb"},"inLanguage":"de","potentialAction":[{"@type":"ReadAction","target":["https:\/\/www.ergosom.de\/berger\/"]}]},{"@type":"BreadcrumbList","@id":"https:\/\/www.ergosom.de\/berger\/#breadcrumb","itemListElement":[{"@type":"ListItem","position":1,"name":"Startseite","item":"https:\/\/www.ergosom.de\/berger\/"},{"@type":"ListItem","position":2,"name":"Praxis Berger"}]},{"@type":"WebSite","@id":"https:\/\/www.ergosom.de\/berger\/#website","url":"https:\/\/www.ergosom.de\/berger\/","name":"Gesundheits-Praxis Sabina Berger","description":"Ganzheitlich gesund in Hemer","publisher":{"@id":"https:\/\/www.ergosom.de\/berger\/#organization"},"potentialAction":[{"@type":"SearchAction","target":{"@type":"EntryPoint","urlTemplate":"https:\/\/www.ergosom.de\/berger\/?s={search_term_string}"},"query-input":"required name=search_term_string"}],"inLanguage":"de"},{"@type":"Organization","@id":"https:\/\/www.ergosom.de\/berger\/#organization","name":"Gesundheits-Praxis Sabina Berger","url":"https:\/\/www.ergosom.de\/berger\/","logo":{"@type":"ImageObject","inLanguage":"de","@id":"https:\/\/www.ergosom.de\/berger\/#\/schema\/logo\/image\/","url":"https:\/\/www.ergosom.de\/berger\/wp-content\/uploads\/sites\/6\/2017\/01\/logo-ergosoma.jpg","contentUrl":"https:\/\/www.ergosom.de\/berger\/wp-content\/uploads\/sites\/6\/2017\/01\/logo-ergosoma.jpg","width":270,"height":170,"caption":"Gesundheits-Praxis Sabina Berger"},"image":{"@id":"https:\/\/www.ergosom.de\/berger\/#\/schema\/logo\/image\/"}}]}},"_links":{"self":[{"href":"https:\/\/www.ergosom.de\/berger\/wp-json\/wp\/v2\/pages\/4"}],"collection":[{"href":"https:\/\/www.ergosom.de\/berger\/wp-json\/wp\/v2\/pages"}],"about":[{"href":"https:\/\/www.ergosom.de\/berger\/wp-json\/wp\/v2\/types\/page"}],"author":[{"embeddable":true,"href":"https:\/\/www.ergosom.de\/berger\/wp-json\/wp\/v2\/users\/2"}],"replies":[{"embeddable":true,"href":"https:\/\/www.ergosom.de\/berger\/wp-json\/wp\/v2\/comments?post=4"}],"version-history":[{"count":14,"href":"https:\/\/www.ergosom.de\/berger\/wp-json\/wp\/v2\/pages\/4\/revisions"}],"predecessor-version":[{"id":84,"href":"https:\/\/www.ergosom.de\/berger\/wp-json\/wp\/v2\/pages\/4\/revisions\/84"}],"wp:attachment":[{"href":"https:\/\/www.ergosom.de\/berger\/wp-json\/wp\/v2\/media?parent=4"}],"curies":[{"name":"wp","href":"https:\/\/api.w.org\/{rel}","templated":true}]}}